{"id":33964,"date":"2025-02-20T23:33:53","date_gmt":"2025-02-20T22:33:53","guid":{"rendered":"http:\/\/olemosaic.com\/producto\/mug-de-ceramica-patio-madrid-blanco-95-cm\/"},"modified":"2025-07-25T18:58:02","modified_gmt":"2025-07-25T16:58:02","slug":"caneca-de-ceramica-patio-madrid-branco-9-5-cm","status":"publish","type":"product","link":"https:\/\/olemosaic.com\/pt-pt\/produto\/caneca-de-ceramica-patio-madrid-branco-9-5-cm\/","title":{"rendered":"Caneca de cer\u00e2mica. P\u00e1tio. Madrid. Branco. 9,5 cm."},"content":{"rendered":"<p>Esta caneca de cer\u00e2mica, decorada com um encantador p\u00e1tio madrileno, \u00e9 a representa\u00e7\u00e3o perfeita do esp\u00edrito vibrante da capital espanhola. Com uma altura de 9,5 cm, este requintado objeto de cer\u00e2mica branca destaca-se pelo seu design pintado \u00e0 m\u00e3o, que evoca a ess\u00eancia de vida nas ruas de Madrid. A imagem apresenta uma bela janela gradeada, adornada com vasos coloridos de ger\u00e2nios vermelhos e plantas verdes, que conferem um toque alegre e acolhedor. Al\u00e9m disso, um candeeiro cl\u00e1ssico complementa a cena, evocando o calor de uma tarde madrilena.<\/p>\n<p>O interior da caneca resplandece numa atraente cor vermelha, criando um contraste apelativo com o exterior decorado, o que a torna um objeto tanto funcional como decorativo. Este design n\u00e3o s\u00f3 celebra os elementos caracter\u00edsticos da arquitetura madrilena, como tamb\u00e9m reflete a rica tradi\u00e7\u00e3o cultural da cidade, tornando esta caneca uma recorda\u00e7\u00e3o ideal para os turistas que procuram uma lembran\u00e7a aut\u00eantica e representativa de Madrid. Na Ol\u00e9 Mosaic, especializamo-nos na distribui\u00e7\u00e3o de recorda\u00e7\u00f5es de qualidade por grosso, e esta caneca \u00e9 uma excelente op\u00e7\u00e3o para lojas de presentes tur\u00edsticos. O seu apelo visual e a sua liga\u00e7\u00e3o cultural tornam-na um item essencial para quem quer levar um pedacinho de Madrid para casa. Esta caneca de cer\u00e2mica \u00e9 mais do que um objeto de uso di\u00e1rio; \u00e9 um testemunho da rica heran\u00e7a de Madrid e uma op\u00e7\u00e3o perfeita para aqueles que procuram recorda\u00e7\u00f5es aut\u00eanticas.<\/p>\n","protected":false},"excerpt":{"rendered":"<p>Caneca de cer\u00e2mica decorada com um encantador p\u00e1tio madrileno, ideal para desfrutar das suas bebidas favoritas. Com um design vibrante que inclui uma janela gradeada adornada com vasos de ger\u00e2nios vermelhos, plantas verdes e um candeeiro, esta caneca de 9,5 cm real\u00e7a as cores quentes de Madrid. O interior \u00e9 de uma atraente cor vermelha, que complementa o design artesanal, pintado \u00e0 m\u00e3o, evocando a ess\u00eancia da vida na capital espanhola.<\/p>\n","protected":false},"featured_media":7964,"template":"","meta":{"_acf_changed":false},"product_brand":[],"product_cat":[726],"product_tag":[515],"class_list":{"0":"post-33964","1":"product","2":"type-product","3":"status-publish","4":"has-post-thumbnail","6":"product_cat-mugs","7":"product_tag-ceramica","8":"pa_ciudad-madrid","9":"pa_motivo-patios","10":"pa_pais-espana","12":"first","13":"instock","14":"shipping-taxable","15":"product-type-simple"},"acf":[],"_links":{"self":[{"href":"https:\/\/olemosaic.com\/pt-pt\/wp-json\/wp\/v2\/product\/33964","targetHints":{"allow":["GET"]}}],"collection":[{"href":"https:\/\/olemosaic.com\/pt-pt\/wp-json\/wp\/v2\/product"}],"about":[{"href":"https:\/\/olemosaic.com\/pt-pt\/wp-json\/wp\/v2\/types\/product"}],"wp:featuredmedia":[{"embeddable":true,"href":"https:\/\/olemosaic.com\/pt-pt\/wp-json\/wp\/v2\/media\/7964"}],"wp:attachment":[{"href":"https:\/\/olemosaic.com\/pt-pt\/wp-json\/wp\/v2\/media?parent=33964"}],"wp:term":[{"taxonomy":"product_brand","embeddable":true,"href":"https:\/\/olemosaic.com\/pt-pt\/wp-json\/wp\/v2\/product_brand?post=33964"},{"taxonomy":"product_cat","embeddable":true,"href":"https:\/\/olemosaic.com\/pt-pt\/wp-json\/wp\/v2\/product_cat?post=33964"},{"taxonomy":"product_tag","embeddable":true,"href":"https:\/\/olemosaic.com\/pt-pt\/wp-json\/wp\/v2\/product_tag?post=33964"}],"curies":[{"name":"wp","href":"https:\/\/api.w.org\/{rel}","templated":true}]}}