{"id":33963,"date":"2025-02-20T23:33:53","date_gmt":"2025-02-20T22:33:53","guid":{"rendered":"http:\/\/olemosaic.com\/producto\/mug-de-ceramica-santiago-blanco-95-cm\/"},"modified":"2025-07-25T18:49:26","modified_gmt":"2025-07-25T16:49:26","slug":"caneca-de-ceramica-santiago-branco-9-5-cm","status":"publish","type":"product","link":"https:\/\/olemosaic.com\/pt-pt\/produto\/caneca-de-ceramica-santiago-branco-9-5-cm\/","title":{"rendered":"Caneca de cer\u00e2mica. Santiago. Branco. 9,5 cm."},"content":{"rendered":"<p>Esta caneca de cer\u00e2mica, decorada com motivos do Caminho de Santiago, \u00e9 uma recorda\u00e7\u00e3o vibrante e aut\u00eantica que captura a ess\u00eancia desta hist\u00f3rica rota de peregrina\u00e7\u00e3o. Com um fundo branco que real\u00e7a os seus detalhes coloridos, mede 9,5 cm de altura e apresenta um design alegre e chamativo, ideal para quem procura uma recorda\u00e7\u00e3o de Santiago de Compostela. Na sua superf\u00edcie, encontrar\u00e1 ilustra\u00e7\u00f5es de um peregrino com a sua indument\u00e1ria tradicional, uma mochila repleta de provis\u00f5es e as caracter\u00edsticas setas amarelas que assinalam o caminho que milhares de pessoas percorreram em busca de reflex\u00e3o e espiritualidade.<\/p>\n<p>Cada elemento do design evoca a rica tradi\u00e7\u00e3o do Caminho, fazendo com que cada gole da sua bebida favorita o transporte para a magia das terras galegas. A cer\u00e2mica de alta qualidade garante a sua durabilidade, tornando esta caneca uma pe\u00e7a funcional e decorativa ao mesmo tempo. Esta recorda\u00e7\u00e3o n\u00e3o s\u00f3 \u00e9 perfeita para recordar a sua pr\u00f3pria aventura, como tamb\u00e9m \u00e9 uma excelente op\u00e7\u00e3o para os turistas que desejem levar um peda\u00e7o da cultura do Caminho. Na Ol\u00e9 Mosaic, distribu\u00edmos recorda\u00e7\u00f5es de cer\u00e2mica aut\u00eanticas, como esta caneca, ideal para lojas de presentes tur\u00edsticos que procuram oferecer pe\u00e7as \u00fanicas e significativas. Aposte na nossa sele\u00e7\u00e3o de canecas como uma op\u00e7\u00e3o cativante para embelezar qualquer prateleira e reviver a experi\u00eancia do Caminho de Santiago.<\/p>\n","protected":false},"excerpt":{"rendered":"<p>Caneca de cer\u00e2mica decorada com motivos do Caminho de Santiago, sobre um fundo branco com detalhes vibrantes. O seu design inclui ilustra\u00e7\u00f5es de um peregrino, uma mochila e setas que indicam a dire\u00e7\u00e3o do caminho, tudo num estilo alegre e colorido. Mede 9,5 cm de altura e \u00e9 ideal para desfrutar das suas bebidas favoritas enquanto recorda a rica tradi\u00e7\u00e3o do caminho. Perfeito como recorda\u00e7\u00e3o de Santiago de Compostela e para os amantes da aventura.<\/p>\n","protected":false},"featured_media":9923,"template":"","meta":{"_acf_changed":false},"product_brand":[],"product_cat":[726],"product_tag":[515],"class_list":{"0":"post-33963","1":"product","2":"type-product","3":"status-publish","4":"has-post-thumbnail","6":"product_cat-mugs","7":"product_tag-ceramica","8":"pa_ciudad-santiago","9":"pa_pais-espana","11":"first","12":"instock","13":"shipping-taxable","14":"product-type-simple"},"acf":[],"_links":{"self":[{"href":"https:\/\/olemosaic.com\/pt-pt\/wp-json\/wp\/v2\/product\/33963","targetHints":{"allow":["GET"]}}],"collection":[{"href":"https:\/\/olemosaic.com\/pt-pt\/wp-json\/wp\/v2\/product"}],"about":[{"href":"https:\/\/olemosaic.com\/pt-pt\/wp-json\/wp\/v2\/types\/product"}],"wp:featuredmedia":[{"embeddable":true,"href":"https:\/\/olemosaic.com\/pt-pt\/wp-json\/wp\/v2\/media\/9923"}],"wp:attachment":[{"href":"https:\/\/olemosaic.com\/pt-pt\/wp-json\/wp\/v2\/media?parent=33963"}],"wp:term":[{"taxonomy":"product_brand","embeddable":true,"href":"https:\/\/olemosaic.com\/pt-pt\/wp-json\/wp\/v2\/product_brand?post=33963"},{"taxonomy":"product_cat","embeddable":true,"href":"https:\/\/olemosaic.com\/pt-pt\/wp-json\/wp\/v2\/product_cat?post=33963"},{"taxonomy":"product_tag","embeddable":true,"href":"https:\/\/olemosaic.com\/pt-pt\/wp-json\/wp\/v2\/product_tag?post=33963"}],"curies":[{"name":"wp","href":"https:\/\/api.w.org\/{rel}","templated":true}]}}