{"id":33962,"date":"2025-02-20T23:33:53","date_gmt":"2025-02-20T22:33:53","guid":{"rendered":"http:\/\/olemosaic.com\/producto\/mug-de-ceramica-meninas-blanco-95-cm\/"},"modified":"2025-07-25T20:31:13","modified_gmt":"2025-07-25T18:31:13","slug":"caneca-de-ceramica-meninas-branco-9-5-cm","status":"publish","type":"product","link":"https:\/\/olemosaic.com\/pt-pt\/produto\/caneca-de-ceramica-meninas-branco-9-5-cm\/","title":{"rendered":"Caneca de cer\u00e2mica. Meninas. Branco. 9,5 cm."},"content":{"rendered":"<p>Esta caneca de cer\u00e2mica, decorada com as emblem\u00e1ticas figuras de As Meninas, \u00e9 uma aut\u00eantica homenagem \u00e0 arte espanhola, especialmente \u00e0 obra-prima de Diego Vel\u00e1zquez. Com um di\u00e2metro de 9,5 cm, este artigo singular transforma o cl\u00e1ssico retrato numa representa\u00e7\u00e3o colorida que se destaca pelo seu estilo vibrante e alegre. A superf\u00edcie da caneca est\u00e1 adornada com um design fascinante de mosaico, onde os tons azuis e verdes se combinam harmoniosamente sobre um fundo branco, real\u00e7ando a beleza de As Meninas que nela habitam.<\/p>\n<p>O interior, numa cor laranja intensa, acrescenta um toque de frescura e modernidade, tornando-a um objeto n\u00e3o s\u00f3 \u00fatil, mas tamb\u00e9m esteticamente atraente. Esta caneca \u00e9 perfeita para os amantes da arte que procuram uma recorda\u00e7\u00e3o aut\u00eantica e representativa da cultura espanhola. O seu design n\u00e3o s\u00f3 \u00e9 visualmente impactante, como tamb\u00e9m captura a ess\u00eancia do folclore e das tradi\u00e7\u00f5es de Espanha, sendo uma excelente op\u00e7\u00e3o entre as recorda\u00e7\u00f5es que celebram a riqueza cultural do pa\u00eds.<\/p>\n<p>Na Ol\u00e9 Mosaic, especializamo-nos na distribui\u00e7\u00e3o de recorda\u00e7\u00f5es por grosso, oferecendo produtos aut\u00eanticos que refletem a cultura espanhola. Esta caneca de As Meninas \u00e9 uma op\u00e7\u00e3o ideal para lojas de presentes tur\u00edsticos que procuram oferecer artigos de qualidade, evocando a hist\u00f3ria e a arte do patrim\u00f3nio espanhol em cada detalhe.<\/p>\n","protected":false},"excerpt":{"rendered":"<p>Caneca de cer\u00e2mica decorada com a famosa figura das Meninas, representadas com um estilo vibrante e colorido. Com um di\u00e2metro de 9,5 cm, apresenta um design de mosaico que evoca a obra cl\u00e1ssica de Vel\u00e1zquez, mostrando as Meninas em belos tons azuis e verdes sobre um fundo branco que real\u00e7a a sua beleza. O interior \u00e9 de cor laranja, acrescentando um toque alegre a este artigo de cer\u00e2mica perfeito para os amantes da arte espanhola.<\/p>\n","protected":false},"featured_media":9966,"template":"","meta":{"_acf_changed":false},"product_brand":[],"product_cat":[726],"product_tag":[515],"class_list":{"0":"post-33962","1":"product","2":"type-product","3":"status-publish","4":"has-post-thumbnail","6":"product_cat-mugs","7":"product_tag-ceramica","8":"pa_motivo-meninas","10":"first","11":"instock","12":"shipping-taxable","13":"product-type-simple"},"acf":[],"_links":{"self":[{"href":"https:\/\/olemosaic.com\/pt-pt\/wp-json\/wp\/v2\/product\/33962","targetHints":{"allow":["GET"]}}],"collection":[{"href":"https:\/\/olemosaic.com\/pt-pt\/wp-json\/wp\/v2\/product"}],"about":[{"href":"https:\/\/olemosaic.com\/pt-pt\/wp-json\/wp\/v2\/types\/product"}],"wp:featuredmedia":[{"embeddable":true,"href":"https:\/\/olemosaic.com\/pt-pt\/wp-json\/wp\/v2\/media\/9966"}],"wp:attachment":[{"href":"https:\/\/olemosaic.com\/pt-pt\/wp-json\/wp\/v2\/media?parent=33962"}],"wp:term":[{"taxonomy":"product_brand","embeddable":true,"href":"https:\/\/olemosaic.com\/pt-pt\/wp-json\/wp\/v2\/product_brand?post=33962"},{"taxonomy":"product_cat","embeddable":true,"href":"https:\/\/olemosaic.com\/pt-pt\/wp-json\/wp\/v2\/product_cat?post=33962"},{"taxonomy":"product_tag","embeddable":true,"href":"https:\/\/olemosaic.com\/pt-pt\/wp-json\/wp\/v2\/product_tag?post=33962"}],"curies":[{"name":"wp","href":"https:\/\/api.w.org\/{rel}","templated":true}]}}