{"id":33961,"date":"2025-02-20T23:33:53","date_gmt":"2025-02-20T22:33:53","guid":{"rendered":"http:\/\/olemosaic.com\/producto\/mug-de-ceramica-bailaora-granada-beige\/"},"modified":"2025-07-25T18:33:48","modified_gmt":"2025-07-25T16:33:48","slug":"caneca-de-ceramica-bailarina-granada-bege","status":"publish","type":"product","link":"https:\/\/olemosaic.com\/pt-pt\/produto\/caneca-de-ceramica-bailarina-granada-bege\/","title":{"rendered":"Caneca de cer\u00e2mica. Bailarina. Granada. Bege."},"content":{"rendered":"<p>Esta caneca de cer\u00e2mica, decorada com a imagem de duas elegantes bailarinas de flamenco, \u00e9 um s\u00edmbolo \u00fanico da rica cultura de Granada. O design, que funde tons bege e vermelho, apresenta uma bailarina com um vibrante traje vermelho e com folhos, enquanto a outra exibe um elegante vestido preto de bolinhas, real\u00e7ando assim a diversidade da dan\u00e7a flamenca. As impressionantes flores vermelhas que adornam a caneca complementam o conjunto, transmitindo a paix\u00e3o e vitalidade que caracterizam esta tradi\u00e7\u00e3o art\u00edstica.<\/p>\n<p>A palavra \u00abGranada\u00bb, real\u00e7ada com cores vibrantes, situa-se com orgulho na caneca, recordando constantemente a cidade que tem sido o epicentro da arte e da cultura flamenca. Ideal para desfrutar das suas bebidas favoritas, esta caneca n\u00e3o s\u00f3 \u00e9 pr\u00e1tica, como tamb\u00e9m evoca a ess\u00eancia das noites de flamenco nos tablaos granadinos.<\/p>\n<p>Na Ol\u00e9 Mosaic, especializamo-nos na distribui\u00e7\u00e3o de recorda\u00e7\u00f5es aut\u00eanticas, e esta pe\u00e7a de cer\u00e2mica \u00e9 um excelente exemplo das recorda\u00e7\u00f5es de Granada que capturam o seu esp\u00edrito vibrante. Esta caneca \u00e9 uma excelente op\u00e7\u00e3o para lojas de presentes tur\u00edsticos que procuram oferecer produtos que liguem os visitantes \u00e0 cultura local e que reflitam a riqueza das tradi\u00e7\u00f5es espanholas. Com as nossas canecas de cer\u00e2mica, proporcionamos aos grossistas de recorda\u00e7\u00f5es a oportunidade de apresentar arte espanhola aut\u00eantica aos seus clientes.<\/p>\n","protected":false},"excerpt":{"rendered":"<p>Caneca de cer\u00e2mica decorada com a imagem de duas elegantes bailarinas de flamenco, que representa a ess\u00eancia cultural de Granada. Este design \u00fanico, em tons bege e vermelho, inclui elementos distintivos como flores vermelhas e detalhes em preto. Uma das bailarinas usa um vestido vermelho, enquanto a outra veste um traje preto com bolinhas. A pe\u00e7a tamb\u00e9m apresenta a palavra &#8220;Granada&#8221; real\u00e7ada com cores vibrantes. Ideal para desfrutar das suas bebidas favoritas enquanto evoca a paix\u00e3o do flamenco.<\/p>\n","protected":false},"featured_media":6876,"template":"","meta":{"_acf_changed":false},"product_brand":[],"product_cat":[726],"product_tag":[515],"class_list":{"0":"post-33961","1":"product","2":"type-product","3":"status-publish","4":"has-post-thumbnail","6":"product_cat-mugs","7":"product_tag-ceramica","8":"pa_ciudad-granada","9":"pa_motivo-dancarinos","10":"pa_pais-espana","12":"first","13":"instock","14":"shipping-taxable","15":"product-type-simple"},"acf":[],"_links":{"self":[{"href":"https:\/\/olemosaic.com\/pt-pt\/wp-json\/wp\/v2\/product\/33961","targetHints":{"allow":["GET"]}}],"collection":[{"href":"https:\/\/olemosaic.com\/pt-pt\/wp-json\/wp\/v2\/product"}],"about":[{"href":"https:\/\/olemosaic.com\/pt-pt\/wp-json\/wp\/v2\/types\/product"}],"wp:featuredmedia":[{"embeddable":true,"href":"https:\/\/olemosaic.com\/pt-pt\/wp-json\/wp\/v2\/media\/6876"}],"wp:attachment":[{"href":"https:\/\/olemosaic.com\/pt-pt\/wp-json\/wp\/v2\/media?parent=33961"}],"wp:term":[{"taxonomy":"product_brand","embeddable":true,"href":"https:\/\/olemosaic.com\/pt-pt\/wp-json\/wp\/v2\/product_brand?post=33961"},{"taxonomy":"product_cat","embeddable":true,"href":"https:\/\/olemosaic.com\/pt-pt\/wp-json\/wp\/v2\/product_cat?post=33961"},{"taxonomy":"product_tag","embeddable":true,"href":"https:\/\/olemosaic.com\/pt-pt\/wp-json\/wp\/v2\/product_tag?post=33961"}],"curies":[{"name":"wp","href":"https:\/\/api.w.org\/{rel}","templated":true}]}}