{"id":33960,"date":"2025-02-20T23:33:52","date_gmt":"2025-02-20T22:33:52","guid":{"rendered":"http:\/\/olemosaic.com\/producto\/mug-de-ceramica-meninas-madrid-blanco-95-cm\/"},"modified":"2025-07-25T18:46:43","modified_gmt":"2025-07-25T16:46:43","slug":"caneca-de-ceramica-meninas-madrid-branco-9-5-cm","status":"publish","type":"product","link":"https:\/\/olemosaic.com\/pt-pt\/produto\/caneca-de-ceramica-meninas-madrid-branco-9-5-cm\/","title":{"rendered":"Caneca de cer\u00e2mica. Meninas. Madrid. Branco. 9,5 cm."},"content":{"rendered":"<p>Esta caneca de cer\u00e2mica, decorada com a emblem\u00e1tica figura das Meninas, \u00e9 uma homenagem \u00e0 ess\u00eancia de Madrid. Com uma altura de 9,5 cm, este produto funcional destaca-se tanto pelo seu tamanho ideal como pelo seu design vibrante, que funde arte e tradi\u00e7\u00e3o. A ilustra\u00e7\u00e3o apresenta uma Menina loira, vestida com um traje colorido, num fundo composto por formas geom\u00e9tricas que evocam o reconhecido mosaico madrileno, criando um apelo visual cativante. As cores vivas e o estilo alegre da cer\u00e2mica conferem um toque de modernidade e cultura, transformando cada gole numa celebra\u00e7\u00e3o da heran\u00e7a art\u00edstica da cidade.<\/p>\n<p>Esta caneca, com o seu fundo branco e detalhes em diversos tons, reflete o esp\u00edrito festivo e cultural de Madrid, aludindo \u00e0s obras-primas de Diego Vel\u00e1zquez que se encontram no Museu do Prado. \u00c9 uma excelente recorda\u00e7\u00e3o de Madrid, perfeita para desfrutar das suas bebidas favoritas e para recordar momentos especiais vividos na capital espanhola. Na Ol\u00e9 Mosaic, como distribuidores de recorda\u00e7\u00f5es por grosso, oferecemos produtos aut\u00eanticos que capturam a ess\u00eancia das tradi\u00e7\u00f5es locais, sendo esta caneca uma op\u00e7\u00e3o ideal para lojas de presentes tur\u00edsticos que procuram oferecer aos seus clientes recorda\u00e7\u00f5es significativas de Madrid.<\/p>\n","protected":false},"excerpt":{"rendered":"<p>Caneca de cer\u00e2mica decorada com a ic\u00f3nica figura das Meninas, que representa a ess\u00eancia de Madrid. Este design atraente apresenta cores vivas e formas geom\u00e9tricas que evocam o famoso mosaico. Na frente, uma Menina de cabelo loiro e vestido colorido \u00e9 acompanhada por outros elementos art\u00edsticos. Com uma altura de 9,5 cm, \u00e9 um produto funcional que combina arte e tradi\u00e7\u00e3o, ideal para desfrutar das suas bebidas favoritas.<\/p>\n","protected":false},"featured_media":9965,"template":"","meta":{"_acf_changed":false},"product_brand":[],"product_cat":[726],"product_tag":[515],"class_list":{"0":"post-33960","1":"product","2":"type-product","3":"status-publish","4":"has-post-thumbnail","6":"product_cat-mugs","7":"product_tag-ceramica","8":"pa_ciudad-madrid","9":"pa_motivo-meninas","10":"pa_pais-espana","12":"first","13":"instock","14":"shipping-taxable","15":"product-type-simple"},"acf":[],"_links":{"self":[{"href":"https:\/\/olemosaic.com\/pt-pt\/wp-json\/wp\/v2\/product\/33960","targetHints":{"allow":["GET"]}}],"collection":[{"href":"https:\/\/olemosaic.com\/pt-pt\/wp-json\/wp\/v2\/product"}],"about":[{"href":"https:\/\/olemosaic.com\/pt-pt\/wp-json\/wp\/v2\/types\/product"}],"wp:featuredmedia":[{"embeddable":true,"href":"https:\/\/olemosaic.com\/pt-pt\/wp-json\/wp\/v2\/media\/9965"}],"wp:attachment":[{"href":"https:\/\/olemosaic.com\/pt-pt\/wp-json\/wp\/v2\/media?parent=33960"}],"wp:term":[{"taxonomy":"product_brand","embeddable":true,"href":"https:\/\/olemosaic.com\/pt-pt\/wp-json\/wp\/v2\/product_brand?post=33960"},{"taxonomy":"product_cat","embeddable":true,"href":"https:\/\/olemosaic.com\/pt-pt\/wp-json\/wp\/v2\/product_cat?post=33960"},{"taxonomy":"product_tag","embeddable":true,"href":"https:\/\/olemosaic.com\/pt-pt\/wp-json\/wp\/v2\/product_tag?post=33960"}],"curies":[{"name":"wp","href":"https:\/\/api.w.org\/{rel}","templated":true}]}}