{"id":33953,"date":"2025-02-20T23:33:52","date_gmt":"2025-02-20T22:33:52","guid":{"rendered":"http:\/\/olemosaic.com\/producto\/mug-de-ceramica-salamandra-mallorca-beige\/"},"modified":"2025-07-25T19:57:00","modified_gmt":"2025-07-25T17:57:00","slug":"caneca-de-ceramica-salamandra-maiorca-bege-pt-pt","status":"publish","type":"product","link":"https:\/\/olemosaic.com\/pt-pt\/produto\/caneca-de-ceramica-salamandra-maiorca-bege-pt-pt\/","title":{"rendered":"Caneca de cer\u00e2mica. Salamandra. Maiorca. Bege."},"content":{"rendered":"<p>Esta caneca de cer\u00e2mica, decorada com salamandras coloridas, \u00e9 uma recorda\u00e7\u00e3o vibrante e alegre que captura a ess\u00eancia de Maiorca. O seu design art\u00edstico mostra um mosaico de salamandras, que representam a fauna t\u00edpica da ilha. Estas criaturas, conhecidas pela sua beleza e diversidade, s\u00e3o acompanhadas por flores encantadoras, que acrescentam um toque de frescura e vitalidade ao objeto. A caneca apresenta um tom bege elegante na parte superior, que contrasta maravilhosamente com o vermelho quente do interior e da asa, real\u00e7ando a est\u00e9tica geral e transformando cada ch\u00e1vena de caf\u00e9 ou ch\u00e1 numa experi\u00eancia visualmente atraente.<\/p>\n<p>A palavra &#8220;MALLORCA&#8221; est\u00e1 impressa de forma art\u00edstica, tornando esta caneca uma recorda\u00e7\u00e3o \u00fanica que evoca o carinho pela ilha balear. Este produto n\u00e3o \u00e9 apenas funcional, mas tamb\u00e9m representativo, ecoando a rica natureza de Maiorca e a sua cultura colorida. Ideal para turistas que procuram uma recorda\u00e7\u00e3o aut\u00eantica e original, esta caneca \u00e9 uma op\u00e7\u00e3o perfeita para quem deseja levar um peda\u00e7o de Maiorca para casa.<\/p>\n<p>Na Ol\u00e9 Mosaic, especializamo-nos na distribui\u00e7\u00e3o de recorda\u00e7\u00f5es de cer\u00e2mica por grosso, oferecendo produtos que refletem a ess\u00eancia cultural de cada regi\u00e3o. Como grossistas de recorda\u00e7\u00f5es, garantimos qualidade e autenticidade em cada pe\u00e7a, tornando esta caneca uma excelente escolha para lojas de presentes tur\u00edsticos que procuram produtos aut\u00eanticos e representativos.<\/p>\n","protected":false},"excerpt":{"rendered":"<p>Caneca de cer\u00e2mica decorada com salamandras coloridas, que representam a fauna de Maiorca. Este design atraente inclui detalhes de mosaico e flores, proporcionando um toque vibrante e alegre. A parte superior \u00e9 de um tom bege elegante, enquanto o interior e a asa s\u00e3o de um vermelho quente, real\u00e7ando a est\u00e9tica geral. A palavra &#8220;MALLORCA&#8221; est\u00e1 impressa de forma art\u00edstica, tornando-a uma recorda\u00e7\u00e3o \u00fanica da ilha. Ideal para desfrutar das suas bebidas favoritas.<\/p>\n","protected":false},"featured_media":6726,"template":"","meta":{"_acf_changed":false},"product_brand":[],"product_cat":[726],"product_tag":[516,515],"class_list":{"0":"post-33953","1":"product","2":"type-product","3":"status-publish","4":"has-post-thumbnail","6":"product_cat-mugs","7":"product_tag-animais","8":"product_tag-ceramica","9":"pa_ciudad-mallorca","10":"pa_motivo-salamandras","11":"pa_pais-espana","13":"first","14":"instock","15":"shipping-taxable","16":"product-type-simple"},"acf":[],"_links":{"self":[{"href":"https:\/\/olemosaic.com\/pt-pt\/wp-json\/wp\/v2\/product\/33953","targetHints":{"allow":["GET"]}}],"collection":[{"href":"https:\/\/olemosaic.com\/pt-pt\/wp-json\/wp\/v2\/product"}],"about":[{"href":"https:\/\/olemosaic.com\/pt-pt\/wp-json\/wp\/v2\/types\/product"}],"wp:featuredmedia":[{"embeddable":true,"href":"https:\/\/olemosaic.com\/pt-pt\/wp-json\/wp\/v2\/media\/6726"}],"wp:attachment":[{"href":"https:\/\/olemosaic.com\/pt-pt\/wp-json\/wp\/v2\/media?parent=33953"}],"wp:term":[{"taxonomy":"product_brand","embeddable":true,"href":"https:\/\/olemosaic.com\/pt-pt\/wp-json\/wp\/v2\/product_brand?post=33953"},{"taxonomy":"product_cat","embeddable":true,"href":"https:\/\/olemosaic.com\/pt-pt\/wp-json\/wp\/v2\/product_cat?post=33953"},{"taxonomy":"product_tag","embeddable":true,"href":"https:\/\/olemosaic.com\/pt-pt\/wp-json\/wp\/v2\/product_tag?post=33953"}],"curies":[{"name":"wp","href":"https:\/\/api.w.org\/{rel}","templated":true}]}}