{"id":33952,"date":"2025-02-20T23:33:52","date_gmt":"2025-02-20T22:33:52","guid":{"rendered":"http:\/\/olemosaic.com\/producto\/mug-de-ceramica-gato-beige-2\/"},"modified":"2025-07-25T18:48:02","modified_gmt":"2025-07-25T16:48:02","slug":"caneca-de-ceramica-gato-mosaico-bege","status":"publish","type":"product","link":"https:\/\/olemosaic.com\/pt-pt\/produto\/caneca-de-ceramica-gato-mosaico-bege\/","title":{"rendered":"Caneca de cer\u00e2mica. Gato. Mosaico. Bege."},"content":{"rendered":"<p>Esta caneca de cer\u00e2mica decorada \u00e9 uma pe\u00e7a \u00fanica que funde arte e funcionalidade, ideal para quem procura recorda\u00e7\u00f5es coloridas e representativas do sul da Europa. Com um design atraente em mosaico, a caneca apresenta um gato estilizado em tons vibrantes de azul, vermelho, verde e amarelo, rodeado de delicadas borboletas que evocam a fauna t\u00edpica da regi\u00e3o. O seu acabamento exterior lustroso contrasta com o interior bege, o que lhe confere um ar sofisticado e moderno.<\/p>\n<p>A cer\u00e2mica utilizada garante durabilidade, enquanto a sua forma ergon\u00f3mica facilita um manuseamento confort\u00e1vel, tornando-a um objeto decorativo e o companheiro perfeito para as bebidas di\u00e1rias, desde caf\u00e9 a infus\u00f5es. Al\u00e9m disso, a caneca inclui uma colher de cer\u00e2mica a condizer, acrescentando um toque especial \u00e0 experi\u00eancia. Esta caneca \u00e9 mais do que uma simples recorda\u00e7\u00e3o; \u00e9 uma representa\u00e7\u00e3o aut\u00eantica da arte e da cultura da regi\u00e3o, ideal para turistas que desejem levar um pouco do encanto espanhol ou portugu\u00eas. Na Ol\u00e9 Mosaic, orgulhamo-nos de oferecer produtos por grosso que capturam a ess\u00eancia cultural de cada destino, tornando esta caneca um presente perfeito para lojas de recorda\u00e7\u00f5es que procuram qualidade e originalidade.<\/p>\n","protected":false},"excerpt":{"rendered":"<p>Caneca de cer\u00e2mica decorada com um design colorido de gato em estilo mosaico, perfeita para adicionar um toque art\u00edstico \u00e0s suas bebidas. Esta pe\u00e7a \u00fanica, com tonalidades azuis, vermelhas, verdes e amarelas, representa um gato estilizado rodeado de borboletas, evocando a fauna t\u00edpica do sul da Europa. Com um acabamento brilhante, o seu interior bege contrasta com a vibrante decora\u00e7\u00e3o exterior, tornando-a uma recorda\u00e7\u00e3o pr\u00e1tica e atraente. Inclui uma colher de cer\u00e2mica a condizer.<\/p>\n","protected":false},"featured_media":10386,"template":"","meta":{"_acf_changed":false},"product_brand":[],"product_cat":[726],"product_tag":[516,515],"class_list":{"0":"post-33952","1":"product","2":"type-product","3":"status-publish","4":"has-post-thumbnail","6":"product_cat-mugs","7":"product_tag-animais","8":"product_tag-ceramica","9":"pa_motivo-gatos","11":"first","12":"instock","13":"shipping-taxable","14":"product-type-simple"},"acf":[],"_links":{"self":[{"href":"https:\/\/olemosaic.com\/pt-pt\/wp-json\/wp\/v2\/product\/33952","targetHints":{"allow":["GET"]}}],"collection":[{"href":"https:\/\/olemosaic.com\/pt-pt\/wp-json\/wp\/v2\/product"}],"about":[{"href":"https:\/\/olemosaic.com\/pt-pt\/wp-json\/wp\/v2\/types\/product"}],"wp:featuredmedia":[{"embeddable":true,"href":"https:\/\/olemosaic.com\/pt-pt\/wp-json\/wp\/v2\/media\/10386"}],"wp:attachment":[{"href":"https:\/\/olemosaic.com\/pt-pt\/wp-json\/wp\/v2\/media?parent=33952"}],"wp:term":[{"taxonomy":"product_brand","embeddable":true,"href":"https:\/\/olemosaic.com\/pt-pt\/wp-json\/wp\/v2\/product_brand?post=33952"},{"taxonomy":"product_cat","embeddable":true,"href":"https:\/\/olemosaic.com\/pt-pt\/wp-json\/wp\/v2\/product_cat?post=33952"},{"taxonomy":"product_tag","embeddable":true,"href":"https:\/\/olemosaic.com\/pt-pt\/wp-json\/wp\/v2\/product_tag?post=33952"}],"curies":[{"name":"wp","href":"https:\/\/api.w.org\/{rel}","templated":true}]}}