{"id":33951,"date":"2025-02-20T23:33:52","date_gmt":"2025-02-20T22:33:52","guid":{"rendered":"http:\/\/olemosaic.com\/producto\/mug-de-ceramica-la-alhambra-granada-beige\/"},"modified":"2025-07-25T18:55:37","modified_gmt":"2025-07-25T16:55:37","slug":"caneca-de-ceramica-alhambra-granada-bege","status":"publish","type":"product","link":"https:\/\/olemosaic.com\/pt-pt\/produto\/caneca-de-ceramica-alhambra-granada-bege\/","title":{"rendered":"Caneca de cer\u00e2mica. Alhambra. Granada. Bege."},"content":{"rendered":"<p>Esta caneca de cer\u00e2mica decorada \u00e9 uma impressionante homenagem \u00e0 majestosa Alhambra, o emblem\u00e1tico monumento de Granada, e \u00e9 uma recorda\u00e7\u00e3o ideal para quem quer levar consigo um peda\u00e7o desta cidade m\u00e1gica. O seu design contempor\u00e2neo apresenta um fundo bege que real\u00e7a a riqueza das cores vivas em tons de verde, azul e laranja, uma brilhante representa\u00e7\u00e3o dos jardins e da magn\u00edfica arquitetura do pal\u00e1cio. Na parte superior, uma borda vermelha vibrante capta a aten\u00e7\u00e3o, enquanto a palavra &#8220;Granada&#8221; se destaca com uma tipografia cuidada, enfatizando a sua liga\u00e7\u00e3o com a cultura local.<\/p>\n<p>Esta elegante caneca n\u00e3o s\u00f3 \u00e9 perfeita para desfrutar de uma ch\u00e1vena de caf\u00e9 ou ch\u00e1 quente, como tamb\u00e9m inclui uma colher de cer\u00e2mica a condizer, que complementa o seu estilo e funcionalidade. Cada gole da sua bebida favorita ir\u00e1 recordar-lhe a hist\u00f3ria e a beleza da Alhambra, um lugar que tem sido fonte de inspira\u00e7\u00e3o e admira\u00e7\u00e3o ao longo dos s\u00e9culos.<\/p>\n<p>Como distribuidor de recorda\u00e7\u00f5es por grosso, a Ol\u00e9 Mosaic apresenta esta caneca de cer\u00e2mica como uma pe\u00e7a aut\u00eantica representativa de Granada, ideal para lojas de presentes tur\u00edsticos que procuram oferecer artigos com significado cultural. Esta caneca n\u00e3o \u00e9 apenas um objeto, mas uma recorda\u00e7\u00e3o tang\u00edvel de uma das cidades mais emblem\u00e1ticas de Espanha e uma excelente op\u00e7\u00e3o para quem deseja levar consigo uma parte do seu legado.<\/p>\n","protected":false},"excerpt":{"rendered":"<p>Caneca de cer\u00e2mica decorada com um design colorido da Alhambra, o emblem\u00e1tico monumento de Granada. Este elegante copo de forma contempor\u00e2nea destaca-se pelo seu fundo bege e detalhes em tons de verde, azul e laranja, que representam os jardins e a arquitetura do pal\u00e1cio. A parte superior apresenta uma borda vermelha vibrante e a palavra &#8220;Granada&#8221; sobressai numa tipografia elegante. Inclui uma colher de cer\u00e2mica que complementa o seu estilo, ideal para desfrutar de bebidas quentes e como recorda\u00e7\u00e3o desta cidade m\u00e1gica.<\/p>\n","protected":false},"featured_media":7010,"template":"","meta":{"_acf_changed":false},"product_brand":[],"product_cat":[726],"product_tag":[515],"class_list":{"0":"post-33951","1":"product","2":"type-product","3":"status-publish","4":"has-post-thumbnail","6":"product_cat-mugs","7":"product_tag-ceramica","8":"pa_ciudad-granada","9":"pa_motivo-a-alhambra","10":"pa_pais-espana","12":"first","13":"instock","14":"shipping-taxable","15":"product-type-simple"},"acf":[],"_links":{"self":[{"href":"https:\/\/olemosaic.com\/pt-pt\/wp-json\/wp\/v2\/product\/33951","targetHints":{"allow":["GET"]}}],"collection":[{"href":"https:\/\/olemosaic.com\/pt-pt\/wp-json\/wp\/v2\/product"}],"about":[{"href":"https:\/\/olemosaic.com\/pt-pt\/wp-json\/wp\/v2\/types\/product"}],"wp:featuredmedia":[{"embeddable":true,"href":"https:\/\/olemosaic.com\/pt-pt\/wp-json\/wp\/v2\/media\/7010"}],"wp:attachment":[{"href":"https:\/\/olemosaic.com\/pt-pt\/wp-json\/wp\/v2\/media?parent=33951"}],"wp:term":[{"taxonomy":"product_brand","embeddable":true,"href":"https:\/\/olemosaic.com\/pt-pt\/wp-json\/wp\/v2\/product_brand?post=33951"},{"taxonomy":"product_cat","embeddable":true,"href":"https:\/\/olemosaic.com\/pt-pt\/wp-json\/wp\/v2\/product_cat?post=33951"},{"taxonomy":"product_tag","embeddable":true,"href":"https:\/\/olemosaic.com\/pt-pt\/wp-json\/wp\/v2\/product_tag?post=33951"}],"curies":[{"name":"wp","href":"https:\/\/api.w.org\/{rel}","templated":true}]}}