{"id":33938,"date":"2025-02-20T23:33:51","date_gmt":"2025-02-20T22:33:51","guid":{"rendered":"http:\/\/olemosaic.com\/producto\/mug-de-ceramica-salamandra-fuerteventura-beige\/"},"modified":"2025-07-25T20:26:55","modified_gmt":"2025-07-25T18:26:55","slug":"caneca-de-ceramica-salamandra-fuerteventura-bege","status":"publish","type":"product","link":"https:\/\/olemosaic.com\/pt-pt\/produto\/caneca-de-ceramica-salamandra-fuerteventura-bege\/","title":{"rendered":"Caneca de cer\u00e2mica. Salamandra. Fuerteventura. Bege."},"content":{"rendered":"<p>Esta caneca de cer\u00e2mica, decorada com motivos de salamandras e flores, \u00e9 uma encantadora representa\u00e7\u00e3o da biodiversidade natural de Fuerteventura. O seu design destaca-se por um fundo bege brilhante que confere calor e eleg\u00e2ncia a qualquer mesa. Adornada com ilustra\u00e7\u00f5es coloridas de salamandras em tons vibrantes de azul, verde e terracota, cada pe\u00e7a \u00e9 uma homenagem \u00e0 fauna end\u00e9mica desta bela ilha can\u00e1ria. As delicadas flores verdes que a acompanham adicionam um toque fresco e natural, real\u00e7ando o seu apelo est\u00e9tico.<\/p>\n<p>A pe\u00e7a, elaborada de forma artesanal, inclui uma colher a condizer dispon\u00edvel em diferentes cores conforme o modelo, o que a torna n\u00e3o s\u00f3 um objeto de uso di\u00e1rio, mas tamb\u00e9m um excelente souvenir para colecionadores. A caneca \u00e9 ideal para desfrutar de uma reconfortante bebida quente enquanto se evoca a magia de Fuerteventura, fazendo de cada gole uma experi\u00eancia memor\u00e1vel e cheia de liga\u00e7\u00e3o cultural.<\/p>\n<p>Na Ol\u00e9 Mosaic, orgulhamo-nos de oferecer souvenirs aut\u00eanticos que refletem a ess\u00eancia das regi\u00f5es que representam. Esta caneca \u00e9 uma op\u00e7\u00e3o perfeita para lojas de presentes tur\u00edsticos que procuram produtos \u00fanicos, capazes de captar a aten\u00e7\u00e3o dos visitantes e real\u00e7ar a riqueza natural de Fuerteventura. Como grossista de cer\u00e2mica, garantimos a qualidade e o design excecional em cada pe\u00e7a.<\/p>\n","protected":false},"excerpt":{"rendered":"<p>Caneca de cer\u00e2mica decorada com salamandras e flores, inspirada na diversidade natural de Fuerteventura. Esta atraente caneca apresenta um fundo bege brilhante, adornado com ilustra\u00e7\u00f5es coloridas de salamandras em tons de azul, verde e terracota, juntamente com delicadas flores verdes. A pe\u00e7a, desenhada \u00e0 m\u00e3o, inclui uma colher a condizer em diferentes cores conforme o modelo, e \u00e9 ideal tanto para o uso di\u00e1rio como para colecionadores de souvenirs.<\/p>\n","protected":false},"featured_media":6988,"template":"","meta":{"_acf_changed":false},"product_brand":[],"product_cat":[726],"product_tag":[516,515],"class_list":{"0":"post-33938","1":"product","2":"type-product","3":"status-publish","4":"has-post-thumbnail","6":"product_cat-mugs","7":"product_tag-animais","8":"product_tag-ceramica","9":"pa_ciudad-fuerteventura","10":"pa_motivo-salamandras","11":"pa_pais-espana","13":"first","14":"instock","15":"shipping-taxable","16":"product-type-simple"},"acf":[],"_links":{"self":[{"href":"https:\/\/olemosaic.com\/pt-pt\/wp-json\/wp\/v2\/product\/33938","targetHints":{"allow":["GET"]}}],"collection":[{"href":"https:\/\/olemosaic.com\/pt-pt\/wp-json\/wp\/v2\/product"}],"about":[{"href":"https:\/\/olemosaic.com\/pt-pt\/wp-json\/wp\/v2\/types\/product"}],"wp:featuredmedia":[{"embeddable":true,"href":"https:\/\/olemosaic.com\/pt-pt\/wp-json\/wp\/v2\/media\/6988"}],"wp:attachment":[{"href":"https:\/\/olemosaic.com\/pt-pt\/wp-json\/wp\/v2\/media?parent=33938"}],"wp:term":[{"taxonomy":"product_brand","embeddable":true,"href":"https:\/\/olemosaic.com\/pt-pt\/wp-json\/wp\/v2\/product_brand?post=33938"},{"taxonomy":"product_cat","embeddable":true,"href":"https:\/\/olemosaic.com\/pt-pt\/wp-json\/wp\/v2\/product_cat?post=33938"},{"taxonomy":"product_tag","embeddable":true,"href":"https:\/\/olemosaic.com\/pt-pt\/wp-json\/wp\/v2\/product_tag?post=33938"}],"curies":[{"name":"wp","href":"https:\/\/api.w.org\/{rel}","templated":true}]}}