{"id":33936,"date":"2025-02-20T23:33:51","date_gmt":"2025-02-20T22:33:51","guid":{"rendered":"http:\/\/olemosaic.com\/producto\/mug-de-ceramica-ronda-azul-95-cm\/"},"modified":"2025-07-25T18:57:19","modified_gmt":"2025-07-25T16:57:19","slug":"caneca-de-ceramica-ronda-azul-9-5-cm","status":"publish","type":"product","link":"https:\/\/olemosaic.com\/pt-pt\/produto\/caneca-de-ceramica-ronda-azul-9-5-cm\/","title":{"rendered":"Caneca de cer\u00e2mica. Ronda. Azul. 9,5 cm."},"content":{"rendered":"<p>Esta caneca de cer\u00e2mica de Ronda \u00e9 o presente perfeito para quem deseja levar um peda\u00e7o desta majestosa cidade andaluza. Com uma altura de 9,5 cm, a caneca apresenta um design vibrante que captura a ess\u00eancia da impressionante paisagem de Ronda, famosa pelas suas fal\u00e9sias e vistas espetaculares. A estrutura da caneca \u00e9 adornada com um mosaico colorido que ilustra os edif\u00edcios tradicionais com telhados vermelhos, destacando a arquitetura t\u00edpica da regi\u00e3o. O fundo azul proporciona uma sensa\u00e7\u00e3o de c\u00e9u limpo, evocando o calor do clima andaluz.<\/p>\n<p>A ilustra\u00e7\u00e3o da caneca reflete a ic\u00f3nica panor\u00e2mica de Ronda, prestando uma homenagem visual \u00e0 Ponte Nova e aos seus precip\u00edcios abruptos que dividem a cidade. Cada gole da sua bebida favorita recordar\u00e1 a beleza deste destino tur\u00edstico, tornando-se um aut\u00eantico souvenir de Ronda que real\u00e7a a cultura andaluza.<\/p>\n<p>Na Ol\u00e9 Mosaic somos distribuidores de souvenirs de cer\u00e2mica que celebram a riqueza do patrim\u00f3nio espanhol. Esta caneca n\u00e3o s\u00f3 \u00e9 ideal para colecionadores, como tamb\u00e9m uma excelente op\u00e7\u00e3o para lojas de presentes tur\u00edsticos que procuram oferecer produtos aut\u00eanticos que encarnem a ess\u00eancia de Ronda. Com esta caneca de cer\u00e2mica, levar\u00e1 nas m\u00e3os uma representa\u00e7\u00e3o art\u00edstica de um lugar onde a hist\u00f3ria, a cultura e a beleza natural se entrela\u00e7am.<\/p>\n","protected":false},"excerpt":{"rendered":"<p>Caneca de cer\u00e2mica de 9,5 cm, decorada com um design vibrante da paisagem de Ronda. Esta caneca colorida apresenta uma ilustra\u00e7\u00e3o que evoca a famosa panor\u00e2mica da cidade, com detalhes num estilo de mosaico. O fundo azul real\u00e7a os edif\u00edcios t\u00edpicos, com os seus telhados vermelhos, e a impressionante paisagem de fal\u00e9sias. Ideal para os amantes da cer\u00e2mica andaluza e uma recorda\u00e7\u00e3o perfeita desta encantadora cidade.<\/p>\n","protected":false},"featured_media":10730,"template":"","meta":{"_acf_changed":false},"product_brand":[],"product_cat":[726],"product_tag":[515],"class_list":{"0":"post-33936","1":"product","2":"type-product","3":"status-publish","4":"has-post-thumbnail","6":"product_cat-mugs","7":"product_tag-ceramica","8":"pa_ciudad-ronda","9":"pa_pais-espana","11":"first","12":"instock","13":"shipping-taxable","14":"product-type-simple"},"acf":[],"_links":{"self":[{"href":"https:\/\/olemosaic.com\/pt-pt\/wp-json\/wp\/v2\/product\/33936","targetHints":{"allow":["GET"]}}],"collection":[{"href":"https:\/\/olemosaic.com\/pt-pt\/wp-json\/wp\/v2\/product"}],"about":[{"href":"https:\/\/olemosaic.com\/pt-pt\/wp-json\/wp\/v2\/types\/product"}],"wp:featuredmedia":[{"embeddable":true,"href":"https:\/\/olemosaic.com\/pt-pt\/wp-json\/wp\/v2\/media\/10730"}],"wp:attachment":[{"href":"https:\/\/olemosaic.com\/pt-pt\/wp-json\/wp\/v2\/media?parent=33936"}],"wp:term":[{"taxonomy":"product_brand","embeddable":true,"href":"https:\/\/olemosaic.com\/pt-pt\/wp-json\/wp\/v2\/product_brand?post=33936"},{"taxonomy":"product_cat","embeddable":true,"href":"https:\/\/olemosaic.com\/pt-pt\/wp-json\/wp\/v2\/product_cat?post=33936"},{"taxonomy":"product_tag","embeddable":true,"href":"https:\/\/olemosaic.com\/pt-pt\/wp-json\/wp\/v2\/product_tag?post=33936"}],"curies":[{"name":"wp","href":"https:\/\/api.w.org\/{rel}","templated":true}]}}