{"id":33935,"date":"2025-02-20T23:33:51","date_gmt":"2025-02-20T22:33:51","guid":{"rendered":"http:\/\/olemosaic.com\/producto\/mug-de-ceramica-panoramica-madrid-beige\/"},"modified":"2025-07-25T20:15:51","modified_gmt":"2025-07-25T18:15:51","slug":"caneca-de-ceramica-panoramica-madrid-bege-pt-pt","status":"publish","type":"product","link":"https:\/\/olemosaic.com\/pt-pt\/produto\/caneca-de-ceramica-panoramica-madrid-bege-pt-pt\/","title":{"rendered":"Caneca de cer\u00e2mica. Panor\u00e2mica. Madrid. Bege."},"content":{"rendered":"<p>Esta caneca de cer\u00e2mica com design panor\u00e2mico \u00e9 uma homenagem \u00e0 emblem\u00e1tica Porta de Alcal\u00e1, um dos s\u00edmbolos mais representativos de Madrid. Com um acabamento atraente em cor bege, a caneca destaca-se pela sua ilustra\u00e7\u00e3o vibrante que integra m\u00faltiplos elementos culturais da cidade, real\u00e7ando o esplendor e a hist\u00f3ria inerentes a este monumento ic\u00f3nico. A ilustra\u00e7\u00e3o apresenta uma gama de cores vivas que capturam a ess\u00eancia vibrante de Madrid, combinando tonalidades vermelhas, amarelas e azuis, o que proporciona uma experi\u00eancia visual din\u00e2mica que encantar\u00e1 qualquer amante da capital espanhola. Al\u00e9m disso, a caneca \u00e9 adornada com um rebordo vermelho que lhe confere um toque distintivo e elegante, ideal para desfrutar das suas bebidas favoritas enquanto celebra o encanto madrileno.<\/p>\n<p>A caneca tamb\u00e9m inclui uma colher a condizer, criando uma apresenta\u00e7\u00e3o coerente e pr\u00e1tica. Este produto n\u00e3o s\u00f3 \u00e9 um excelente acess\u00f3rio para a sua casa, como tamb\u00e9m atua como um aut\u00eantico souvenir de Madrid, perfeito para os turistas que procuram levar um peda\u00e7o da cidade. Na Ol\u00e9 Mosaic, somos distribuidores de souvenirs por grosso, e esta caneca representa uma maravilhosa op\u00e7\u00e3o para lojas de presentes tur\u00edsticos, destacando-se pela sua qualidade, design atraente e representa\u00e7\u00e3o cultural. Esta caneca de cer\u00e2mica da Porta de Alcal\u00e1 tornar-se-\u00e1 uma favorita entre quem procura recorda\u00e7\u00f5es aut\u00eanticas que encapsulem a rica heran\u00e7a de Madrid.<\/p>\n","protected":false},"excerpt":{"rendered":"<p>Caneca de cer\u00e2mica com design panor\u00e2mico inspirado na emblem\u00e1tica Porta de Alcal\u00e1 de Madrid. Esta atraente caneca bege apresenta uma ilustra\u00e7\u00e3o colorida com detalhes vibrantes que integram elementos culturais representativos da cidade. Com um acabamento brilhante, forma elegante e um rebordo vermelho, o produto inclui tamb\u00e9m uma colher a condizer. Ideal para desfrutar das suas bebidas favoritas enquanto celebra o encanto madrileno.<\/p>\n","protected":false},"featured_media":7006,"template":"","meta":{"_acf_changed":false},"product_brand":[],"product_cat":[726],"product_tag":[515],"class_list":{"0":"post-33935","1":"product","2":"type-product","3":"status-publish","4":"has-post-thumbnail","6":"product_cat-mugs","7":"product_tag-ceramica","8":"pa_ciudad-madrid","9":"pa_motivo-panoramas","10":"pa_pais-espana","12":"first","13":"instock","14":"shipping-taxable","15":"product-type-simple"},"acf":[],"_links":{"self":[{"href":"https:\/\/olemosaic.com\/pt-pt\/wp-json\/wp\/v2\/product\/33935","targetHints":{"allow":["GET"]}}],"collection":[{"href":"https:\/\/olemosaic.com\/pt-pt\/wp-json\/wp\/v2\/product"}],"about":[{"href":"https:\/\/olemosaic.com\/pt-pt\/wp-json\/wp\/v2\/types\/product"}],"wp:featuredmedia":[{"embeddable":true,"href":"https:\/\/olemosaic.com\/pt-pt\/wp-json\/wp\/v2\/media\/7006"}],"wp:attachment":[{"href":"https:\/\/olemosaic.com\/pt-pt\/wp-json\/wp\/v2\/media?parent=33935"}],"wp:term":[{"taxonomy":"product_brand","embeddable":true,"href":"https:\/\/olemosaic.com\/pt-pt\/wp-json\/wp\/v2\/product_brand?post=33935"},{"taxonomy":"product_cat","embeddable":true,"href":"https:\/\/olemosaic.com\/pt-pt\/wp-json\/wp\/v2\/product_cat?post=33935"},{"taxonomy":"product_tag","embeddable":true,"href":"https:\/\/olemosaic.com\/pt-pt\/wp-json\/wp\/v2\/product_tag?post=33935"}],"curies":[{"name":"wp","href":"https:\/\/api.w.org\/{rel}","templated":true}]}}