{"id":33929,"date":"2025-02-20T23:33:51","date_gmt":"2025-02-20T22:33:51","guid":{"rendered":"http:\/\/olemosaic.com\/producto\/mug-de-ceramica-gato-barcelona-beige\/"},"modified":"2025-07-25T20:26:49","modified_gmt":"2025-07-25T18:26:49","slug":"caneca-de-ceramica-gato-barcelona-bege","status":"publish","type":"product","link":"https:\/\/olemosaic.com\/pt-pt\/produto\/caneca-de-ceramica-gato-barcelona-bege\/","title":{"rendered":"Caneca de cer\u00e2mica. Gato. Barcelona. Bege."},"content":{"rendered":"<p>Esta caneca de cer\u00e2mica, com o seu design colorido, capta a ess\u00eancia vibrante de Barcelona, tornando-se uma aut\u00eantica recorda\u00e7\u00e3o que qualquer visitante gostaria de levar desta ic\u00f3nica cidade. Apresenta um encantador gato desenhado com mosaicos de cores brilhantes, que real\u00e7am a rica heran\u00e7a art\u00edstica de Barcelona, inspirada na obra do famoso arquiteto Antoni Gaud\u00ed. O fundo bege da caneca permite que os tons vivos dos mosaicos do gato e das borboletas voadoras se destaquem com esplendor, criando uma pe\u00e7a \u00fanica que atrai a aten\u00e7\u00e3o.<\/p>\n<p>A caneca conta com uma elegante colher a condizer, de cor vermelha, que complementa o design do recipiente e confere funcionalidade a esta atraente recorda\u00e7\u00e3o. Com detalhes meticulosamente pintados \u00e0 m\u00e3o, cada caneca \u00e9 uma representa\u00e7\u00e3o aut\u00eantica da cultura catal\u00e3, refletindo o seu amor pela arte e pela natureza. Este produto n\u00e3o s\u00f3 cumpre a fun\u00e7\u00e3o de caneca, como tamb\u00e9m atua como uma recorda\u00e7\u00e3o significativa da experi\u00eancia vivida em Barcelona.<\/p>\n<p>Na Ol\u00e9 Mosaic, especializamo-nos na distribui\u00e7\u00e3o de recorda\u00e7\u00f5es por grosso, e esta caneca \u00e9 uma op\u00e7\u00e3o excecional para lojas de presentes tur\u00edsticos que procuram artigos que celebrem a ess\u00eancia art\u00edstica de Barcelona. Com a sua autenticidade e apelo visual, esta caneca de cer\u00e2mica n\u00e3o s\u00f3 \u00e9 uma excelente escolha para os amantes da arte, mas tamb\u00e9m para aqueles que desejam levar um peda\u00e7o da vibrante vida catal\u00e3 para casa.<\/p>\n","protected":false},"excerpt":{"rendered":"<p>Caneca de cer\u00e2mica de design colorido, inspirada na vibrante vida de Barcelona. Este original recipiente apresenta um encantador gato constru\u00eddo com mosaicos de cores, com borboletas a esvoa\u00e7ar ao seu redor. Com um acabamento em bege e detalhes em vermelho, a caneca inclui tamb\u00e9m uma colher a condizer, perfeita para desfrutar das suas bebidas favoritas. Uma recorda\u00e7\u00e3o original que capta a ess\u00eancia art\u00edstica da cidade condal.<\/p>\n","protected":false},"featured_media":7292,"template":"","meta":{"_acf_changed":false},"product_brand":[],"product_cat":[726],"product_tag":[516,515],"class_list":{"0":"post-33929","1":"product","2":"type-product","3":"status-publish","4":"has-post-thumbnail","6":"product_cat-mugs","7":"product_tag-animais","8":"product_tag-ceramica","9":"pa_ciudad-barcelona","10":"pa_motivo-gatos","11":"pa_pais-espana","13":"first","14":"instock","15":"shipping-taxable","16":"product-type-simple"},"acf":[],"_links":{"self":[{"href":"https:\/\/olemosaic.com\/pt-pt\/wp-json\/wp\/v2\/product\/33929","targetHints":{"allow":["GET"]}}],"collection":[{"href":"https:\/\/olemosaic.com\/pt-pt\/wp-json\/wp\/v2\/product"}],"about":[{"href":"https:\/\/olemosaic.com\/pt-pt\/wp-json\/wp\/v2\/types\/product"}],"wp:featuredmedia":[{"embeddable":true,"href":"https:\/\/olemosaic.com\/pt-pt\/wp-json\/wp\/v2\/media\/7292"}],"wp:attachment":[{"href":"https:\/\/olemosaic.com\/pt-pt\/wp-json\/wp\/v2\/media?parent=33929"}],"wp:term":[{"taxonomy":"product_brand","embeddable":true,"href":"https:\/\/olemosaic.com\/pt-pt\/wp-json\/wp\/v2\/product_brand?post=33929"},{"taxonomy":"product_cat","embeddable":true,"href":"https:\/\/olemosaic.com\/pt-pt\/wp-json\/wp\/v2\/product_cat?post=33929"},{"taxonomy":"product_tag","embeddable":true,"href":"https:\/\/olemosaic.com\/pt-pt\/wp-json\/wp\/v2\/product_tag?post=33929"}],"curies":[{"name":"wp","href":"https:\/\/api.w.org\/{rel}","templated":true}]}}