{"id":33928,"date":"2025-02-20T23:33:51","date_gmt":"2025-02-20T22:33:51","guid":{"rendered":"http:\/\/olemosaic.com\/producto\/mug-de-ceramica-malaga-azul-95-cm\/"},"modified":"2025-07-25T20:31:12","modified_gmt":"2025-07-25T18:31:12","slug":"caneca-de-ceramica-malaga-azul-9-5-cm","status":"publish","type":"product","link":"https:\/\/olemosaic.com\/pt-pt\/produto\/caneca-de-ceramica-malaga-azul-9-5-cm\/","title":{"rendered":"Caneca de cer\u00e2mica. M\u00e1laga. Azul. 9,5 cm."},"content":{"rendered":"<p>Esta caneca de cer\u00e2mica de 9,5 cm \u00e9 uma evocativa recorda\u00e7\u00e3o de M\u00e1laga, ideal para levar um pedacinho desta vibrante cidade andaluza para casa. Decorada com uma colorida ilustra\u00e7\u00e3o, capta a ess\u00eancia do emblem\u00e1tico edif\u00edcio da Pra\u00e7a de Touros, que se ergue majestoso no cora\u00e7\u00e3o da cidade. A ilustra\u00e7\u00e3o, rica em detalhes, mostra um fundo de muralhas hist\u00f3ricas que emolduram a paisagem urbana, tudo executado numa t\u00e9cnica de estilo mosaico que se destaca com tons azuis e quentes, evocando a luz do sol malaguenho.<\/p>\n<p>O interior vermelho da caneca contrasta na perfei\u00e7\u00e3o com o design exterior, conferindo um toque de calor e singularidade. Esta pe\u00e7a n\u00e3o s\u00f3 \u00e9 funcional, como tamb\u00e9m uma express\u00e3o art\u00edstica que celebra a tradi\u00e7\u00e3o cultural de M\u00e1laga, um lugar onde a arquitetura, a hist\u00f3ria e a vida quotidiana se entrela\u00e7am. Ideal para desfrutar das suas bebidas favoritas, cada gole transport\u00e1-lo-\u00e1 ao ambiente vibrante das ruas andaluzas.<\/p>\n<p>Na Ol\u00e9 Mosaic somos distribuidores de recorda\u00e7\u00f5es aut\u00eanticas de M\u00e1laga e outros produtos t\u00edpicos espanh\u00f3is. Esta caneca \u00e9 uma excelente op\u00e7\u00e3o para lojas de presentes tur\u00edsticos que procurem recorda\u00e7\u00f5es memor\u00e1veis e representativas da rica heran\u00e7a cultural andaluza. Perfeito para aqueles turistas que desejem recordar a sua visita a M\u00e1laga com um produto aut\u00eantico e cheio de hist\u00f3ria.<\/p>\n","protected":false},"excerpt":{"rendered":"<p>Caneca de cer\u00e2mica de 9,5 cm, decorada com um vibrante design que capta a ess\u00eancia de M\u00e1laga. Este recipiente apresenta uma colorida ilustra\u00e7\u00e3o do ic\u00f3nico edif\u00edcio da Pra\u00e7a de Touros, emoldurado por uma panor\u00e2mica de muralhas hist\u00f3ricas, tudo em tons azuis e quentes. O interior vermelho complementa o design exterior, que se destaca pela sua t\u00e9cnica de estilo mosaico, oferecendo um toque de cultura andaluza ao seu lar. Ideal para desfrutar das suas bebidas favoritas com um pedacinho de M\u00e1laga em cada gole.<\/p>\n","protected":false},"featured_media":10731,"template":"","meta":{"_acf_changed":false},"product_brand":[],"product_cat":[726],"product_tag":[516,515],"class_list":{"0":"post-33928","1":"product","2":"type-product","3":"status-publish","4":"has-post-thumbnail","6":"product_cat-mugs","7":"product_tag-animais","8":"product_tag-ceramica","9":"pa_ciudad-malaga","10":"pa_pais-espana","12":"first","13":"instock","14":"shipping-taxable","15":"product-type-simple"},"acf":[],"_links":{"self":[{"href":"https:\/\/olemosaic.com\/pt-pt\/wp-json\/wp\/v2\/product\/33928","targetHints":{"allow":["GET"]}}],"collection":[{"href":"https:\/\/olemosaic.com\/pt-pt\/wp-json\/wp\/v2\/product"}],"about":[{"href":"https:\/\/olemosaic.com\/pt-pt\/wp-json\/wp\/v2\/types\/product"}],"wp:featuredmedia":[{"embeddable":true,"href":"https:\/\/olemosaic.com\/pt-pt\/wp-json\/wp\/v2\/media\/10731"}],"wp:attachment":[{"href":"https:\/\/olemosaic.com\/pt-pt\/wp-json\/wp\/v2\/media?parent=33928"}],"wp:term":[{"taxonomy":"product_brand","embeddable":true,"href":"https:\/\/olemosaic.com\/pt-pt\/wp-json\/wp\/v2\/product_brand?post=33928"},{"taxonomy":"product_cat","embeddable":true,"href":"https:\/\/olemosaic.com\/pt-pt\/wp-json\/wp\/v2\/product_cat?post=33928"},{"taxonomy":"product_tag","embeddable":true,"href":"https:\/\/olemosaic.com\/pt-pt\/wp-json\/wp\/v2\/product_tag?post=33928"}],"curies":[{"name":"wp","href":"https:\/\/api.w.org\/{rel}","templated":true}]}}