{"id":33927,"date":"2025-02-20T23:33:50","date_gmt":"2025-02-20T22:33:50","guid":{"rendered":"http:\/\/olemosaic.com\/producto\/mug-de-ceramica-malaga-blanco-95-cm\/"},"modified":"2025-07-25T19:00:33","modified_gmt":"2025-07-25T17:00:33","slug":"caneca-de-ceramica-malaga-branco-9-5-cm","status":"publish","type":"product","link":"https:\/\/olemosaic.com\/pt-pt\/produto\/caneca-de-ceramica-malaga-branco-9-5-cm\/","title":{"rendered":"Caneca de cer\u00e2mica. M\u00e1laga. Branco. 9,5 cm."},"content":{"rendered":"<p>Esta caneca de cer\u00e2mica de 9,5 cm de altura \u00e9 uma vibrante homenagem \u00e0 cidade de M\u00e1laga, perfeita para quem deseja levar uma recorda\u00e7\u00e3o aut\u00eantica desta joia andaluza. Decorada com uma colorida representa\u00e7\u00e3o da emblem\u00e1tica pra\u00e7a e dos edif\u00edcios que caracterizam a cidade, esta caneca destaca-se pelo seu fundo de mosaico, que acrescenta um toque art\u00edstico e moderno. O interior resplandece com uma atraente cor vermelha, contrastando com o branco exterior e real\u00e7ando os detalhes pintados \u00e0 m\u00e3o, que captam a ess\u00eancia cultural e a riqueza hist\u00f3rica de M\u00e1laga.<\/p>\n<p>Ideal para desfrutar das suas bebidas favoritas, cada gole evocar\u00e1 o calor do clima malaguenho e a beleza do seu patrim\u00f3nio. Esta caneca n\u00e3o \u00e9 apenas uma pe\u00e7a funcional, mas um artigo que reflete o amor pela cultura local, tornando-a uma excelente recorda\u00e7\u00e3o para turistas que procuram uma lembran\u00e7a distintiva da sua visita.<\/p>\n<p>Na Ol\u00e9 Mosaic somos distribuidores de recorda\u00e7\u00f5es aut\u00eanticas, e esta caneca de M\u00e1laga \u00e9 uma op\u00e7\u00e3o perfeita para lojas de presentes tur\u00edsticos que desejam oferecer produtos \u00fanicos e representativos da tradi\u00e7\u00e3o espanhola. Com a nossa vasta gama de produtos por grosso, garantimos qualidade e autenticidade em cada pe\u00e7a, assegurando que os seus clientes levam para casa um peda\u00e7o de M\u00e1laga.<\/p>\n","protected":false},"excerpt":{"rendered":"<p>Caneca de cer\u00e2mica de 9,5 cm de altura, decorada com uma vibrante representa\u00e7\u00e3o de M\u00e1laga. Este elegante recipiente apresenta um design colorido que inclui a ic\u00f3nica pra\u00e7a e edif\u00edcios emblem\u00e1ticos da cidade, sobre um fundo de mosaico. O interior \u00e9 de uma atraente cor vermelha, real\u00e7ando os detalhes pintados \u00e0 m\u00e3o que captam a ess\u00eancia cultural de M\u00e1laga. Ideal para desfrutar das suas bebidas favoritas enquanto recorda o melhor desta bela cidade andaluza.<\/p>\n","protected":false},"featured_media":10539,"template":"","meta":{"_acf_changed":false},"product_brand":[],"product_cat":[726],"product_tag":[515],"class_list":{"0":"post-33927","1":"product","2":"type-product","3":"status-publish","4":"has-post-thumbnail","6":"product_cat-mugs","7":"product_tag-ceramica","8":"pa_ciudad-malaga","9":"pa_pais-espana","11":"first","12":"instock","13":"shipping-taxable","14":"product-type-simple"},"acf":[],"_links":{"self":[{"href":"https:\/\/olemosaic.com\/pt-pt\/wp-json\/wp\/v2\/product\/33927","targetHints":{"allow":["GET"]}}],"collection":[{"href":"https:\/\/olemosaic.com\/pt-pt\/wp-json\/wp\/v2\/product"}],"about":[{"href":"https:\/\/olemosaic.com\/pt-pt\/wp-json\/wp\/v2\/types\/product"}],"wp:featuredmedia":[{"embeddable":true,"href":"https:\/\/olemosaic.com\/pt-pt\/wp-json\/wp\/v2\/media\/10539"}],"wp:attachment":[{"href":"https:\/\/olemosaic.com\/pt-pt\/wp-json\/wp\/v2\/media?parent=33927"}],"wp:term":[{"taxonomy":"product_brand","embeddable":true,"href":"https:\/\/olemosaic.com\/pt-pt\/wp-json\/wp\/v2\/product_brand?post=33927"},{"taxonomy":"product_cat","embeddable":true,"href":"https:\/\/olemosaic.com\/pt-pt\/wp-json\/wp\/v2\/product_cat?post=33927"},{"taxonomy":"product_tag","embeddable":true,"href":"https:\/\/olemosaic.com\/pt-pt\/wp-json\/wp\/v2\/product_tag?post=33927"}],"curies":[{"name":"wp","href":"https:\/\/api.w.org\/{rel}","templated":true}]}}