{"id":33926,"date":"2025-02-20T23:33:50","date_gmt":"2025-02-20T22:33:50","guid":{"rendered":"http:\/\/olemosaic.com\/producto\/mug-de-ceramica-ronda-blanco-95-cm\/"},"modified":"2025-07-25T18:44:03","modified_gmt":"2025-07-25T16:44:03","slug":"caneca-de-ceramica-ronda-branco-9-5-cm","status":"publish","type":"product","link":"https:\/\/olemosaic.com\/pt-pt\/produto\/caneca-de-ceramica-ronda-branco-9-5-cm\/","title":{"rendered":"Caneca de cer\u00e2mica. Ronda. Branco. 9,5 cm."},"content":{"rendered":"<p>Esta caneca de cer\u00e2mica, com 9,5 cm de altura, \u00e9 uma encantadora recorda\u00e7\u00e3o de Ronda, uma das joias da Andaluzia. O seu design cativante apresenta uma colorida panor\u00e2mica da impressionante paisagem serrana que rodeia a cidade, destacando os seus emblem\u00e1ticos edif\u00edcios que se erguem sobre o imponente desfiladeiro. O fundo branco da caneca real\u00e7a as texturas naturais das rochas e o vibrante verde da vegeta\u00e7\u00e3o local, criando um contraste visual que atrai o olhar. A parte superior em azul confere um toque distintivo, evocando o c\u00e9u limpo que caracteriza esta bela localidade.<\/p>\n<p>Na parte frontal, o texto \u201cRONDA\u201d apresenta-se em letras vibrantes que complementam a cena, tornando esta caneca uma recorda\u00e7\u00e3o n\u00e3o s\u00f3 atraente, mas tamb\u00e9m funcional. A cer\u00e2mica de alta qualidade garante que esta recorda\u00e7\u00e3o seja duradoura e perfeita para o uso di\u00e1rio ou como pe\u00e7a decorativa em qualquer casa, recordando sempre a beleza de Ronda.<\/p>\n<p>Esta caneca \u00e9 mais do que um simples objeto; representa a rica hist\u00f3ria e cultura de Ronda, um destino famoso pela sua impressionante Ponte Nova e pelo seu pitoresco centro hist\u00f3rico. Na Ol\u00e9 Mosaic, especializamo-nos na distribui\u00e7\u00e3o de recorda\u00e7\u00f5es por grosso, e esta caneca de cer\u00e2mica \u00e9 uma excelente op\u00e7\u00e3o para lojas de presentes tur\u00edsticos que procuram oferecer produtos aut\u00eanticos e culturalmente significativos. Sem d\u00favida, \u00e9 uma recorda\u00e7\u00e3o ideal para aqueles que desejam levar um peda\u00e7o da beleza andaluza para casa.<\/p>\n","protected":false},"excerpt":{"rendered":"<p>Caneca de cer\u00e2mica de 9,5 cm de altura, inspirada na maravilhosa cidade de Ronda. Este design apresenta uma colorida panor\u00e2mica da paisagem serrana e os emblem\u00e1ticos edif\u00edcios da cidade, com um fundo branco que real\u00e7a as texturas das rochas e o verde da vegeta\u00e7\u00e3o. A parte superior em azul confere-lhe um toque distintivo, enquanto o texto \u201cRONDA\u201d em letras vibrantes complementa a cena, tornando-a uma recorda\u00e7\u00e3o atraente e funcional.<\/p>\n","protected":false},"featured_media":9980,"template":"","meta":{"_acf_changed":false},"product_brand":[],"product_cat":[726],"product_tag":[515],"class_list":{"0":"post-33926","1":"product","2":"type-product","3":"status-publish","4":"has-post-thumbnail","6":"product_cat-mugs","7":"product_tag-ceramica","8":"pa_ciudad-ronda","9":"pa_pais-espana","11":"first","12":"instock","13":"shipping-taxable","14":"product-type-simple"},"acf":[],"_links":{"self":[{"href":"https:\/\/olemosaic.com\/pt-pt\/wp-json\/wp\/v2\/product\/33926","targetHints":{"allow":["GET"]}}],"collection":[{"href":"https:\/\/olemosaic.com\/pt-pt\/wp-json\/wp\/v2\/product"}],"about":[{"href":"https:\/\/olemosaic.com\/pt-pt\/wp-json\/wp\/v2\/types\/product"}],"wp:featuredmedia":[{"embeddable":true,"href":"https:\/\/olemosaic.com\/pt-pt\/wp-json\/wp\/v2\/media\/9980"}],"wp:attachment":[{"href":"https:\/\/olemosaic.com\/pt-pt\/wp-json\/wp\/v2\/media?parent=33926"}],"wp:term":[{"taxonomy":"product_brand","embeddable":true,"href":"https:\/\/olemosaic.com\/pt-pt\/wp-json\/wp\/v2\/product_brand?post=33926"},{"taxonomy":"product_cat","embeddable":true,"href":"https:\/\/olemosaic.com\/pt-pt\/wp-json\/wp\/v2\/product_cat?post=33926"},{"taxonomy":"product_tag","embeddable":true,"href":"https:\/\/olemosaic.com\/pt-pt\/wp-json\/wp\/v2\/product_tag?post=33926"}],"curies":[{"name":"wp","href":"https:\/\/api.w.org\/{rel}","templated":true}]}}