{"id":33925,"date":"2025-02-20T23:33:50","date_gmt":"2025-02-20T22:33:50","guid":{"rendered":"http:\/\/olemosaic.com\/producto\/mug-de-ceramica-panoramica-segovia-beige\/"},"modified":"2025-07-25T18:56:29","modified_gmt":"2025-07-25T16:56:29","slug":"caneca-de-ceramica-panoramica-segovia-bege","status":"publish","type":"product","link":"https:\/\/olemosaic.com\/pt-pt\/produto\/caneca-de-ceramica-panoramica-segovia-bege\/","title":{"rendered":"Caneca de cer\u00e2mica. Panor\u00e2mica. Seg\u00f3via. Bege."},"content":{"rendered":"<p>Esta caneca de cer\u00e2mica com uma encantadora panor\u00e2mica de Seg\u00f3via \u00e9 a recorda\u00e7\u00e3o perfeita para os amantes desta emblem\u00e1tica cidade espanhola. O seu design, que combina tons bege e vermelho, apresenta uma representa\u00e7\u00e3o vibrante do famoso aqueduto e da majestosa catedral, ambos ilustrados com um estilo de mosaico pintado \u00e0 m\u00e3o que capta a aten\u00e7\u00e3o e real\u00e7a a sua beleza arquitet\u00f3nica. Na parte superior, a inscri\u00e7\u00e3o &#8220;SEGOVIA&#8221; real\u00e7a o car\u00e1cter \u00fanico desta pe\u00e7a e torna-a um elemento imprescind\u00edvel para qualquer cole\u00e7\u00e3o de recorda\u00e7\u00f5es. A cer\u00e2mica, de alta qualidade, garante durabilidade, enquanto o interior da caneca, de uma atraente cor vermelha, complementa o design exterior. Este produto n\u00e3o s\u00f3 \u00e9 perfeito para desfrutar das suas bebidas favoritas, como tamb\u00e9m \u00e9 uma recorda\u00e7\u00e3o tang\u00edvel da rica cultura e do patrim\u00f3nio hist\u00f3rico de Seg\u00f3via. Ideal para turistas que procuram uma recorda\u00e7\u00e3o aut\u00eantica que encapsule a ess\u00eancia desta hist\u00f3rica cidade, esta caneca tamb\u00e9m inclui uma colher a condizer, acrescentando um toque de comodidade. Na Ol\u00e9 Mosaic, distribu\u00edmos recorda\u00e7\u00f5es aut\u00eanticas, oferecendo \u00e0s lojas de presentes tur\u00edsticos uma excelente op\u00e7\u00e3o em canecas de cer\u00e2mica que destacam a beleza de Seg\u00f3via.<\/p>\n","protected":false},"excerpt":{"rendered":"<p>Caneca de cer\u00e2mica com uma encantadora panor\u00e2mica de Seg\u00f3via em tons bege e vermelhos. Este design vibrante mostra o famoso aqueduto e a catedral, representados num estilo de mosaico de design artesanal, pintado \u00e0 m\u00e3o. A inscri\u00e7\u00e3o &#8220;SEGOVIA&#8221; destaca-se na parte superior, completando esta atraente recorda\u00e7\u00e3o. Ideal para desfrutar das suas bebidas favoritas enquanto admira a beleza de uma das cidades mais emblem\u00e1ticas de Espanha. Inclui uma colher a condizer para maior comodidade.<\/p>\n","protected":false},"featured_media":7230,"template":"","meta":{"_acf_changed":false},"product_brand":[],"product_cat":[726],"product_tag":[515],"class_list":{"0":"post-33925","1":"product","2":"type-product","3":"status-publish","4":"has-post-thumbnail","6":"product_cat-mugs","7":"product_tag-ceramica","8":"pa_ciudad-segovia","9":"pa_motivo-panoramas","10":"pa_pais-espana","12":"first","13":"instock","14":"shipping-taxable","15":"product-type-simple"},"acf":[],"_links":{"self":[{"href":"https:\/\/olemosaic.com\/pt-pt\/wp-json\/wp\/v2\/product\/33925","targetHints":{"allow":["GET"]}}],"collection":[{"href":"https:\/\/olemosaic.com\/pt-pt\/wp-json\/wp\/v2\/product"}],"about":[{"href":"https:\/\/olemosaic.com\/pt-pt\/wp-json\/wp\/v2\/types\/product"}],"wp:featuredmedia":[{"embeddable":true,"href":"https:\/\/olemosaic.com\/pt-pt\/wp-json\/wp\/v2\/media\/7230"}],"wp:attachment":[{"href":"https:\/\/olemosaic.com\/pt-pt\/wp-json\/wp\/v2\/media?parent=33925"}],"wp:term":[{"taxonomy":"product_brand","embeddable":true,"href":"https:\/\/olemosaic.com\/pt-pt\/wp-json\/wp\/v2\/product_brand?post=33925"},{"taxonomy":"product_cat","embeddable":true,"href":"https:\/\/olemosaic.com\/pt-pt\/wp-json\/wp\/v2\/product_cat?post=33925"},{"taxonomy":"product_tag","embeddable":true,"href":"https:\/\/olemosaic.com\/pt-pt\/wp-json\/wp\/v2\/product_tag?post=33925"}],"curies":[{"name":"wp","href":"https:\/\/api.w.org\/{rel}","templated":true}]}}