{"id":33914,"date":"2025-02-20T23:33:50","date_gmt":"2025-02-20T22:33:50","guid":{"rendered":"http:\/\/olemosaic.com\/producto\/mug-de-ceramica-panoramica-barcelona-beige-2\/"},"modified":"2025-07-25T19:17:01","modified_gmt":"2025-07-25T17:17:01","slug":"caneca-de-ceramica-panoramica-barcelona-bege-2-pt-pt","status":"publish","type":"product","link":"https:\/\/olemosaic.com\/pt-pt\/produto\/caneca-de-ceramica-panoramica-barcelona-bege-2-pt-pt\/","title":{"rendered":"Caneca de cer\u00e2mica. Panor\u00e2mica. Barcelona. Bege."},"content":{"rendered":"<p>Esta caneca de cer\u00e2mica com uma encantadora panor\u00e2mica de Barcelona \u00e9 o souvenir ideal para capturar a vibrante ess\u00eancia da Cidade Condal. O seu design em tons bege destaca-se por uma requintada ilustra\u00e7\u00e3o que inclui a emblem\u00e1tica coluna de Colombo, um s\u00edmbolo ic\u00f3nico que se ergue no porto de Barcelona, rodeado de palmeiras que evocam a brisa mediterr\u00e2nica. Al\u00e9m disso, o famoso mosaico de Gaud\u00ed, caracter\u00edstico do Park G\u00fcell, apresenta-se com coloridos motivos que adicionam um toque art\u00edstico e moderno ao conjunto.<\/p>\n<p>A pe\u00e7a n\u00e3o s\u00f3 \u00e9 visualmente atraente, como tamb\u00e9m funcional; inclui uma colher a condizer, perfeita para desfrutar das suas bebidas favoritas, desde um caf\u00e9 quente at\u00e9 um ch\u00e1 refrescante. Os detalhes decorativos em vermelho e o texto &#8220;Barcelona&#8221; em letras coloridas completam o design, fazendo desta caneca uma recorda\u00e7\u00e3o \u00fanica e representativa da cultura catal\u00e3.<\/p>\n<p>Na Ol\u00e9 Mosaic, especializamo-nos na distribui\u00e7\u00e3o de souvenirs de cer\u00e2mica por grosso, oferecendo produtos aut\u00eanticos que celebram a riqueza cultural das cidades espanholas. Esta caneca de Barcelona \u00e9 uma excelente op\u00e7\u00e3o para lojas de presentes tur\u00edsticos que procuram artigos que apaixonem os visitantes. Com o seu design exclusivo e a sua liga\u00e7\u00e3o cultural, adiciona um toque especial a qualquer cole\u00e7\u00e3o de souvenirs de Barcelona.<\/p>\n","protected":false},"excerpt":{"rendered":"<p>Caneca de cer\u00e2mica com uma encantadora panor\u00e2mica de Barcelona, perfeita para desfrutar das suas bebidas favoritas. Este design bege apresenta motivos coloridos, incluindo a emblem\u00e1tica coluna de Colombo e o famoso mosaico de Gaud\u00ed, refletindo a ess\u00eancia vibrante da cidade. Com toques decorativos em vermelho e a palavra &#8220;Barcelona&#8221;, esta caneca tamb\u00e9m inclui uma colher a condizer, o que a torna um souvenir ideal da Cidade Condal.<\/p>\n","protected":false},"featured_media":7012,"template":"","meta":{"_acf_changed":false},"product_brand":[],"product_cat":[726],"product_tag":[515],"class_list":{"0":"post-33914","1":"product","2":"type-product","3":"status-publish","4":"has-post-thumbnail","6":"product_cat-mugs","7":"product_tag-ceramica","8":"pa_ciudad-barcelona","9":"pa_motivo-panoramas","10":"pa_pais-espana","12":"first","13":"instock","14":"shipping-taxable","15":"product-type-simple"},"acf":[],"_links":{"self":[{"href":"https:\/\/olemosaic.com\/pt-pt\/wp-json\/wp\/v2\/product\/33914","targetHints":{"allow":["GET"]}}],"collection":[{"href":"https:\/\/olemosaic.com\/pt-pt\/wp-json\/wp\/v2\/product"}],"about":[{"href":"https:\/\/olemosaic.com\/pt-pt\/wp-json\/wp\/v2\/types\/product"}],"wp:featuredmedia":[{"embeddable":true,"href":"https:\/\/olemosaic.com\/pt-pt\/wp-json\/wp\/v2\/media\/7012"}],"wp:attachment":[{"href":"https:\/\/olemosaic.com\/pt-pt\/wp-json\/wp\/v2\/media?parent=33914"}],"wp:term":[{"taxonomy":"product_brand","embeddable":true,"href":"https:\/\/olemosaic.com\/pt-pt\/wp-json\/wp\/v2\/product_brand?post=33914"},{"taxonomy":"product_cat","embeddable":true,"href":"https:\/\/olemosaic.com\/pt-pt\/wp-json\/wp\/v2\/product_cat?post=33914"},{"taxonomy":"product_tag","embeddable":true,"href":"https:\/\/olemosaic.com\/pt-pt\/wp-json\/wp\/v2\/product_tag?post=33914"}],"curies":[{"name":"wp","href":"https:\/\/api.w.org\/{rel}","templated":true}]}}