{"id":33913,"date":"2025-02-20T23:33:50","date_gmt":"2025-02-20T22:33:50","guid":{"rendered":"http:\/\/olemosaic.com\/producto\/mug-de-ceramica-bailaora-sevilla-beige-2\/"},"modified":"2025-07-25T19:25:12","modified_gmt":"2025-07-25T17:25:12","slug":"caneca-de-ceramica-bailaora-sevilha-bege-2","status":"publish","type":"product","link":"https:\/\/olemosaic.com\/pt-pt\/produto\/caneca-de-ceramica-bailaora-sevilha-bege-2\/","title":{"rendered":"Caneca de cer\u00e2mica. Bailaora. Arte andaluza. Sevilha. Bege."},"content":{"rendered":"<p>Esta caneca de cer\u00e2mica com um design elegante \u00e9 uma representa\u00e7\u00e3o perfeita da ess\u00eancia do flamenco em Sevilha, ideal para quem procura souvenirs aut\u00eanticos da cultura espanhola. Com um acabamento em cor bege, apresenta ilustra\u00e7\u00f5es requintadas de duas bailaoras vestidas com trajes tradicionais; uma figura destaca-se em vermelho vibrante com bolinhas, expressando a paix\u00e3o e o car\u00e1cter do flamenco, enquanto a outra, vestida de preto, confere um elegante contraste, com o seu vestido decorado com ricas camadas. Ambas as figuras s\u00e3o real\u00e7adas com rosas vermelhas que simbolizam a beleza e a tradi\u00e7\u00e3o do folclore sevilhano.<\/p>\n<p>A caneca conta com um rebordo em vermelho intenso que complementa o design, criando um efeito visual atraente e din\u00e2mico. Na parte superior, a palavra &#8220;SEVILLA&#8221; aparece impressa num estilo colorido, o que torna este artigo uma recorda\u00e7\u00e3o ideal da cidade. Perfeita para desfrutar das suas bebidas favoritas, esta caneca n\u00e3o s\u00f3 \u00e9 funcional, como tamb\u00e9m uma homenagem \u00e0 rica heran\u00e7a cultural de Sevilha. Na Ol\u00e9 Mosaic, dedicamo-nos a oferecer souvenirs que capturam a autenticidade de cada regi\u00e3o. Esta caneca \u00e9 uma op\u00e7\u00e3o excecional para lojas de presentes tur\u00edsticos que procuram produtos representativos da tradi\u00e7\u00e3o espanhola, garantindo qualidade e relev\u00e2ncia cultural em cada pe\u00e7a que distribu\u00edmos.<\/p>\n","protected":false},"excerpt":{"rendered":"<p>Caneca de cer\u00e2mica com um elegante design que capta a ess\u00eancia do flamenco sevilhano. Apresenta ilustra\u00e7\u00f5es de duas bailaoras vestidas com trajes tradicionais: uma em vermelho com bolinhas e outra em preto, adornadas com rosas vermelhas. Este artigo tem um acabamento em cor bege e detalhes vermelhos no rebordo, al\u00e9m da palavra &#8220;SEVILLA&#8221; impressa num estilo colorido na parte superior. Ideal para desfrutar das suas bebidas favoritas com um toque cultural.<\/p>\n","protected":false},"featured_media":6460,"template":"","meta":{"_acf_changed":false},"product_brand":[],"product_cat":[726],"product_tag":[515],"class_list":{"0":"post-33913","1":"product","2":"type-product","3":"status-publish","4":"has-post-thumbnail","6":"product_cat-mugs","7":"product_tag-ceramica","8":"pa_ciudad-sevilla","9":"pa_motivo-dancarinos","10":"pa_pais-espana","12":"first","13":"instock","14":"shipping-taxable","15":"product-type-simple"},"acf":[],"_links":{"self":[{"href":"https:\/\/olemosaic.com\/pt-pt\/wp-json\/wp\/v2\/product\/33913","targetHints":{"allow":["GET"]}}],"collection":[{"href":"https:\/\/olemosaic.com\/pt-pt\/wp-json\/wp\/v2\/product"}],"about":[{"href":"https:\/\/olemosaic.com\/pt-pt\/wp-json\/wp\/v2\/types\/product"}],"wp:featuredmedia":[{"embeddable":true,"href":"https:\/\/olemosaic.com\/pt-pt\/wp-json\/wp\/v2\/media\/6460"}],"wp:attachment":[{"href":"https:\/\/olemosaic.com\/pt-pt\/wp-json\/wp\/v2\/media?parent=33913"}],"wp:term":[{"taxonomy":"product_brand","embeddable":true,"href":"https:\/\/olemosaic.com\/pt-pt\/wp-json\/wp\/v2\/product_brand?post=33913"},{"taxonomy":"product_cat","embeddable":true,"href":"https:\/\/olemosaic.com\/pt-pt\/wp-json\/wp\/v2\/product_cat?post=33913"},{"taxonomy":"product_tag","embeddable":true,"href":"https:\/\/olemosaic.com\/pt-pt\/wp-json\/wp\/v2\/product_tag?post=33913"}],"curies":[{"name":"wp","href":"https:\/\/api.w.org\/{rel}","templated":true}]}}