{"id":33912,"date":"2025-02-20T23:33:50","date_gmt":"2025-02-20T22:33:50","guid":{"rendered":"http:\/\/olemosaic.com\/producto\/mug-de-ceramica-bogavante-blanco-95-cm\/"},"modified":"2025-07-25T19:21:54","modified_gmt":"2025-07-25T17:21:54","slug":"caneca-de-ceramica-lavagante-branco-9-5-cm","status":"publish","type":"product","link":"https:\/\/olemosaic.com\/pt-pt\/produto\/caneca-de-ceramica-lavagante-branco-9-5-cm\/","title":{"rendered":"Caneca de cer\u00e2mica. Lavagante. Branco. 9,5 cm."},"content":{"rendered":"<p>Esta caneca de cer\u00e2mica, com o seu design vibrante, \u00e9 uma representa\u00e7\u00e3o perfeita da cultura mar\u00edtima espanhola, em especial da sua rica tradi\u00e7\u00e3o gastron\u00f3mica. Com um di\u00e2metro de 9,5 cm, \u00e9 ideal para desfrutar tanto de bebidas quentes como frias. A caneca apresenta dois lavagantes estilizados sobre um fundo de azulejos decorativos, evocando a beleza dos mosaicos tradicionais que adornam muitas costas espanholas. A brilhante combina\u00e7\u00e3o de cores vermelho, azul e amarelo d\u00e1 vida ao design, com lavagantes representados de forma audaz e colorida, que captam a aten\u00e7\u00e3o de quem a usa.<\/p>\n<p>O acabamento brilhante desta caneca n\u00e3o s\u00f3 real\u00e7a a qualidade da cer\u00e2mica, como tamb\u00e9m adiciona um toque moderno a um souvenir que encapsula a ess\u00eancia do mar e da sua cultura. Ideal como presente ou recorda\u00e7\u00e3o, esta caneca \u00e9 um excelente souvenir para quem procura um pedacinho da costa e da gastronomia espanhola. Na Ol\u00e9 Mosaic, dedicamo-nos a oferecer produtos aut\u00eanticos como esta caneca de lavagantes, perfeitos para lojas de presentes tur\u00edsticos que procuram souvenirs originais e de alta qualidade. Esta caneca n\u00e3o \u00e9 apenas uma obra de arte, mas um s\u00edmbolo da vida costeira e uma excelente op\u00e7\u00e3o para aqueles que apreciam a tradi\u00e7\u00e3o e o bom comer.<\/p>\n","protected":false},"excerpt":{"rendered":"<p>Caneca de cer\u00e2mica com um design vibrante que mostra dois lavagantes sobre um fundo de azulejos decorativos. Com um acabamento brilhante, esta caneca destaca-se pelos seus tons vermelho, azul e amarelo, unindo tradi\u00e7\u00e3o e modernidade. As suas medidas de 9,5 cm tornam-na ideal para desfrutar de bebidas frias ou quentes. Uma recorda\u00e7\u00e3o perfeita que capta a ess\u00eancia do mar e da cultura gastron\u00f3mica mar\u00edtima, ideal para qualquer amante do oceano.<\/p>\n","protected":false},"featured_media":9472,"template":"","meta":{"_acf_changed":false},"product_brand":[],"product_cat":[726],"product_tag":[516,515],"class_list":{"0":"post-33912","1":"product","2":"type-product","3":"status-publish","4":"has-post-thumbnail","6":"product_cat-mugs","7":"product_tag-animais","8":"product_tag-ceramica","9":"pa_motivo-lavagantes","11":"first","12":"instock","13":"shipping-taxable","14":"product-type-simple"},"acf":[],"_links":{"self":[{"href":"https:\/\/olemosaic.com\/pt-pt\/wp-json\/wp\/v2\/product\/33912","targetHints":{"allow":["GET"]}}],"collection":[{"href":"https:\/\/olemosaic.com\/pt-pt\/wp-json\/wp\/v2\/product"}],"about":[{"href":"https:\/\/olemosaic.com\/pt-pt\/wp-json\/wp\/v2\/types\/product"}],"wp:featuredmedia":[{"embeddable":true,"href":"https:\/\/olemosaic.com\/pt-pt\/wp-json\/wp\/v2\/media\/9472"}],"wp:attachment":[{"href":"https:\/\/olemosaic.com\/pt-pt\/wp-json\/wp\/v2\/media?parent=33912"}],"wp:term":[{"taxonomy":"product_brand","embeddable":true,"href":"https:\/\/olemosaic.com\/pt-pt\/wp-json\/wp\/v2\/product_brand?post=33912"},{"taxonomy":"product_cat","embeddable":true,"href":"https:\/\/olemosaic.com\/pt-pt\/wp-json\/wp\/v2\/product_cat?post=33912"},{"taxonomy":"product_tag","embeddable":true,"href":"https:\/\/olemosaic.com\/pt-pt\/wp-json\/wp\/v2\/product_tag?post=33912"}],"curies":[{"name":"wp","href":"https:\/\/api.w.org\/{rel}","templated":true}]}}