{"id":33910,"date":"2025-02-20T23:33:49","date_gmt":"2025-02-20T22:33:49","guid":{"rendered":"http:\/\/olemosaic.com\/producto\/mug-de-ceramica-punt-de-trobada-beige\/"},"modified":"2025-07-25T19:53:26","modified_gmt":"2025-07-25T17:53:26","slug":"caneca-de-ceramica-punt-de-trobada-bege","status":"publish","type":"product","link":"https:\/\/olemosaic.com\/pt-pt\/produto\/caneca-de-ceramica-punt-de-trobada-bege\/","title":{"rendered":"Caneca de cer\u00e2mica. Punt de trobada. Bege."},"content":{"rendered":"<p>Esta caneca de cer\u00e2mica, com o seu design moderno, \u00e9 uma recorda\u00e7\u00e3o excecional que capta a ess\u00eancia da arte contempor\u00e2nea. Decorada com um vibrante motivo de mosaico, a caneca apresenta uma base bege adornada com formas abstratas numa explos\u00e3o de cores \u2014 azul, verde, vermelho e preto \u2014, criando um aspeto alegre e atraente que revitaliza qualquer mesa. As ilustra\u00e7\u00f5es jogam com figuras geom\u00e9tricas e linhas fluidas, sugerindo um dinamismo que evoca a criatividade art\u00edstica do Mediterr\u00e2neo.<\/p>\n<p>A caneca inclui uma colher alaranjada a condizer, oferecendo uma funcionalidade elegante que complementa a sua est\u00e9tica. Ideal para desfrutar das suas bebidas preferidas, desde um caf\u00e9 reconfortante at\u00e9 uma infus\u00e3o refrescante, este artigo torna-se o centro das aten\u00e7\u00f5es em qualquer casa.<\/p>\n<p>Inspirada na rica tradi\u00e7\u00e3o da arte em Espanha, esta caneca \u00e9 o presente perfeito para quem procura um souvenir que reflita a cultura e a criatividade local. Na Ol\u00e9 Mosaic, especializamo-nos na distribui\u00e7\u00e3o de souvenirs por grosso, e esta caneca de cer\u00e2mica \u00e9 uma op\u00e7\u00e3o brilhante para lojas de presentes tur\u00edsticos que desejem oferecer produtos \u00fanicos e aut\u00eanticos. Com o seu design cativante, a caneca \u00e9 uma recorda\u00e7\u00e3o tang\u00edvel da beleza da arte espanhola, ideal para quem valoriza os souvenirs de qualidade e relev\u00e2ncia cultural.<\/p>\n","protected":false},"excerpt":{"rendered":"<p>Caneca de cer\u00e2mica de design moderno, decorada com um motivo de mosaico colorido que evoca a arte contempor\u00e2nea. Este artigo apresenta uma base bege adornada com formas abstratas em diversas cores, como azul, verde, vermelho e preto, oferecendo um aspeto vibrante e alegre. A caneca inclui uma colher laranja a condizer e \u00e9 ideal para desfrutar das suas bebidas favoritas, adicionando um toque art\u00edstico \u00e0 sua mesa. Perfeita para usar em casa ou como um presente original.<\/p>\n","protected":false},"featured_media":10033,"template":"","meta":{"_acf_changed":false},"product_brand":[],"product_cat":[726],"product_tag":[515],"class_list":{"0":"post-33910","1":"product","2":"type-product","3":"status-publish","4":"has-post-thumbnail","6":"product_cat-mugs","7":"product_tag-ceramica","8":"pa_motivo-punt-de-trobada","10":"first","11":"instock","12":"shipping-taxable","13":"product-type-simple"},"acf":[],"_links":{"self":[{"href":"https:\/\/olemosaic.com\/pt-pt\/wp-json\/wp\/v2\/product\/33910","targetHints":{"allow":["GET"]}}],"collection":[{"href":"https:\/\/olemosaic.com\/pt-pt\/wp-json\/wp\/v2\/product"}],"about":[{"href":"https:\/\/olemosaic.com\/pt-pt\/wp-json\/wp\/v2\/types\/product"}],"wp:featuredmedia":[{"embeddable":true,"href":"https:\/\/olemosaic.com\/pt-pt\/wp-json\/wp\/v2\/media\/10033"}],"wp:attachment":[{"href":"https:\/\/olemosaic.com\/pt-pt\/wp-json\/wp\/v2\/media?parent=33910"}],"wp:term":[{"taxonomy":"product_brand","embeddable":true,"href":"https:\/\/olemosaic.com\/pt-pt\/wp-json\/wp\/v2\/product_brand?post=33910"},{"taxonomy":"product_cat","embeddable":true,"href":"https:\/\/olemosaic.com\/pt-pt\/wp-json\/wp\/v2\/product_cat?post=33910"},{"taxonomy":"product_tag","embeddable":true,"href":"https:\/\/olemosaic.com\/pt-pt\/wp-json\/wp\/v2\/product_tag?post=33910"}],"curies":[{"name":"wp","href":"https:\/\/api.w.org\/{rel}","templated":true}]}}