{"id":33904,"date":"2025-02-20T23:33:49","date_gmt":"2025-02-20T22:33:49","guid":{"rendered":"http:\/\/olemosaic.com\/producto\/mug-de-ceramica-gato-mallorca-beige\/"},"modified":"2025-07-25T18:48:04","modified_gmt":"2025-07-25T16:48:04","slug":"caneca-de-ceramica-gato-maiorca-bege-pt-pt","status":"publish","type":"product","link":"https:\/\/olemosaic.com\/pt-pt\/produto\/caneca-de-ceramica-gato-maiorca-bege-pt-pt\/","title":{"rendered":"Caneca de cer\u00e2mica. Gato. Maiorca. Bege."},"content":{"rendered":"<p>Esta caneca de cer\u00e2mica com um colorido design de gatos \u00e9 um aut\u00eantico tesouro de Maiorca, ideal para quem procura uma recorda\u00e7\u00e3o vibrante desta cativante ilha. Com um exterior bege e um interior vermelho contrastante, este copo destaca-se pelas suas ilustra\u00e7\u00f5es de gatos em estilo mosaico, cheias de matizes e rodeadas de borboletas que adicionam um toque de alegria e frescura. Cada gato, meticulosamente desenhado, exibe uma paleta de cores vivas que reflete a rica biodiversidade e o estilo art\u00edstico caracter\u00edstico da regi\u00e3o.<\/p>\n<p>A palavra &#8220;MALLORCA&#8221; est\u00e1 pintada com letras coloridas na superf\u00edcie da caneca, acentuando a sua origem e a autenticidade do souvenir. Esta caneca n\u00e3o s\u00f3 \u00e9 pr\u00e1tica para desfrutar das suas bebidas favoritas, como tamb\u00e9m capta a ess\u00eancia do ambiente mediterr\u00e2nico, tornando-se um elemento decorativo ideal para o lar.<\/p>\n<p>Na Ol\u00e9 Mosaic, como distribuidores de souvenirs por grosso, oferecemos produtos que celebram a cultura local, e esta caneca de cer\u00e2mica \u00e9 uma excelente op\u00e7\u00e3o para lojas de presentes tur\u00edsticos que querem destacar o melhor de Maiorca. A sua singularidade e apelo visual tornam-na um souvenir ideal para aqueles que desejam levar um pedacinho da ilha para casa.<\/p>\n","protected":false},"excerpt":{"rendered":"<p>Caneca de cer\u00e2mica com um colorido design de gatos, t\u00edpico de Maiorca. Esta atraente caneca, de tonalidades bege e com o interior vermelho, apresenta ilustra\u00e7\u00f5es de gatos num estilo mosaico vibrante, rodeados de borboletas. A palavra &#8220;MALLORCA&#8221; est\u00e1 pintada em cores vivas sobre a sua superf\u00edcie, fazendo refer\u00eancia \u00e0 sua origem. Perfeita para desfrutar das suas bebidas favoritas, \u00e9 um souvenir \u00fanico que capta a ess\u00eancia da ilha.<\/p>\n","protected":false},"featured_media":7864,"template":"","meta":{"_acf_changed":false},"product_brand":[],"product_cat":[726],"product_tag":[516,515],"class_list":{"0":"post-33904","1":"product","2":"type-product","3":"status-publish","4":"has-post-thumbnail","6":"product_cat-mugs","7":"product_tag-animais","8":"product_tag-ceramica","9":"pa_ciudad-mallorca","10":"pa_motivo-gatos","11":"pa_pais-espana","13":"first","14":"instock","15":"shipping-taxable","16":"product-type-simple"},"acf":[],"_links":{"self":[{"href":"https:\/\/olemosaic.com\/pt-pt\/wp-json\/wp\/v2\/product\/33904","targetHints":{"allow":["GET"]}}],"collection":[{"href":"https:\/\/olemosaic.com\/pt-pt\/wp-json\/wp\/v2\/product"}],"about":[{"href":"https:\/\/olemosaic.com\/pt-pt\/wp-json\/wp\/v2\/types\/product"}],"wp:featuredmedia":[{"embeddable":true,"href":"https:\/\/olemosaic.com\/pt-pt\/wp-json\/wp\/v2\/media\/7864"}],"wp:attachment":[{"href":"https:\/\/olemosaic.com\/pt-pt\/wp-json\/wp\/v2\/media?parent=33904"}],"wp:term":[{"taxonomy":"product_brand","embeddable":true,"href":"https:\/\/olemosaic.com\/pt-pt\/wp-json\/wp\/v2\/product_brand?post=33904"},{"taxonomy":"product_cat","embeddable":true,"href":"https:\/\/olemosaic.com\/pt-pt\/wp-json\/wp\/v2\/product_cat?post=33904"},{"taxonomy":"product_tag","embeddable":true,"href":"https:\/\/olemosaic.com\/pt-pt\/wp-json\/wp\/v2\/product_tag?post=33904"}],"curies":[{"name":"wp","href":"https:\/\/api.w.org\/{rel}","templated":true}]}}