{"id":33903,"date":"2025-02-20T23:33:49","date_gmt":"2025-02-20T22:33:49","guid":{"rendered":"http:\/\/olemosaic.com\/producto\/mug-de-ceramica-panoramica-toledo-beige\/"},"modified":"2025-07-25T18:36:48","modified_gmt":"2025-07-25T16:36:48","slug":"caneca-de-ceramica-panoramica-toledo-bege","status":"publish","type":"product","link":"https:\/\/olemosaic.com\/pt-pt\/produto\/caneca-de-ceramica-panoramica-toledo-bege\/","title":{"rendered":"Caneca de cer\u00e2mica. Panor\u00e2mica. Toledo. Bege."},"content":{"rendered":"<p>Esta caneca de cer\u00e2mica com a panor\u00e2mica de Toledo \u00e9 uma recorda\u00e7\u00e3o requintada que encapsula a hist\u00f3ria e a cultura desta emblem\u00e1tica cidade espanhola. Apresentada em tons de bege, o seu design atraente revela uma colorida representa\u00e7\u00e3o art\u00edstica dos edif\u00edcios e monumentos mais ic\u00f3nicos de Toledo, como a majestosa Catedral e o Alc\u00e1zar, dispostos num vibrante mosaico que real\u00e7a a singularidade arquitet\u00f3nica da cidade. A parte superior da caneca \u00e9 emoldurada por um rebordo vermelho brilhante que adiciona um toque de eleg\u00e2ncia e destaca a sua forma chamativa, complementado por uma pequena colher a condizer que confere funcionalidade adicional.<\/p>\n<p>A palavra &#8220;TOLEDO&#8221; aparece em letras coloridas, adicionando um elemento de modernidade a este cl\u00e1ssico souvenir. Esta caneca n\u00e3o \u00e9 apenas um objeto funcional para desfrutar das suas bebidas, mas tamb\u00e9m uma representa\u00e7\u00e3o visual que celebra a rica heran\u00e7a cultural de Toledo, conhecida pela sua influ\u00eancia na arte e na hist\u00f3ria europeia. Ideal para turistas que procuram souvenirs aut\u00eanticos, este produto \u00e9 perfeito para lojas de presentes tur\u00edsticos que desejem oferecer artigos de qualidade, carregados de significado cultural. Na Ol\u00e9 Mosaic, somos distribuidores de souvenirs por grosso e esta caneca \u00e9 uma excelente op\u00e7\u00e3o para real\u00e7ar o patrim\u00f3nio de uma das cidades mais belas de Espanha.<\/p>\n","protected":false},"excerpt":{"rendered":"<p>Caneca de cer\u00e2mica com uma encantadora panor\u00e2mica de Toledo, apresentada em tons de bege. O design mostra edif\u00edcios e monumentos emblem\u00e1ticos da cidade, com um vibrante mosaico de cores. A parte superior da caneca \u00e9 emoldurada por um rebordo vermelho brilhante, complementado por uma colher a condizer. Com a palavra &#8220;TOLEDO&#8221; em letras chamativas, \u00e9 um souvenir perfeito que capta a ess\u00eancia hist\u00f3rica e art\u00edstica desta emblem\u00e1tica cidade espanhola.<\/p>\n","protected":false},"featured_media":7231,"template":"","meta":{"_acf_changed":false},"product_brand":[],"product_cat":[726],"product_tag":[515],"class_list":{"0":"post-33903","1":"product","2":"type-product","3":"status-publish","4":"has-post-thumbnail","6":"product_cat-mugs","7":"product_tag-ceramica","8":"pa_ciudad-toledo","9":"pa_motivo-panoramas","10":"pa_pais-espana","12":"first","13":"instock","14":"shipping-taxable","15":"product-type-simple"},"acf":[],"_links":{"self":[{"href":"https:\/\/olemosaic.com\/pt-pt\/wp-json\/wp\/v2\/product\/33903","targetHints":{"allow":["GET"]}}],"collection":[{"href":"https:\/\/olemosaic.com\/pt-pt\/wp-json\/wp\/v2\/product"}],"about":[{"href":"https:\/\/olemosaic.com\/pt-pt\/wp-json\/wp\/v2\/types\/product"}],"wp:featuredmedia":[{"embeddable":true,"href":"https:\/\/olemosaic.com\/pt-pt\/wp-json\/wp\/v2\/media\/7231"}],"wp:attachment":[{"href":"https:\/\/olemosaic.com\/pt-pt\/wp-json\/wp\/v2\/media?parent=33903"}],"wp:term":[{"taxonomy":"product_brand","embeddable":true,"href":"https:\/\/olemosaic.com\/pt-pt\/wp-json\/wp\/v2\/product_brand?post=33903"},{"taxonomy":"product_cat","embeddable":true,"href":"https:\/\/olemosaic.com\/pt-pt\/wp-json\/wp\/v2\/product_cat?post=33903"},{"taxonomy":"product_tag","embeddable":true,"href":"https:\/\/olemosaic.com\/pt-pt\/wp-json\/wp\/v2\/product_tag?post=33903"}],"curies":[{"name":"wp","href":"https:\/\/api.w.org\/{rel}","templated":true}]}}