{"id":33902,"date":"2025-02-20T23:33:49","date_gmt":"2025-02-20T22:33:49","guid":{"rendered":"http:\/\/olemosaic.com\/producto\/mug-de-ceramica-panoramica-sevilla-beige\/"},"modified":"2025-07-25T18:33:17","modified_gmt":"2025-07-25T16:33:17","slug":"caneca-de-ceramica-panoramica-sevilha-bege-pt-pt","status":"publish","type":"product","link":"https:\/\/olemosaic.com\/pt-pt\/produto\/caneca-de-ceramica-panoramica-sevilha-bege-pt-pt\/","title":{"rendered":"Caneca de cer\u00e2mica. Panor\u00e2mica. Sevilha. Bege."},"content":{"rendered":"<p>Esta caneca de cer\u00e2mica com a panor\u00e2mica de Sevilha \u00e9 uma pe\u00e7a excecional que celebra a riqueza arquitet\u00f3nica e cultural desta vibrante cidade andaluza. O seu design em tons de bege real\u00e7a ilustra\u00e7\u00f5es vibrantes de monumentos emblem\u00e1ticos, como a ic\u00f3nica Giralda e o hist\u00f3rico Arquivo das \u00cdndias, que adornam a sua superf\u00edcie com um estilo pintado \u00e0 m\u00e3o. A aten\u00e7\u00e3o ao detalhe e a t\u00e9cnica artesanal empregue no seu fabrico oferecem uma experi\u00eancia visual cativante, onde cada elemento destaca a heran\u00e7a cultural de Sevilha.<\/p>\n<p>Al\u00e9m disso, o interior da caneca apresenta uma cor vermelha chamativa, que n\u00e3o s\u00f3 a torna visualmente impactante, como tamb\u00e9m confere um toque de calor e originalidade. A acompanhar a caneca, est\u00e1 inclu\u00edda uma colher a condizer, tornando-a um souvenir funcional e encantador, ideal para o uso di\u00e1rio ou como parte de uma cole\u00e7\u00e3o. Esta caneca n\u00e3o \u00e9 apenas um complemento perfeito para desfrutar de uma ch\u00e1vena de caf\u00e9 ou ch\u00e1, mas tamb\u00e9m uma recorda\u00e7\u00e3o inesquec\u00edvel de Sevilha, ideal para aqueles que desejem levar um peda\u00e7o da cidade consigo. Na Ol\u00e9 Mosaic, somos distribuidores de souvenirs \u00fanicos, e esta caneca \u00e9 uma excelente op\u00e7\u00e3o para lojas de presentes tur\u00edsticos que procuram oferecer produtos aut\u00eanticos, representativos e cheios de hist\u00f3ria.<\/p>\n","protected":false},"excerpt":{"rendered":"<p>Caneca de cer\u00e2mica com uma panor\u00e2mica de Sevilha, perfeita para os amantes desta vibrante cidade andaluza. Apresenta um design em tons de bege, com ilustra\u00e7\u00f5es coloridas de monumentos emblem\u00e1ticos como a Giralda e o Arquivo das \u00cdndias, destacando-se pela sua t\u00e9cnica de design artesanal, pintado \u00e0 m\u00e3o. O interior da caneca \u00e9 de um vermelho chamativo, complementado por uma colher a condizer, o que a torna um souvenir encantador e pr\u00e1tico.<\/p>\n","protected":false},"featured_media":7008,"template":"","meta":{"_acf_changed":false},"product_brand":[],"product_cat":[726],"product_tag":[515],"class_list":{"0":"post-33902","1":"product","2":"type-product","3":"status-publish","4":"has-post-thumbnail","6":"product_cat-mugs","7":"product_tag-ceramica","8":"pa_ciudad-sevilla","9":"pa_motivo-panoramas","10":"pa_pais-espana","12":"first","13":"instock","14":"shipping-taxable","15":"product-type-simple"},"acf":[],"_links":{"self":[{"href":"https:\/\/olemosaic.com\/pt-pt\/wp-json\/wp\/v2\/product\/33902","targetHints":{"allow":["GET"]}}],"collection":[{"href":"https:\/\/olemosaic.com\/pt-pt\/wp-json\/wp\/v2\/product"}],"about":[{"href":"https:\/\/olemosaic.com\/pt-pt\/wp-json\/wp\/v2\/types\/product"}],"wp:featuredmedia":[{"embeddable":true,"href":"https:\/\/olemosaic.com\/pt-pt\/wp-json\/wp\/v2\/media\/7008"}],"wp:attachment":[{"href":"https:\/\/olemosaic.com\/pt-pt\/wp-json\/wp\/v2\/media?parent=33902"}],"wp:term":[{"taxonomy":"product_brand","embeddable":true,"href":"https:\/\/olemosaic.com\/pt-pt\/wp-json\/wp\/v2\/product_brand?post=33902"},{"taxonomy":"product_cat","embeddable":true,"href":"https:\/\/olemosaic.com\/pt-pt\/wp-json\/wp\/v2\/product_cat?post=33902"},{"taxonomy":"product_tag","embeddable":true,"href":"https:\/\/olemosaic.com\/pt-pt\/wp-json\/wp\/v2\/product_tag?post=33902"}],"curies":[{"name":"wp","href":"https:\/\/api.w.org\/{rel}","templated":true}]}}