{"id":33901,"date":"2025-02-20T23:33:48","date_gmt":"2025-02-20T22:33:48","guid":{"rendered":"http:\/\/olemosaic.com\/producto\/mug-de-ceramica-toros-blanco-95-cm-2\/"},"modified":"2025-07-25T18:47:57","modified_gmt":"2025-07-25T16:47:57","slug":"caneca-de-ceramica-touros-branco-9-5-cm-pt-pt","status":"publish","type":"product","link":"https:\/\/olemosaic.com\/pt-pt\/produto\/caneca-de-ceramica-touros-branco-9-5-cm-pt-pt\/","title":{"rendered":"Caneca de cer\u00e2mica. Touros. Mosaico. Branco. 9,5 cm."},"content":{"rendered":"<p>Esta caneca de cer\u00e2mica, com o seu vibrante design de touros, \u00e9 uma homenagem \u00e0 rica cultura espanhola, ideal para quem deseja levar um peda\u00e7o de tradi\u00e7\u00e3o para casa. Com uma altura de 9,5 cm, esta elegante caneca branca apresenta um colorido mosaico que ilustra a ic\u00f3nica figura do touro, rodeado por um sol radiante e delicadas flores vermelhas, evocando a paix\u00e3o e vitalidade das festividades e tradi\u00e7\u00f5es espanholas. A t\u00e9cnica de pintura \u00e0 m\u00e3o real\u00e7a cada detalhe, tornando cada pe\u00e7a algo \u00fanico e especial. As cores brilhantes e o estilo art\u00edstico conferem um ar festivo, transformando esta caneca num atraente objeto decorativo e funcional. A liga\u00e7\u00e3o cultural do touro reside no seu simbolismo dentro do folclore espanhol, sendo um emblema de for\u00e7a e valentia, especialmente em eventos t\u00e3o emblem\u00e1ticos como as touradas e as feiras. Esta caneca \u00e9, sem d\u00favida, um souvenir representativo que capta a ess\u00eancia da cultura ib\u00e9rica e que encantar\u00e1 os turistas que procuram recorda\u00e7\u00f5es aut\u00eanticas. Na Ol\u00e9 Mosaic, somos distribuidores de souvenirs por grosso, e esta caneca representa uma excelente op\u00e7\u00e3o para lojas de presentes tur\u00edsticos em busca de produtos artesanais que reflitam o patrim\u00f3nio cultural de Espanha. Com esta caneca de touros, os amantes da cultura espanhola encontrar\u00e3o o presente perfeito ou a recorda\u00e7\u00e3o ideal da sua viagem.<\/p>\n","protected":false},"excerpt":{"rendered":"<p>Caneca de cer\u00e2mica com um vibrante design de touros, ideal para os amantes da cultura espanhola. Esta atraente caneca branca, de 9,5 cm de altura, apresenta um alegre mosaico de cores que ilustra um touro, acompanhado por um sol radiante e delicadas flores vermelhas, evocando a paix\u00e3o das tradi\u00e7\u00f5es espanholas. O seu design artesanal, pintado \u00e0 m\u00e3o, real\u00e7a a riqueza do folclore, tornando-a uma recorda\u00e7\u00e3o \u00fanica e decorativa.<\/p>\n","protected":false},"featured_media":8523,"template":"","meta":{"_acf_changed":false},"product_brand":[],"product_cat":[726],"product_tag":[516,515],"class_list":{"0":"post-33901","1":"product","2":"type-product","3":"status-publish","4":"has-post-thumbnail","6":"product_cat-mugs","7":"product_tag-animais","8":"product_tag-ceramica","9":"pa_motivo-touros","11":"first","12":"instock","13":"shipping-taxable","14":"product-type-simple"},"acf":[],"_links":{"self":[{"href":"https:\/\/olemosaic.com\/pt-pt\/wp-json\/wp\/v2\/product\/33901","targetHints":{"allow":["GET"]}}],"collection":[{"href":"https:\/\/olemosaic.com\/pt-pt\/wp-json\/wp\/v2\/product"}],"about":[{"href":"https:\/\/olemosaic.com\/pt-pt\/wp-json\/wp\/v2\/types\/product"}],"wp:featuredmedia":[{"embeddable":true,"href":"https:\/\/olemosaic.com\/pt-pt\/wp-json\/wp\/v2\/media\/8523"}],"wp:attachment":[{"href":"https:\/\/olemosaic.com\/pt-pt\/wp-json\/wp\/v2\/media?parent=33901"}],"wp:term":[{"taxonomy":"product_brand","embeddable":true,"href":"https:\/\/olemosaic.com\/pt-pt\/wp-json\/wp\/v2\/product_brand?post=33901"},{"taxonomy":"product_cat","embeddable":true,"href":"https:\/\/olemosaic.com\/pt-pt\/wp-json\/wp\/v2\/product_cat?post=33901"},{"taxonomy":"product_tag","embeddable":true,"href":"https:\/\/olemosaic.com\/pt-pt\/wp-json\/wp\/v2\/product_tag?post=33901"}],"curies":[{"name":"wp","href":"https:\/\/api.w.org\/{rel}","templated":true}]}}