{"id":33900,"date":"2025-02-20T23:33:48","date_gmt":"2025-02-20T22:33:48","guid":{"rendered":"http:\/\/olemosaic.com\/producto\/mug-de-ceramica-toro-madrid-beige\/"},"modified":"2025-07-25T18:47:57","modified_gmt":"2025-07-25T16:47:57","slug":"caneca-de-ceramica-touro-madrid-bege-pt-pt","status":"publish","type":"product","link":"https:\/\/olemosaic.com\/pt-pt\/produto\/caneca-de-ceramica-touro-madrid-bege-pt-pt\/","title":{"rendered":"Caneca de cer\u00e2mica. Touro. Madrid. Bege."},"content":{"rendered":"<p>Esta caneca de cer\u00e2mica com design de um touro \u00e9 uma recorda\u00e7\u00e3o distinta que capta a ess\u00eancia da cultura madrilena. Em tons de bege com vibrantes detalhes em vermelho, esta atraente caneca apresenta um imponente motivo de um touro num estilo mosaico colorido, evocando a rica tradi\u00e7\u00e3o taurina de Espanha. O touro, representa\u00e7\u00e3o ic\u00f3nica da luta e da festividade espanhola, ocupa um lugar central na ilustra\u00e7\u00e3o, com formas geom\u00e9tricas que conferem um toque moderno e art\u00edstico. Acima do touro, o texto &#8220;MADRID&#8221; \u00e9 impresso em cores variadas, criando um contraste atraente que real\u00e7a ainda mais o seu design \u00fanico.<\/p>\n<p>Ideal para desfrutar das suas bebidas favoritas em qualquer momento do dia, esta caneca n\u00e3o s\u00f3 \u00e9 funcional, como tamb\u00e9m atua como um lembrete constante da vibrante cultura de Madrid. A sua autenticidade torna-a um excelente souvenir, perfeito para turistas que procuram um peda\u00e7o da capital espanhola para levar consigo para casa.<\/p>\n<p>Na Ol\u00e9 Mosaic, especializamo-nos na distribui\u00e7\u00e3o de souvenirs por grosso, e esta caneca \u00e9 uma excelente adi\u00e7\u00e3o para lojas de presentes tur\u00edsticos que desejem oferecer produtos aut\u00eanticos e representativos. Como grossistas de souvenirs de cer\u00e2mica, garantimos que cada pe\u00e7a combina qualidade, design e um peda\u00e7o da tradi\u00e7\u00e3o cultural espanhola.<\/p>\n","protected":false},"excerpt":{"rendered":"<p>Caneca de cer\u00e2mica com design de um touro, inspirada na cultura madrilena. Esta atraente caneca, em tons de bege com detalhes vermelhos, apresenta um vibrante motivo de um touro em estilo mosaico, evocando a tradi\u00e7\u00e3o espanhola. Com a palavra &#8220;MADRID&#8221; impressa em v\u00e1rias cores, \u00e9 perfeita para desfrutar das suas bebidas favoritas, transportando-o para as ra\u00edzes do folclore da cidade. Ideal como souvenir ou para o uso di\u00e1rio.<\/p>\n","protected":false},"featured_media":6826,"template":"","meta":{"_acf_changed":false},"product_brand":[],"product_cat":[726],"product_tag":[516,515],"class_list":{"0":"post-33900","1":"product","2":"type-product","3":"status-publish","4":"has-post-thumbnail","6":"product_cat-mugs","7":"product_tag-animais","8":"product_tag-ceramica","9":"pa_ciudad-madrid","10":"pa_motivo-touros","11":"pa_pais-espana","13":"first","14":"instock","15":"shipping-taxable","16":"product-type-simple"},"acf":[],"_links":{"self":[{"href":"https:\/\/olemosaic.com\/pt-pt\/wp-json\/wp\/v2\/product\/33900","targetHints":{"allow":["GET"]}}],"collection":[{"href":"https:\/\/olemosaic.com\/pt-pt\/wp-json\/wp\/v2\/product"}],"about":[{"href":"https:\/\/olemosaic.com\/pt-pt\/wp-json\/wp\/v2\/types\/product"}],"wp:featuredmedia":[{"embeddable":true,"href":"https:\/\/olemosaic.com\/pt-pt\/wp-json\/wp\/v2\/media\/6826"}],"wp:attachment":[{"href":"https:\/\/olemosaic.com\/pt-pt\/wp-json\/wp\/v2\/media?parent=33900"}],"wp:term":[{"taxonomy":"product_brand","embeddable":true,"href":"https:\/\/olemosaic.com\/pt-pt\/wp-json\/wp\/v2\/product_brand?post=33900"},{"taxonomy":"product_cat","embeddable":true,"href":"https:\/\/olemosaic.com\/pt-pt\/wp-json\/wp\/v2\/product_cat?post=33900"},{"taxonomy":"product_tag","embeddable":true,"href":"https:\/\/olemosaic.com\/pt-pt\/wp-json\/wp\/v2\/product_tag?post=33900"}],"curies":[{"name":"wp","href":"https:\/\/api.w.org\/{rel}","templated":true}]}}