{"id":33892,"date":"2025-02-20T23:33:48","date_gmt":"2025-02-20T22:33:48","guid":{"rendered":"http:\/\/olemosaic.com\/producto\/mug-de-ceramica-mosaico-barcelona-blanco-95-cm\/"},"modified":"2025-07-25T19:02:14","modified_gmt":"2025-07-25T17:02:14","slug":"caneca-de-ceramica-mosaico-barcelona-branco-9-5-cm","status":"publish","type":"product","link":"https:\/\/olemosaic.com\/pt-pt\/produto\/caneca-de-ceramica-mosaico-barcelona-branco-9-5-cm\/","title":{"rendered":"Caneca de cer\u00e2mica. Mosaico. Barcelona. Branco. 9,5 cm."},"content":{"rendered":"<p>Esta caneca de cer\u00e2mica com design de mosaico \u00e9 uma homenagem \u00e0 emblem\u00e1tica tradi\u00e7\u00e3o dos azulejos de Barcelona, o que a torna um excelente souvenir da cidade. Com um acabamento exterior branco puro que real\u00e7a a sua est\u00e9tica moderna, o seu interior vermelho vibrante acrescenta um toque de cor e alegria. A caneca, elaborada com intrincados padr\u00f5es geom\u00e9tricos, evoca a rica heran\u00e7a art\u00edstica da Catalunha, com uma variedade de detalhes coloridos que recordam as obras-primas do mosaico do Parque G\u00fcell e outras joias arquitet\u00f3nicas da cidade.<\/p>\n<p>Com uma altura de 9,5 cm, esta caneca \u00e9 ideal para desfrutar de um caf\u00e9 ou um ch\u00e1, combinando funcionalidade e eleg\u00e2ncia em cada gole. O seu design \u00fanico n\u00e3o s\u00f3 \u00e9 atraente, como tamb\u00e9m reflete a ess\u00eancia cultural de Barcelona, convertendo cada utiliza\u00e7\u00e3o numa experi\u00eancia que transporta para a vibrante vida urbana da cidade. Esta caneca \u00e9 mais do que um simples utens\u00edlio; \u00e9 uma recorda\u00e7\u00e3o aut\u00eantica que captura a magia de Barcelona e a tradi\u00e7\u00e3o visual dos seus mosaicos.<\/p>\n<p>Na Ol\u00e9 Mosaic, especializamo-nos na distribui\u00e7\u00e3o de souvenirs por grosso, oferecendo produtos que celebram a cultura e as tradi\u00e7\u00f5es locais. Esta caneca de mosaico \u00e9 uma op\u00e7\u00e3o perfeita para lojas de presentes tur\u00edsticos que procuram artigos que combinem beleza, funcionalidade e significado cultural, tornando-se um presente inesquec\u00edvel para qualquer visitante da cidade.<\/p>\n","protected":false},"excerpt":{"rendered":"<p>Caneca de cer\u00e2mica com design de mosaico, inspirada nos emblem\u00e1ticos azulejos de Barcelona. Com acabamento branco e um interior vermelho vibrante, esta caneca apresenta uma variedade de intrincados padr\u00f5es geom\u00e9tricos e coloridos, evocando a rica tradi\u00e7\u00e3o art\u00edstica da cidade. Perfeita para o uso di\u00e1rio, o seu design \u00fanico combina est\u00e9tica e funcionalidade, celebrando a cultura catal\u00e3 em cada gole. Com uma altura de 9,5 cm, \u00e9 ideal para caf\u00e9 ou ch\u00e1.<\/p>\n","protected":false},"featured_media":9113,"template":"","meta":{"_acf_changed":false},"product_brand":[],"product_cat":[726],"product_tag":[515],"class_list":{"0":"post-33892","1":"product","2":"type-product","3":"status-publish","4":"has-post-thumbnail","6":"product_cat-mugs","7":"product_tag-ceramica","8":"pa_ciudad-barcelona","9":"pa_motivo-mosaico","10":"pa_pais-espana","12":"first","13":"instock","14":"shipping-taxable","15":"product-type-simple"},"acf":[],"_links":{"self":[{"href":"https:\/\/olemosaic.com\/pt-pt\/wp-json\/wp\/v2\/product\/33892","targetHints":{"allow":["GET"]}}],"collection":[{"href":"https:\/\/olemosaic.com\/pt-pt\/wp-json\/wp\/v2\/product"}],"about":[{"href":"https:\/\/olemosaic.com\/pt-pt\/wp-json\/wp\/v2\/types\/product"}],"wp:featuredmedia":[{"embeddable":true,"href":"https:\/\/olemosaic.com\/pt-pt\/wp-json\/wp\/v2\/media\/9113"}],"wp:attachment":[{"href":"https:\/\/olemosaic.com\/pt-pt\/wp-json\/wp\/v2\/media?parent=33892"}],"wp:term":[{"taxonomy":"product_brand","embeddable":true,"href":"https:\/\/olemosaic.com\/pt-pt\/wp-json\/wp\/v2\/product_brand?post=33892"},{"taxonomy":"product_cat","embeddable":true,"href":"https:\/\/olemosaic.com\/pt-pt\/wp-json\/wp\/v2\/product_cat?post=33892"},{"taxonomy":"product_tag","embeddable":true,"href":"https:\/\/olemosaic.com\/pt-pt\/wp-json\/wp\/v2\/product_tag?post=33892"}],"curies":[{"name":"wp","href":"https:\/\/api.w.org\/{rel}","templated":true}]}}