{"id":33891,"date":"2025-02-20T23:33:48","date_gmt":"2025-02-20T22:33:48","guid":{"rendered":"http:\/\/olemosaic.com\/producto\/mug-de-ceramica-delfin-beige\/"},"modified":"2025-07-25T18:34:20","modified_gmt":"2025-07-25T16:34:20","slug":"caneca-de-ceramica-golfinho-bege-pt-pt","status":"publish","type":"product","link":"https:\/\/olemosaic.com\/pt-pt\/produto\/caneca-de-ceramica-golfinho-bege-pt-pt\/","title":{"rendered":"Caneca de cer\u00e2mica. Golfinho. Bege."},"content":{"rendered":"<p>Esta caneca de cer\u00e2mica com design de golfinhos multicoloridos \u00e9 um presente perfeito para os amantes do mar e uma magn\u00edfica recorda\u00e7\u00e3o da costa mediterr\u00e2nica. Com uma atraente cor bege como base, este produto destaca-se pela sua cuidada ilustra\u00e7\u00e3o, que apresenta golfinhos em vibrantes tons de azul, amarelo e vermelho, evocando a alegria e o dinamismo da vida marinha. As formas alegres dos golfinhos espalham-se pela caneca de forma art\u00edstica, enquanto a base azul imita as ondas do oceano, criando um contraste visual impactante.<\/p>\n<p>O interior da caneca tem um acabamento cuidado num chamativo vermelho, o que acrescenta um toque de originalidade e harmonia ao design no seu conjunto. Al\u00e9m disso, inclui uma colher a condizer que n\u00e3o s\u00f3 complementa a sua est\u00e9tica, mas tamb\u00e9m confere funcionalidade, tornando-a um utens\u00edlio pr\u00e1tico para o dia a dia. Esta caneca simboliza a rica diversidade marinha e a liga\u00e7\u00e3o cultural que as comunidades costeiras t\u00eam com o oceano, sendo uma recorda\u00e7\u00e3o perfeita de uma viagem memor\u00e1vel \u00e0 costa.<\/p>\n<p>Na Ol\u00e9 Mosaic, especializamo-nos na distribui\u00e7\u00e3o de souvenirs por grosso, e esta caneca de cer\u00e2mica \u00e9 uma aut\u00eantica op\u00e7\u00e3o de presente para as lojas de recorda\u00e7\u00f5es que procuram produtos \u00fanicos e representativos. Sem d\u00favida, \u00e9 um artigo que cativar\u00e1 os turistas que procuram levar para casa um peda\u00e7o da beleza costeira.<\/p>\n","protected":false},"excerpt":{"rendered":"<p>Caneca de cer\u00e2mica com design de golfinhos multicoloridos, perfeita para os amantes do mar. A sua cor bege \u00e9 complementada por uma cuidada ilustra\u00e7\u00e3o de golfinhos em tons vibrantes, que real\u00e7am as suas formas alegres. A base apresenta um motivo azul que evoca as ondas do oceano, e o interior, com acabamento em vermelho, cria um contraste atraente. Inclui uma colher a condizer, o que acrescenta funcionalidade ao seu design original inspirado na riqueza marinha da costa mediterr\u00e2nica.<\/p>\n","protected":false},"featured_media":7022,"template":"","meta":{"_acf_changed":false},"product_brand":[],"product_cat":[726],"product_tag":[516,515],"class_list":{"0":"post-33891","1":"product","2":"type-product","3":"status-publish","4":"has-post-thumbnail","6":"product_cat-mugs","7":"product_tag-animais","8":"product_tag-ceramica","9":"pa_motivo-golfinhos","11":"first","12":"instock","13":"shipping-taxable","14":"product-type-simple"},"acf":[],"_links":{"self":[{"href":"https:\/\/olemosaic.com\/pt-pt\/wp-json\/wp\/v2\/product\/33891","targetHints":{"allow":["GET"]}}],"collection":[{"href":"https:\/\/olemosaic.com\/pt-pt\/wp-json\/wp\/v2\/product"}],"about":[{"href":"https:\/\/olemosaic.com\/pt-pt\/wp-json\/wp\/v2\/types\/product"}],"wp:featuredmedia":[{"embeddable":true,"href":"https:\/\/olemosaic.com\/pt-pt\/wp-json\/wp\/v2\/media\/7022"}],"wp:attachment":[{"href":"https:\/\/olemosaic.com\/pt-pt\/wp-json\/wp\/v2\/media?parent=33891"}],"wp:term":[{"taxonomy":"product_brand","embeddable":true,"href":"https:\/\/olemosaic.com\/pt-pt\/wp-json\/wp\/v2\/product_brand?post=33891"},{"taxonomy":"product_cat","embeddable":true,"href":"https:\/\/olemosaic.com\/pt-pt\/wp-json\/wp\/v2\/product_cat?post=33891"},{"taxonomy":"product_tag","embeddable":true,"href":"https:\/\/olemosaic.com\/pt-pt\/wp-json\/wp\/v2\/product_tag?post=33891"}],"curies":[{"name":"wp","href":"https:\/\/api.w.org\/{rel}","templated":true}]}}