{"id":33890,"date":"2025-02-20T23:33:48","date_gmt":"2025-02-20T22:33:48","guid":{"rendered":"http:\/\/olemosaic.com\/producto\/mug-de-ceramica-buho-barcelona-beige\/"},"modified":"2025-07-25T19:33:23","modified_gmt":"2025-07-25T17:33:23","slug":"caneca-de-ceramica-coruja-barcelona-bege","status":"publish","type":"product","link":"https:\/\/olemosaic.com\/pt-pt\/produto\/caneca-de-ceramica-coruja-barcelona-bege\/","title":{"rendered":"Caneca de cer\u00e2mica. Coruja. Barcelona. Bege."},"content":{"rendered":"<p>Esta caneca de cer\u00e2mica com design de coruja \u00e9 uma recorda\u00e7\u00e3o encantadora da vibrante cidade de Barcelona, ideal para quem quer levar um peda\u00e7o da cultura catal\u00e3. Esta atraente caneca bege apresenta uma colorida ilustra\u00e7\u00e3o de duas corujas em estilo mosaico, que captura a ess\u00eancia art\u00edstica que caracteriza a cidade. Com tons que v\u00e3o do amarelo e azul ao vermelho e verde, as corujas conferem um toque visual cativante, sobretudo no contexto do famoso mosaico de Gaud\u00ed que adorna muitas estruturas de Barcelona.<\/p>\n<p>Decorada com ramos de folhas verdes e a palavra &#8220;Barcelona&#8221; num formato alegre e atraente, esta caneca n\u00e3o \u00e9 apenas funcional, mas torna-se uma pe\u00e7a decorativa que evoca a rica biodiversidade e a arte local. O seu design inclui uma colher a condizer, perfeita para desfrutar das suas bebidas quentes ou frias. Este souvenir combina na perfei\u00e7\u00e3o utilidade e est\u00e9tica, o que o torna um excelente presente ou recorda\u00e7\u00e3o para turistas e amantes da cidade.<\/p>\n<p>Na Ol\u00e9 Mosaic, especializamo-nos na distribui\u00e7\u00e3o de souvenirs por grosso, oferecendo produtos aut\u00eanticos que refletem a cultura da sua origem. Esta caneca de corujas \u00e9 uma excelente op\u00e7\u00e3o para lojas de presentes tur\u00edsticos que desejem oferecer aos seus clientes uma pe\u00e7a representativa de Barcelona. Connosco, encontrar\u00e1 aut\u00eanticos souvenirs de cer\u00e2mica que celebram a rica tradi\u00e7\u00e3o art\u00edstica da regi\u00e3o, tornando-os op\u00e7\u00f5es ideais para qualquer visitante.<\/p>\n","protected":false},"excerpt":{"rendered":"<p>Caneca de cer\u00e2mica com design de coruja, inspirada na vibrante cidade de Barcelona. Esta atraente caneca bege apresenta uma colorida ilustra\u00e7\u00e3o de duas corujas ao estilo mosaico, com tons que v\u00e3o do amarelo e azul ao vermelho e verde, conferindo um toque art\u00edstico. Decorada com ramos de folhas verdes e a palavra &#8220;Barcelona&#8221;, \u00e9 um excelente souvenir que combina funcionalidade e um design encantador. Inclui uma colher a condizer, ideal para desfrutar das suas bebidas favoritas.<\/p>\n","protected":false},"featured_media":7210,"template":"","meta":{"_acf_changed":false},"product_brand":[],"product_cat":[726],"product_tag":[516,515],"class_list":{"0":"post-33890","1":"product","2":"type-product","3":"status-publish","4":"has-post-thumbnail","6":"product_cat-mugs","7":"product_tag-animais","8":"product_tag-ceramica","9":"pa_ciudad-barcelona","10":"pa_motivo-corujas","11":"pa_pais-espana","13":"first","14":"instock","15":"shipping-taxable","16":"product-type-simple"},"acf":[],"_links":{"self":[{"href":"https:\/\/olemosaic.com\/pt-pt\/wp-json\/wp\/v2\/product\/33890","targetHints":{"allow":["GET"]}}],"collection":[{"href":"https:\/\/olemosaic.com\/pt-pt\/wp-json\/wp\/v2\/product"}],"about":[{"href":"https:\/\/olemosaic.com\/pt-pt\/wp-json\/wp\/v2\/types\/product"}],"wp:featuredmedia":[{"embeddable":true,"href":"https:\/\/olemosaic.com\/pt-pt\/wp-json\/wp\/v2\/media\/7210"}],"wp:attachment":[{"href":"https:\/\/olemosaic.com\/pt-pt\/wp-json\/wp\/v2\/media?parent=33890"}],"wp:term":[{"taxonomy":"product_brand","embeddable":true,"href":"https:\/\/olemosaic.com\/pt-pt\/wp-json\/wp\/v2\/product_brand?post=33890"},{"taxonomy":"product_cat","embeddable":true,"href":"https:\/\/olemosaic.com\/pt-pt\/wp-json\/wp\/v2\/product_cat?post=33890"},{"taxonomy":"product_tag","embeddable":true,"href":"https:\/\/olemosaic.com\/pt-pt\/wp-json\/wp\/v2\/product_tag?post=33890"}],"curies":[{"name":"wp","href":"https:\/\/api.w.org\/{rel}","templated":true}]}}