{"id":33872,"date":"2025-02-20T23:33:47","date_gmt":"2025-02-20T22:33:47","guid":{"rendered":"http:\/\/olemosaic.com\/producto\/mug-de-ceramica-valencia-blanco-95-cm\/"},"modified":"2025-07-25T19:27:28","modified_gmt":"2025-07-25T17:27:28","slug":"caneca-de-ceramica-valencia-branco-9-5-cm","status":"publish","type":"product","link":"https:\/\/olemosaic.com\/pt-pt\/produto\/caneca-de-ceramica-valencia-branco-9-5-cm\/","title":{"rendered":"Caneca de cer\u00e2mica. Val\u00eancia. Branco. 9,5 cm."},"content":{"rendered":"<p>Esta caneca de cer\u00e2mica branca \u00e9 uma representa\u00e7\u00e3o perfeita do legado arquitet\u00f3nico moderno de Val\u00eancia, pensada para quem deseja levar consigo um peda\u00e7o desta vibrante cidade. Com uma altura de 9,5 cm, a sua forma elegante complementa-se com ilustra\u00e7\u00f5es do emblem\u00e1tico complexo da Cidade das Artes e das Ci\u00eancias, que se destacam pelos seus detalhes em tons azuis e amarelos, evocando o din\u00e2mico estilo contempor\u00e2neo que caracteriza Val\u00eancia. O interior da caneca, pintado numa atraente cor azul, cria um belo contraste com o design exterior, que mostra mosaicos coloridos que evocam a famosa tradi\u00e7\u00e3o art\u00edstica da regi\u00e3o.<\/p>\n<p>Esta caneca n\u00e3o \u00e9 apenas um acess\u00f3rio funcional para desfrutar das suas bebidas favoritas, mas tamb\u00e9m um souvenir significativo que celebra a rica cultura e arquitetura de Val\u00eancia. A combina\u00e7\u00e3o do seu design contempor\u00e2neo com elementos tradicionais faz desta caneca uma recorda\u00e7\u00e3o aut\u00eantica da cidade, ideal para turistas que procuram souvenirs que representem a ess\u00eancia local.<\/p>\n<p>Na Ol\u00e9 Mosaic, somos distribuidores de souvenirs de cer\u00e2mica, especializados em oferecer produtos \u00fanicos por grosso. Esta caneca de cer\u00e2mica \u00e9 uma op\u00e7\u00e3o excecional para lojas de presentes tur\u00edsticos, conferindo um toque de autenticidade e estilo contempor\u00e2neo que certamente encantar\u00e1 os visitantes que desejem recordar a sua experi\u00eancia na radiante Val\u00eancia.<\/p>\n","protected":false},"excerpt":{"rendered":"<p>Caneca de cer\u00e2mica branca inspirada na arquitetura moderna de Val\u00eancia, com uma altura de 9,5 cm. Decorada com ilustra\u00e7\u00f5es do emblem\u00e1tico complexo da Cidade das Artes e das Ci\u00eancias, apresenta detalhes em tons azuis e amarelos que real\u00e7am o seu design contempor\u00e2neo. O interior da caneca \u00e9 azul, o que complementa o exterior, onde se apreciam mosaicos coloridos que evocam o famoso estilo art\u00edstico da regi\u00e3o. Perfeita para desfrutar das suas bebidas favoritas com um toque do encanto valenciano.<\/p>\n","protected":false},"featured_media":9876,"template":"","meta":{"_acf_changed":false},"product_brand":[],"product_cat":[726],"product_tag":[515],"class_list":{"0":"post-33872","1":"product","2":"type-product","3":"status-publish","4":"has-post-thumbnail","6":"product_cat-mugs","7":"product_tag-ceramica","8":"pa_ciudad-valencia","9":"pa_pais-espana","11":"first","12":"instock","13":"shipping-taxable","14":"product-type-simple"},"acf":[],"_links":{"self":[{"href":"https:\/\/olemosaic.com\/pt-pt\/wp-json\/wp\/v2\/product\/33872","targetHints":{"allow":["GET"]}}],"collection":[{"href":"https:\/\/olemosaic.com\/pt-pt\/wp-json\/wp\/v2\/product"}],"about":[{"href":"https:\/\/olemosaic.com\/pt-pt\/wp-json\/wp\/v2\/types\/product"}],"wp:featuredmedia":[{"embeddable":true,"href":"https:\/\/olemosaic.com\/pt-pt\/wp-json\/wp\/v2\/media\/9876"}],"wp:attachment":[{"href":"https:\/\/olemosaic.com\/pt-pt\/wp-json\/wp\/v2\/media?parent=33872"}],"wp:term":[{"taxonomy":"product_brand","embeddable":true,"href":"https:\/\/olemosaic.com\/pt-pt\/wp-json\/wp\/v2\/product_brand?post=33872"},{"taxonomy":"product_cat","embeddable":true,"href":"https:\/\/olemosaic.com\/pt-pt\/wp-json\/wp\/v2\/product_cat?post=33872"},{"taxonomy":"product_tag","embeddable":true,"href":"https:\/\/olemosaic.com\/pt-pt\/wp-json\/wp\/v2\/product_tag?post=33872"}],"curies":[{"name":"wp","href":"https:\/\/api.w.org\/{rel}","templated":true}]}}