{"id":33871,"date":"2025-02-20T23:33:47","date_gmt":"2025-02-20T22:33:47","guid":{"rendered":"http:\/\/olemosaic.com\/producto\/mug-de-ceramica-caballito-de-mar-mallorca-beige\/"},"modified":"2025-07-25T19:04:28","modified_gmt":"2025-07-25T17:04:28","slug":"caneca-de-ceramica-cavalo-marinho-maiorca-bege","status":"publish","type":"product","link":"https:\/\/olemosaic.com\/pt-pt\/produto\/caneca-de-ceramica-cavalo-marinho-maiorca-bege\/","title":{"rendered":"Caneca de cer\u00e2mica. Cavalo-marinho. Maiorca. Bege."},"content":{"rendered":"<p>Esta caneca de cer\u00e2mica decorada com cavalos-marinhos \u00e9 um souvenir encantador que captura a ess\u00eancia marinha de Maiorca. O seu design pintado \u00e0 m\u00e3o apresenta uma vibrante paleta de cores que real\u00e7a os detalhes marinhos, com cavalos-marinhos estilizados em tons azuis, vermelhos e verdes que nadam entre vegeta\u00e7\u00e3o aqu\u00e1tica. O fundo bege confere um toque elegante e quente, emoldurando na perfei\u00e7\u00e3o as ilustra\u00e7\u00f5es e fazendo com que cada detalhe brilhe. A parte superior da caneca destaca a palavra &#8220;MALLORCA&#8221; em letras chamativas, tornando-a uma recorda\u00e7\u00e3o perfeita desta id\u00edlica ilha do Mediterr\u00e2neo. Esta caneca vem acompanhada de uma colher a condizer, ideal para desfrutar das suas bebidas favoritas, desde um caf\u00e9 pela manh\u00e3 at\u00e9 uma infus\u00e3o \u00e0 tarde. O seu design n\u00e3o s\u00f3 \u00e9 atraente esteticamente, mas tamb\u00e9m celebra a rica biodiversidade marinha de Maiorca, elevando este artigo a um s\u00edmbolo aut\u00eantico da cultura local. Na Ol\u00e9 Mosaic, especializamo-nos na distribui\u00e7\u00e3o de souvenirs por grosso, oferecendo esta caneca de cer\u00e2mica como uma excelente op\u00e7\u00e3o para lojas de presentes tur\u00edsticos que procuram produtos relevantes e aut\u00eanticos. Uma caneca que n\u00e3o s\u00f3 \u00e9 funcional, mas tamb\u00e9m uma encantadora recorda\u00e7\u00e3o da beleza do Mediterr\u00e2neo, perfeita para quem deseja levar consigo um peda\u00e7o de Maiorca.<\/p>\n","protected":false},"excerpt":{"rendered":"<p>Caneca de cer\u00e2mica adornada com coloridos cavalos-marinhos, inspirada na beleza marinha de Maiorca. Este elegante recipiente apresenta um design artesanal, pintado \u00e0 m\u00e3o, com detalhes em tons vibrantes e um fundo bege que real\u00e7a os motivos marinhos. Na parte superior, a palavra &#8220;MALLORCA&#8221; surge em letras chamativas, enquanto os cavalos-marinhos e a vegeta\u00e7\u00e3o aqu\u00e1tica acrescentam um toque art\u00edstico e mediterr\u00e2neo. Completa-se com uma colher a condizer, ideal para desfrutar das suas bebidas favoritas.<\/p>\n","protected":false},"featured_media":7018,"template":"","meta":{"_acf_changed":false},"product_brand":[],"product_cat":[726],"product_tag":[516,515],"class_list":{"0":"post-33871","1":"product","2":"type-product","3":"status-publish","4":"has-post-thumbnail","6":"product_cat-mugs","7":"product_tag-animais","8":"product_tag-ceramica","9":"pa_ciudad-mallorca","10":"pa_motivo-cavalos-marinhos","11":"pa_pais-espana","13":"first","14":"instock","15":"shipping-taxable","16":"product-type-simple"},"acf":[],"_links":{"self":[{"href":"https:\/\/olemosaic.com\/pt-pt\/wp-json\/wp\/v2\/product\/33871","targetHints":{"allow":["GET"]}}],"collection":[{"href":"https:\/\/olemosaic.com\/pt-pt\/wp-json\/wp\/v2\/product"}],"about":[{"href":"https:\/\/olemosaic.com\/pt-pt\/wp-json\/wp\/v2\/types\/product"}],"wp:featuredmedia":[{"embeddable":true,"href":"https:\/\/olemosaic.com\/pt-pt\/wp-json\/wp\/v2\/media\/7018"}],"wp:attachment":[{"href":"https:\/\/olemosaic.com\/pt-pt\/wp-json\/wp\/v2\/media?parent=33871"}],"wp:term":[{"taxonomy":"product_brand","embeddable":true,"href":"https:\/\/olemosaic.com\/pt-pt\/wp-json\/wp\/v2\/product_brand?post=33871"},{"taxonomy":"product_cat","embeddable":true,"href":"https:\/\/olemosaic.com\/pt-pt\/wp-json\/wp\/v2\/product_cat?post=33871"},{"taxonomy":"product_tag","embeddable":true,"href":"https:\/\/olemosaic.com\/pt-pt\/wp-json\/wp\/v2\/product_tag?post=33871"}],"curies":[{"name":"wp","href":"https:\/\/api.w.org\/{rel}","templated":true}]}}