{"id":33870,"date":"2025-02-20T23:33:47","date_gmt":"2025-02-20T22:33:47","guid":{"rendered":"http:\/\/olemosaic.com\/producto\/iman-de-metal-sagrada-familia-barcelona-plata-8-cm-10\/"},"modified":"2025-07-25T19:49:40","modified_gmt":"2025-07-25T17:49:40","slug":"iman-de-metal-sagrada-familia-barcelona-prata-8-cm-10","status":"publish","type":"product","link":"https:\/\/olemosaic.com\/pt-pt\/produto\/iman-de-metal-sagrada-familia-barcelona-prata-8-cm-10\/","title":{"rendered":"\u00cdman de metal. Sagrada Fam\u00edlia. I \u2665 Barcelona. Barcelona. Prata. 8 cm."},"content":{"rendered":"<p>Este magn\u00edfico \u00edman met\u00e1lico de 8 cm apresenta uma vibrante ilustra\u00e7\u00e3o da Sagrada Fam\u00edlia, um dos monumentos mais emblem\u00e1ticos de Barcelona. Com um design contempor\u00e2neo que imita a beleza dos vitrais, este \u00edman captura a ess\u00eancia art\u00edstica da famosa bas\u00edlica de Antoni Gaud\u00ed. As coloridas torres e fachadas est\u00e3o representadas em tons quentes e alegres, criando um apelo visual que chama a aten\u00e7\u00e3o e evoca a singularidade desta obra-prima do modernismo catal\u00e3o. Al\u00e9m disso, a frase &#8220;I \u2665 Barcelona&#8221; aparece em letras estilizadas, garantindo que este \u00edman n\u00e3o seja apenas uma recorda\u00e7\u00e3o funcional, mas tamb\u00e9m uma declara\u00e7\u00e3o de amor pela Cidade Condal.<\/p>\n<p>A Sagrada Fam\u00edlia, com a sua inconfund\u00edvel arquitetura e a sua longa hist\u00f3ria de constru\u00e7\u00e3o, simboliza a criatividade e o esp\u00edrito inovador de Barcelona, tornando-se um aut\u00eantico \u00edcone cultural. Este souvenir n\u00e3o s\u00f3 \u00e9 uma excelente forma de recordar a sua visita a esta vibrante cidade cheia de arte e cultura, mas tamb\u00e9m \u00e9 um presente perfeito para turistas que procuram uma recorda\u00e7\u00e3o t\u00edpica e aut\u00eantica. Na Ol\u00e9 Mosaic, somos distribuidores de souvenirs por grosso, e este \u00edman \u00e9 ideal para lojas de presentes tur\u00edsticos que queiram oferecer produtos de qualidade que liguem \u00e0 hist\u00f3ria e \u00e0 singularidade de Barcelona. N\u00e3o perca a oportunidade de incluir este \u00edman da Sagrada Fam\u00edlia na sua oferta de souvenirs.<\/p>\n","protected":false},"excerpt":{"rendered":"<p>\u00cdman met\u00e1lico de 8 cm com uma vibrante ilustra\u00e7\u00e3o da Sagrada Fam\u00edlia, um dos monumentos mais emblem\u00e1ticos de Barcelona. O design, colorido e contempor\u00e2neo, imita os vitrais e mostra as caracter\u00edsticas torres e fachadas da bas\u00edlica em tons quentes e alegres, complementado com a frase &#8220;I \u2665 Barcelona&#8221; em letras estilizadas. Perfeito para recordar a sua visita a esta cidade cheia de arte e arquitetura.<\/p>\n","protected":false},"featured_media":13536,"template":"","meta":{"_acf_changed":false},"product_brand":[],"product_cat":[699],"product_tag":[],"class_list":{"0":"post-33870","1":"product","2":"type-product","3":"status-publish","4":"has-post-thumbnail","6":"product_cat-imanes","7":"pa_ciudad-barcelona","8":"pa_motivo-sagrada-familia","9":"pa_pais-espana","11":"first","12":"instock","13":"shipping-taxable","14":"product-type-simple"},"acf":[],"_links":{"self":[{"href":"https:\/\/olemosaic.com\/pt-pt\/wp-json\/wp\/v2\/product\/33870","targetHints":{"allow":["GET"]}}],"collection":[{"href":"https:\/\/olemosaic.com\/pt-pt\/wp-json\/wp\/v2\/product"}],"about":[{"href":"https:\/\/olemosaic.com\/pt-pt\/wp-json\/wp\/v2\/types\/product"}],"wp:featuredmedia":[{"embeddable":true,"href":"https:\/\/olemosaic.com\/pt-pt\/wp-json\/wp\/v2\/media\/13536"}],"wp:attachment":[{"href":"https:\/\/olemosaic.com\/pt-pt\/wp-json\/wp\/v2\/media?parent=33870"}],"wp:term":[{"taxonomy":"product_brand","embeddable":true,"href":"https:\/\/olemosaic.com\/pt-pt\/wp-json\/wp\/v2\/product_brand?post=33870"},{"taxonomy":"product_cat","embeddable":true,"href":"https:\/\/olemosaic.com\/pt-pt\/wp-json\/wp\/v2\/product_cat?post=33870"},{"taxonomy":"product_tag","embeddable":true,"href":"https:\/\/olemosaic.com\/pt-pt\/wp-json\/wp\/v2\/product_tag?post=33870"}],"curies":[{"name":"wp","href":"https:\/\/api.w.org\/{rel}","templated":true}]}}