{"id":33861,"date":"2025-02-20T22:33:46","date_gmt":"2025-02-20T22:33:46","guid":{"rendered":"http:\/\/olemosaic.com\/producto\/llavero-de-metal-salamandra\/"},"modified":"2025-07-25T19:22:28","modified_gmt":"2025-07-25T17:22:28","slug":"porta-chaves-de-metal-salamandra","status":"publish","type":"product","link":"https:\/\/olemosaic.com\/pt-pt\/produto\/porta-chaves-de-metal-salamandra\/","title":{"rendered":"Porta-chaves de metal. Salamandra."},"content":{"rendered":"<p>Este porta-chaves met\u00e1lico com a forma de uma salamandra \u00e9 uma recorda\u00e7\u00e3o encantadora que captura a ess\u00eancia da arte do mosaico espanhol, um s\u00edmbolo da rica heran\u00e7a cultural de Espanha. O seu vibrante design destaca uma paleta de cores brilhantes como o azul, o verde, o amarelo e o vermelho, evocando a beleza da paisagem e a tradi\u00e7\u00e3o art\u00edstica do pa\u00eds. A salamandra, com as suas formas curvas e elegantes, \u00e9 adornada com um acabamento brilhante que reflete a luz, tornando este porta-chaves um objeto atrativo e chamativo.<\/p>\n<p>Gravado no corpo da salamandra, o texto &#8220;Espa\u00f1a&#8221; adiciona um toque pessoal, tornando-o uma recorda\u00e7\u00e3o ideal para quem deseja levar consigo um fragmento da sua visita. Este porta-chaves n\u00e3o s\u00f3 \u00e9 funcional, como tamb\u00e9m representa uma pe\u00e7a de arte que presta homenagem \u00e0 rica biodiversidade e \u00e0s tradi\u00e7\u00f5es culturais da pen\u00ednsula ib\u00e9rica. Sendo uma recorda\u00e7\u00e3o t\u00edpica, \u00e9 uma excelente op\u00e7\u00e3o para os turistas que procuram algo verdadeiramente representativo da sua experi\u00eancia em Espanha.<\/p>\n<p>A Ol\u00e9 Mosaic orgulha-se de oferecer este porta-chaves de salamandra como parte da sua cole\u00e7\u00e3o de recorda\u00e7\u00f5es por grosso, ideal para lojas de presentes tur\u00edsticos que desejam importar produtos aut\u00eanticos e coloridos. Este porta-chaves met\u00e1lico n\u00e3o s\u00f3 \u00e9 um acess\u00f3rio pr\u00e1tico, como tamb\u00e9m reflete a alegria e o esp\u00edrito art\u00edstico que caracteriza as recorda\u00e7\u00f5es de Espanha.<\/p>\n","protected":false},"excerpt":{"rendered":"<p>Porta-chaves de metal com a forma de uma salamandra, que destaca o famoso design de mosaico espanhol. Este atrativo porta-chaves apresenta uma elabora\u00e7\u00e3o vibrante com cores como o azul, o verde, o amarelo e o vermelho, que representam a riqueza cultural de Espanha. A salamandra est\u00e1 decorada com um acabamento brilhante e um texto que diz &#8220;Espa\u00f1a&#8221;, o que o torna uma recorda\u00e7\u00e3o ideal para recordar a sua visita. O seu design \u00fanico e colorido torna-o perfeito como presente ou para adicionar um toque art\u00edstico \u00e0s suas chaves.<\/p>\n","protected":false},"featured_media":6488,"template":"","meta":{"_acf_changed":false},"product_brand":[],"product_cat":[611],"product_tag":[516],"class_list":{"0":"post-33861","1":"product","2":"type-product","3":"status-publish","4":"has-post-thumbnail","6":"product_cat-porta-chaves","7":"product_tag-animais","8":"pa_motivo-salamandras","10":"first","11":"instock","12":"shipping-taxable","13":"product-type-simple"},"acf":[],"_links":{"self":[{"href":"https:\/\/olemosaic.com\/pt-pt\/wp-json\/wp\/v2\/product\/33861","targetHints":{"allow":["GET"]}}],"collection":[{"href":"https:\/\/olemosaic.com\/pt-pt\/wp-json\/wp\/v2\/product"}],"about":[{"href":"https:\/\/olemosaic.com\/pt-pt\/wp-json\/wp\/v2\/types\/product"}],"wp:featuredmedia":[{"embeddable":true,"href":"https:\/\/olemosaic.com\/pt-pt\/wp-json\/wp\/v2\/media\/6488"}],"wp:attachment":[{"href":"https:\/\/olemosaic.com\/pt-pt\/wp-json\/wp\/v2\/media?parent=33861"}],"wp:term":[{"taxonomy":"product_brand","embeddable":true,"href":"https:\/\/olemosaic.com\/pt-pt\/wp-json\/wp\/v2\/product_brand?post=33861"},{"taxonomy":"product_cat","embeddable":true,"href":"https:\/\/olemosaic.com\/pt-pt\/wp-json\/wp\/v2\/product_cat?post=33861"},{"taxonomy":"product_tag","embeddable":true,"href":"https:\/\/olemosaic.com\/pt-pt\/wp-json\/wp\/v2\/product_tag?post=33861"}],"curies":[{"name":"wp","href":"https:\/\/api.w.org\/{rel}","templated":true}]}}