{"id":33860,"date":"2025-02-20T22:33:46","date_gmt":"2025-02-20T22:33:46","guid":{"rendered":"http:\/\/olemosaic.com\/producto\/llavero-de-metal-salamandra-mallorca\/"},"modified":"2025-07-25T19:56:59","modified_gmt":"2025-07-25T17:56:59","slug":"porta-chaves-de-metal-salamandra-maiorca","status":"publish","type":"product","link":"https:\/\/olemosaic.com\/pt-pt\/produto\/porta-chaves-de-metal-salamandra-maiorca\/","title":{"rendered":"Porta-chaves de metal. Salamandra. Maiorca."},"content":{"rendered":"<p>Este porta-chaves met\u00e1lico com a forma de uma salamandra \u00e9 uma encantadora recorda\u00e7\u00e3o de Maiorca que captura a vibrante ess\u00eancia da fauna balear. O seu design art\u00edstico, inspirado na tradi\u00e7\u00e3o do mosaico, apresenta uma explos\u00e3o de cor com tonalidades verdes, vermelhas, azuis e amarelas, que evocam a rica biodiversidade da ilha. A figura da salamandra, conhecida por ser um s\u00edmbolo de boa sorte em muitas culturas, est\u00e1 elegantemente contornada e tem a palavra &#8220;Mallorca&#8221; gravada no seu corpo, o que adiciona um toque distintivo e pessoal a este produto.<\/p>\n<p>O porta-chaves \u00e9 leve e duradouro gra\u00e7as ao seu material met\u00e1lico, o que garante que possa levar esta bela representa\u00e7\u00e3o cultural para onde quiser. O seu design n\u00e3o s\u00f3 funciona como um pr\u00e1tico suporte para as chaves, mas tamb\u00e9m atua como um lembrete constante da diversidade e beleza de Maiorca, tornando-o uma excelente escolha para turistas que procuram recorda\u00e7\u00f5es aut\u00eanticas e representativas da sua experi\u00eancia na ilha.<\/p>\n<p>Na Ol\u00e9 Mosaic, somos especialistas na distribui\u00e7\u00e3o de recorda\u00e7\u00f5es por grosso e oferecemos produtos que destacam a autenticidade e o valor cultural de cada regi\u00e3o. Este porta-chaves de salamandra \u00e9 uma op\u00e7\u00e3o ideal para lojas de presentes tur\u00edsticos que procuram produtos de qualidade e um design atrativo, assegurando a satisfa\u00e7\u00e3o dos seus clientes com recorda\u00e7\u00f5es de Maiorca que perduram no tempo.<\/p>\n","protected":false},"excerpt":{"rendered":"<p>Porta-chaves met\u00e1lico com a forma de uma salamandra, inspirado no folclore de Maiorca. Este colorido porta-chaves apresenta um vibrante design de mosaico com tonalidades verdes, vermelhas, azuis e amarelas, que evocam a fauna local. A salamandra exibe a palavra &#8220;Mallorca&#8221; gravada no seu corpo, o que lhe confere um toque distintivo. Perfeito como recorda\u00e7\u00e3o, este porta-chaves combina funcionalidade com um design art\u00edstico que representa a cultura balear.<\/p>\n","protected":false},"featured_media":6487,"template":"","meta":{"_acf_changed":false},"product_brand":[],"product_cat":[611],"product_tag":[516],"class_list":{"0":"post-33860","1":"product","2":"type-product","3":"status-publish","4":"has-post-thumbnail","6":"product_cat-porta-chaves","7":"product_tag-animais","8":"pa_ciudad-mallorca","9":"pa_motivo-salamandras","10":"pa_pais-espana","12":"first","13":"instock","14":"shipping-taxable","15":"product-type-simple"},"acf":[],"_links":{"self":[{"href":"https:\/\/olemosaic.com\/pt-pt\/wp-json\/wp\/v2\/product\/33860","targetHints":{"allow":["GET"]}}],"collection":[{"href":"https:\/\/olemosaic.com\/pt-pt\/wp-json\/wp\/v2\/product"}],"about":[{"href":"https:\/\/olemosaic.com\/pt-pt\/wp-json\/wp\/v2\/types\/product"}],"wp:featuredmedia":[{"embeddable":true,"href":"https:\/\/olemosaic.com\/pt-pt\/wp-json\/wp\/v2\/media\/6487"}],"wp:attachment":[{"href":"https:\/\/olemosaic.com\/pt-pt\/wp-json\/wp\/v2\/media?parent=33860"}],"wp:term":[{"taxonomy":"product_brand","embeddable":true,"href":"https:\/\/olemosaic.com\/pt-pt\/wp-json\/wp\/v2\/product_brand?post=33860"},{"taxonomy":"product_cat","embeddable":true,"href":"https:\/\/olemosaic.com\/pt-pt\/wp-json\/wp\/v2\/product_cat?post=33860"},{"taxonomy":"product_tag","embeddable":true,"href":"https:\/\/olemosaic.com\/pt-pt\/wp-json\/wp\/v2\/product_tag?post=33860"}],"curies":[{"name":"wp","href":"https:\/\/api.w.org\/{rel}","templated":true}]}}