{"id":33859,"date":"2025-02-20T22:33:46","date_gmt":"2025-02-20T22:33:46","guid":{"rendered":"http:\/\/olemosaic.com\/producto\/llavero-de-metal-elefante\/"},"modified":"2025-07-25T18:33:59","modified_gmt":"2025-07-25T16:33:59","slug":"porta-chaves-de-metal-elefante","status":"publish","type":"product","link":"https:\/\/olemosaic.com\/pt-pt\/produto\/porta-chaves-de-metal-elefante\/","title":{"rendered":"Porta-chaves de metal. Elefante."},"content":{"rendered":"<p>Este porta-chaves met\u00e1lico com a forma de um elefante \u00e9 um acess\u00f3rio \u00fanico e colorido que funde funcionalidade com um toque art\u00edstico. Decorado com um design vibrante que incorpora tons como o vermelho, o amarelo, o azul e o verde, este porta-chaves destaca-se pela sua est\u00e9tica visual expressiva. Os detalhes esmaltados real\u00e7am a forma do elefante, que simboliza a boa sorte, enquanto os cristais azuis adicionam um brilho especial, captando a aten\u00e7\u00e3o de quem o v\u00ea.<\/p>\n<p>A t\u00e9cnica de esmaltagem empregada no seu fabrico n\u00e3o s\u00f3 garante durabilidade, como tamb\u00e9m oferece um acabamento brilhante e atrativo que converte este porta-chaves numa recorda\u00e7\u00e3o ideal tanto para Espanha como para Portugal. Este elefante, tradicionalmente associado \u00e0 boa fortuna, reflete a rica cultura e o simbolismo da regi\u00e3o, fazendo de cada porta-chaves uma pe\u00e7a representativa.<\/p>\n<p>Na Ol\u00e9 Mosaic dedicamo-nos \u00e0 distribui\u00e7\u00e3o de recorda\u00e7\u00f5es por grosso, e este porta-chaves \u00e9 uma excelente op\u00e7\u00e3o para lojas de presentes tur\u00edsticos que procuram artigos aut\u00eanticos e significativos. Com o seu design cativante e a sua liga\u00e7\u00e3o cultural, este porta-chaves de elefante torna-se uma recorda\u00e7\u00e3o memor\u00e1vel, perfeita para os turistas que desejam levar consigo uma parte da beleza e do simbolismo da cultura ib\u00e9rica.<\/p>\n","protected":false},"excerpt":{"rendered":"<p>Porta-chaves de metal com a forma de um elefante, decorado com um colorido design que combina tons vibrantes como vermelho, amarelo, azul e verde. Este original porta-chaves inclui detalhes com cristais azuis que adicionam um toque de brilho. A representa\u00e7\u00e3o do elefante, s\u00edmbolo de boa sorte, \u00e9 elaborada com uma t\u00e9cnica de esmaltagem que real\u00e7a a sua est\u00e9tica art\u00edstica. Ideal como recorda\u00e7\u00e3o de Espanha ou Portugal, funde funcionalidade e beleza num s\u00f3 acess\u00f3rio.<\/p>\n","protected":false},"featured_media":6706,"template":"","meta":{"_acf_changed":false},"product_brand":[],"product_cat":[611],"product_tag":[516],"class_list":{"0":"post-33859","1":"product","2":"type-product","3":"status-publish","4":"has-post-thumbnail","6":"product_cat-porta-chaves","7":"product_tag-animais","8":"pa_motivo-elefantes","10":"first","11":"instock","12":"shipping-taxable","13":"product-type-simple"},"acf":[],"_links":{"self":[{"href":"https:\/\/olemosaic.com\/pt-pt\/wp-json\/wp\/v2\/product\/33859","targetHints":{"allow":["GET"]}}],"collection":[{"href":"https:\/\/olemosaic.com\/pt-pt\/wp-json\/wp\/v2\/product"}],"about":[{"href":"https:\/\/olemosaic.com\/pt-pt\/wp-json\/wp\/v2\/types\/product"}],"wp:featuredmedia":[{"embeddable":true,"href":"https:\/\/olemosaic.com\/pt-pt\/wp-json\/wp\/v2\/media\/6706"}],"wp:attachment":[{"href":"https:\/\/olemosaic.com\/pt-pt\/wp-json\/wp\/v2\/media?parent=33859"}],"wp:term":[{"taxonomy":"product_brand","embeddable":true,"href":"https:\/\/olemosaic.com\/pt-pt\/wp-json\/wp\/v2\/product_brand?post=33859"},{"taxonomy":"product_cat","embeddable":true,"href":"https:\/\/olemosaic.com\/pt-pt\/wp-json\/wp\/v2\/product_cat?post=33859"},{"taxonomy":"product_tag","embeddable":true,"href":"https:\/\/olemosaic.com\/pt-pt\/wp-json\/wp\/v2\/product_tag?post=33859"}],"curies":[{"name":"wp","href":"https:\/\/api.w.org\/{rel}","templated":true}]}}