{"id":33858,"date":"2025-02-20T22:33:46","date_gmt":"2025-02-20T22:33:46","guid":{"rendered":"http:\/\/olemosaic.com\/producto\/llavero-de-metal-bailaora-madrid\/"},"modified":"2025-07-25T19:42:13","modified_gmt":"2025-07-25T17:42:13","slug":"porta-chaves-de-metal-bailarina-madrid","status":"publish","type":"product","link":"https:\/\/olemosaic.com\/pt-pt\/produto\/porta-chaves-de-metal-bailarina-madrid\/","title":{"rendered":"Porta-chaves de metal. Bailarina. Madrid."},"content":{"rendered":"<p>Este porta-chaves met\u00e1lico com a forma de uma bailarina \u00e9 uma vibrante homenagem \u00e0 arte flamenca, que encerra a ess\u00eancia de Madrid. O seu design alegre e colorido mostra uma bailarina em pleno movimento, cujo vestido \u00e9 adornado com uma paleta de tons intensos e variados, refletindo a energia e o ritmo desta tradi\u00e7\u00e3o espanhola. Com o cabelo apanhado e um leque na m\u00e3o, a figura n\u00e3o s\u00f3 se destaca pela sua beleza, mas tamb\u00e9m captura a autenticidade do folclore madrileno, tornando-o uma recorda\u00e7\u00e3o ideal para quem deseja levar consigo um peda\u00e7o da cultura espanhola.<\/p>\n<p>Este porta-chaves \u00e9 mais do que um simples objeto funcional; \u00e9 uma recorda\u00e7\u00e3o evocativa que permite relembrar momentos vividos na capital de Espanha. A meticulosa aten\u00e7\u00e3o aos detalhes no vestu\u00e1rio e nos elementos decorativos do design real\u00e7am o seu atrativo, tornando-o perfeito como presente ou para adicionar um toque especial \u00e0s chaves. Na Ol\u00e9 Mosaic, somos l\u00edderes na distribui\u00e7\u00e3o de recorda\u00e7\u00f5es por grosso, e este porta-chaves de bailarinas \u00e9 uma excelente escolha para lojas de presentes tur\u00edsticos que procuram oferecer artigos que celebrem a rica heran\u00e7a cultural de Espanha. Com a sua autenticidade e relev\u00e2ncia, este porta-chaves n\u00e3o \u00e9 apenas um acess\u00f3rio, mas um s\u00edmbolo da hist\u00f3ria e da paix\u00e3o do flamenco.<\/p>\n","protected":false},"excerpt":{"rendered":"<p>Porta-chaves de metal com a forma de uma bailarina vistosa, que celebra a arte flamenca em Madrid. Este chamativo porta-chaves apresenta um design alegre e colorido, com detalhes intrincados no vestido que refletem uma paleta de tons vibrantes e variados. A figura da bailarina, que segura um leque, captura a ess\u00eancia do folclore espanhol, tornando-o uma recorda\u00e7\u00e3o perfeita para evocar a energia e a cultura da capital. Ideal para uso pessoal ou para oferecer.<\/p>\n","protected":false},"featured_media":6514,"template":"","meta":{"_acf_changed":false},"product_brand":[],"product_cat":[611],"product_tag":[],"class_list":{"0":"post-33858","1":"product","2":"type-product","3":"status-publish","4":"has-post-thumbnail","6":"product_cat-porta-chaves","7":"pa_ciudad-madrid","8":"pa_motivo-dancarinos","9":"pa_pais-espana","11":"first","12":"instock","13":"shipping-taxable","14":"product-type-simple"},"acf":[],"_links":{"self":[{"href":"https:\/\/olemosaic.com\/pt-pt\/wp-json\/wp\/v2\/product\/33858","targetHints":{"allow":["GET"]}}],"collection":[{"href":"https:\/\/olemosaic.com\/pt-pt\/wp-json\/wp\/v2\/product"}],"about":[{"href":"https:\/\/olemosaic.com\/pt-pt\/wp-json\/wp\/v2\/types\/product"}],"wp:featuredmedia":[{"embeddable":true,"href":"https:\/\/olemosaic.com\/pt-pt\/wp-json\/wp\/v2\/media\/6514"}],"wp:attachment":[{"href":"https:\/\/olemosaic.com\/pt-pt\/wp-json\/wp\/v2\/media?parent=33858"}],"wp:term":[{"taxonomy":"product_brand","embeddable":true,"href":"https:\/\/olemosaic.com\/pt-pt\/wp-json\/wp\/v2\/product_brand?post=33858"},{"taxonomy":"product_cat","embeddable":true,"href":"https:\/\/olemosaic.com\/pt-pt\/wp-json\/wp\/v2\/product_cat?post=33858"},{"taxonomy":"product_tag","embeddable":true,"href":"https:\/\/olemosaic.com\/pt-pt\/wp-json\/wp\/v2\/product_tag?post=33858"}],"curies":[{"name":"wp","href":"https:\/\/api.w.org\/{rel}","templated":true}]}}