{"id":33852,"date":"2025-02-20T22:33:46","date_gmt":"2025-02-20T22:33:46","guid":{"rendered":"http:\/\/olemosaic.com\/producto\/llavero-de-metal-bailaora\/"},"modified":"2025-07-25T19:18:07","modified_gmt":"2025-07-25T17:18:07","slug":"porta-chaves-de-metal-bailarina","status":"publish","type":"product","link":"https:\/\/olemosaic.com\/pt-pt\/produto\/porta-chaves-de-metal-bailarina\/","title":{"rendered":"Porta-chaves de metal. Bailarina."},"content":{"rendered":"<p>Este porta-chaves met\u00e1lico com forma de bailarina \u00e9 uma magn\u00edfica lembran\u00e7a que evoca a rica cultura espanhola e a sua vibrante tradi\u00e7\u00e3o flamenca. O seu colorido design apresenta uma bailarina com um exuberante vestido adornado com chamativos mosaicos que oferecem uma explos\u00e3o de cores, simbolizando a alegria e a paix\u00e3o do flamenco. Com uma flor no cabelo e um leque na m\u00e3o, a bailarina captura a ess\u00eancia e a eleg\u00e2ncia desta dan\u00e7a tradicional, um verdadeiro \u00edcone cultural de Espanha. A inscri\u00e7\u00e3o &#8220;ESPA\u00d1A&#8221; na base do porta-chaves refor\u00e7a a sua autenticidade, tornando-o uma recorda\u00e7\u00e3o ideal para quem deseja levar consigo um peda\u00e7o da arte espanhola.<\/p>\n<p>O acabamento met\u00e1lico confere-lhe durabilidade e um brilho que o torna um acess\u00f3rio atraente para chaves, mochilas ou malas. Este porta-chaves n\u00e3o s\u00f3 \u00e9 um objeto \u00fatil, como tamb\u00e9m um s\u00edmbolo emblem\u00e1tico da rica heran\u00e7a cultural que representa. Na Ol\u00e9 Mosaic, como distribuidores de lembran\u00e7as por grosso, oferecemos este porta-chaves de bailarina como uma op\u00e7\u00e3o perfeita para lojas de presentes tur\u00edsticos que procuram produtos aut\u00eanticos e representativos da tradi\u00e7\u00e3o espanhola. Assim, os seus clientes poder\u00e3o desfrutar de um presente significativo e colorido que captura a ess\u00eancia de Espanha e do seu querido flamenco.<\/p>\n","protected":false},"excerpt":{"rendered":"<p>Porta-chaves met\u00e1lico com forma de bailarina, evocando a cultura espanhola. Este colorido porta-chaves apresenta um design vibrante com mosaicos que representam o tradicional vestido de flamenco, adornado com detalhes vermelhos e multicoloridos. A bailarina segura um leque e exibe uma flor no cabelo, simbolizando a ess\u00eancia da dan\u00e7a flamenca. A inscri\u00e7\u00e3o &#8220;ESPA\u00d1A&#8221; na base acrescenta um toque aut\u00eantico, tornando-o uma recorda\u00e7\u00e3o perfeita da tradi\u00e7\u00e3o espanhola.<\/p>\n","protected":false},"featured_media":6507,"template":"","meta":{"_acf_changed":false},"product_brand":[],"product_cat":[611],"product_tag":[],"class_list":{"0":"post-33852","1":"product","2":"type-product","3":"status-publish","4":"has-post-thumbnail","6":"product_cat-porta-chaves","7":"pa_motivo-dancarinos","9":"first","10":"instock","11":"shipping-taxable","12":"product-type-simple"},"acf":[],"_links":{"self":[{"href":"https:\/\/olemosaic.com\/pt-pt\/wp-json\/wp\/v2\/product\/33852","targetHints":{"allow":["GET"]}}],"collection":[{"href":"https:\/\/olemosaic.com\/pt-pt\/wp-json\/wp\/v2\/product"}],"about":[{"href":"https:\/\/olemosaic.com\/pt-pt\/wp-json\/wp\/v2\/types\/product"}],"wp:featuredmedia":[{"embeddable":true,"href":"https:\/\/olemosaic.com\/pt-pt\/wp-json\/wp\/v2\/media\/6507"}],"wp:attachment":[{"href":"https:\/\/olemosaic.com\/pt-pt\/wp-json\/wp\/v2\/media?parent=33852"}],"wp:term":[{"taxonomy":"product_brand","embeddable":true,"href":"https:\/\/olemosaic.com\/pt-pt\/wp-json\/wp\/v2\/product_brand?post=33852"},{"taxonomy":"product_cat","embeddable":true,"href":"https:\/\/olemosaic.com\/pt-pt\/wp-json\/wp\/v2\/product_cat?post=33852"},{"taxonomy":"product_tag","embeddable":true,"href":"https:\/\/olemosaic.com\/pt-pt\/wp-json\/wp\/v2\/product_tag?post=33852"}],"curies":[{"name":"wp","href":"https:\/\/api.w.org\/{rel}","templated":true}]}}