{"id":33851,"date":"2025-02-20T22:33:46","date_gmt":"2025-02-20T22:33:46","guid":{"rendered":"http:\/\/olemosaic.com\/producto\/llavero-de-metal-mallorca-mosaico\/"},"modified":"2025-07-25T18:55:11","modified_gmt":"2025-07-25T16:55:11","slug":"porta-chaves-de-metal-maiorca-mosaico","status":"publish","type":"product","link":"https:\/\/olemosaic.com\/pt-pt\/produto\/porta-chaves-de-metal-maiorca-mosaico\/","title":{"rendered":"Porta-chaves de metal. Maiorca. Mosaico."},"content":{"rendered":"<p>Este porta-chaves met\u00e1lico com o nome &#8220;MALLORCA&#8221; \u00e9 uma lembran\u00e7a vibrante e moderna que encapsula a ess\u00eancia desta maravilhosa ilha balear. Destaca-se pelo seu atraente mosaico de cores, onde cada letra exibe um design \u00fanico inspirado nos tradicionais mosaicos de Maiorca. As tonalidades brilhantes de amarelo, vermelho, azul e verde n\u00e3o s\u00f3 conferem um toque art\u00edstico, como tamb\u00e9m evocam a biodiversidade e a paisagem colorida da regi\u00e3o, desde as suas praias ensolaradas at\u00e9 aos seus exuberantes campos.<\/p>\n<p>Fabricado em metal resistente, este porta-chaves n\u00e3o s\u00f3 \u00e9 uma pe\u00e7a funcional para levar as chaves, como tamb\u00e9m um objeto decorativo que recorda diariamente a beleza da sua viagem a Maiorca. O seu design \u00fanico e atraente torna-o uma excelente op\u00e7\u00e3o para quem procura uma recorda\u00e7\u00e3o aut\u00eantica que represente a sua experi\u00eancia na ilha.<\/p>\n<p>Na Ol\u00e9 Mosaic, somos especialistas na distribui\u00e7\u00e3o de lembran\u00e7as por grosso, e este porta-chaves de Maiorca \u00e9 uma adi\u00e7\u00e3o perfeita para qualquer loja de presentes tur\u00edsticos que deseje oferecer produtos que celebrem a cultura e o artesanato local. A sua relev\u00e2ncia cultural e est\u00e9tica tornam-no uma lembran\u00e7a ideal que captura a ess\u00eancia de Maiorca, um presente apreciado tanto por turistas como por residentes.<\/p>\n","protected":false},"excerpt":{"rendered":"<p>Porta-chaves met\u00e1lico com o nome &#8220;MALLORCA&#8221;, desenhado com um atraente mosaico de cores vibrantes. Este original porta-chaves destaca-se pelo seu estilo contempor\u00e2neo e art\u00edstico, fazendo alus\u00e3o \u00e0 famosa tradi\u00e7\u00e3o de mosaicos da ilha. Cada letra apresenta um design \u00fanico que recorda os mosaicos t\u00edpicos de Maiorca, combinando tonalidades amarelas, vermelhas, azuis e verdes. Uma pe\u00e7a funcional e decorativa, ideal para recordar a beleza da sua viagem a esta encantadora regi\u00e3o.<\/p>\n","protected":false},"featured_media":12050,"template":"","meta":{"_acf_changed":false},"product_brand":[],"product_cat":[611],"product_tag":[],"class_list":{"0":"post-33851","1":"product","2":"type-product","3":"status-publish","4":"has-post-thumbnail","6":"product_cat-porta-chaves","7":"pa_ciudad-mallorca","8":"pa_pais-espana","10":"first","11":"instock","12":"shipping-taxable","13":"product-type-simple"},"acf":[],"_links":{"self":[{"href":"https:\/\/olemosaic.com\/pt-pt\/wp-json\/wp\/v2\/product\/33851","targetHints":{"allow":["GET"]}}],"collection":[{"href":"https:\/\/olemosaic.com\/pt-pt\/wp-json\/wp\/v2\/product"}],"about":[{"href":"https:\/\/olemosaic.com\/pt-pt\/wp-json\/wp\/v2\/types\/product"}],"wp:featuredmedia":[{"embeddable":true,"href":"https:\/\/olemosaic.com\/pt-pt\/wp-json\/wp\/v2\/media\/12050"}],"wp:attachment":[{"href":"https:\/\/olemosaic.com\/pt-pt\/wp-json\/wp\/v2\/media?parent=33851"}],"wp:term":[{"taxonomy":"product_brand","embeddable":true,"href":"https:\/\/olemosaic.com\/pt-pt\/wp-json\/wp\/v2\/product_brand?post=33851"},{"taxonomy":"product_cat","embeddable":true,"href":"https:\/\/olemosaic.com\/pt-pt\/wp-json\/wp\/v2\/product_cat?post=33851"},{"taxonomy":"product_tag","embeddable":true,"href":"https:\/\/olemosaic.com\/pt-pt\/wp-json\/wp\/v2\/product_tag?post=33851"}],"curies":[{"name":"wp","href":"https:\/\/api.w.org\/{rel}","templated":true}]}}