{"id":33850,"date":"2025-02-20T22:33:45","date_gmt":"2025-02-20T22:33:45","guid":{"rendered":"http:\/\/olemosaic.com\/producto\/llavero-de-metal-mariposa\/"},"modified":"2025-07-25T19:59:06","modified_gmt":"2025-07-25T17:59:06","slug":"porta-chaves-de-metal-borboleta","status":"publish","type":"product","link":"https:\/\/olemosaic.com\/pt-pt\/produto\/porta-chaves-de-metal-borboleta\/","title":{"rendered":"Porta-chaves de metal. Borboleta."},"content":{"rendered":"<p>Este porta-chaves met\u00e1lico, com o seu delicado design de borboleta, \u00e9 uma pe\u00e7a encantadora que celebra a beleza da natureza e a riqueza cultural de Espanha. A sua estrutura met\u00e1lica, com um vibrante acabamento de esmalte, combina tons brilhantes de verde, vermelho, amarelo e azul, capturando a ess\u00eancia da fauna local e evocando a alegria da vida ao ar livre. O design, que real\u00e7a a eleg\u00e2ncia da borboleta, parece estar em movimento, convidando quem o observa a apreciar a diversidade de cores que adornam as paisagens espanholas.<\/p>\n<p>Cada detalhe deste porta-chaves \u00e9 uma representa\u00e7\u00e3o art\u00edstica que reflete a autenticidade das lembran\u00e7as espanholas. A sua durabilidade garante que ser\u00e1 uma recorda\u00e7\u00e3o duradoura, permitindo aos turistas levar um pedacinho da cultura espanhola para qualquer lugar. Este porta-chaves, al\u00e9m de ser funcional, atua como um s\u00edmbolo da beleza natural que caracteriza a Espanha, tornando-se um excelente presente para quem procura uma recorda\u00e7\u00e3o representativa. Na Ol\u00e9 Mosaic, como distribuidores de lembran\u00e7as por grosso, oferecemos produtos que cativam e se destacam pela sua qualidade e design. Este porta-chaves de borboleta \u00e9 perfeito para lojas de presentes tur\u00edsticos que desejem oferecer produtos que celebrem a autenticidade e a riqueza cultural de Espanha.<\/p>\n","protected":false},"excerpt":{"rendered":"<p>Porta-chaves met\u00e1lico com um delicado design de borboleta, ideal para os amantes da natureza e da cultura espanhola. O porta-chaves, com acabamento em esmalte colorido, destaca-se numa variedade de tons brilhantes como verde, vermelho, amarelo e azul, capturando a ess\u00eancia vibrante da fauna local. A sua estrutura met\u00e1lica confere durabilidade e um atraente toque moderno, tornando-o uma lembran\u00e7a perfeita que evoca a beleza da vida ao ar livre.<\/p>\n","protected":false},"featured_media":6707,"template":"","meta":{"_acf_changed":false},"product_brand":[],"product_cat":[611],"product_tag":[516],"class_list":{"0":"post-33850","1":"product","2":"type-product","3":"status-publish","4":"has-post-thumbnail","6":"product_cat-porta-chaves","7":"product_tag-animais","8":"pa_motivo-borboletas","10":"first","11":"instock","12":"shipping-taxable","13":"product-type-simple"},"acf":[],"_links":{"self":[{"href":"https:\/\/olemosaic.com\/pt-pt\/wp-json\/wp\/v2\/product\/33850","targetHints":{"allow":["GET"]}}],"collection":[{"href":"https:\/\/olemosaic.com\/pt-pt\/wp-json\/wp\/v2\/product"}],"about":[{"href":"https:\/\/olemosaic.com\/pt-pt\/wp-json\/wp\/v2\/types\/product"}],"wp:featuredmedia":[{"embeddable":true,"href":"https:\/\/olemosaic.com\/pt-pt\/wp-json\/wp\/v2\/media\/6707"}],"wp:attachment":[{"href":"https:\/\/olemosaic.com\/pt-pt\/wp-json\/wp\/v2\/media?parent=33850"}],"wp:term":[{"taxonomy":"product_brand","embeddable":true,"href":"https:\/\/olemosaic.com\/pt-pt\/wp-json\/wp\/v2\/product_brand?post=33850"},{"taxonomy":"product_cat","embeddable":true,"href":"https:\/\/olemosaic.com\/pt-pt\/wp-json\/wp\/v2\/product_cat?post=33850"},{"taxonomy":"product_tag","embeddable":true,"href":"https:\/\/olemosaic.com\/pt-pt\/wp-json\/wp\/v2\/product_tag?post=33850"}],"curies":[{"name":"wp","href":"https:\/\/api.w.org\/{rel}","templated":true}]}}