{"id":33849,"date":"2025-02-20T22:33:45","date_gmt":"2025-02-20T22:33:45","guid":{"rendered":"http:\/\/olemosaic.com\/producto\/llavero-de-metal-bailaora-rojo\/"},"modified":"2025-07-25T18:57:16","modified_gmt":"2025-07-25T16:57:16","slug":"porta-chaves-de-metal-bailarina-vermelho","status":"publish","type":"product","link":"https:\/\/olemosaic.com\/pt-pt\/produto\/porta-chaves-de-metal-bailarina-vermelho\/","title":{"rendered":"Porta-chaves de metal. Bailarina. Vermelho."},"content":{"rendered":"<p>Este porta-chaves met\u00e1lico com o design de uma bailarina de flamenco \u00e9 uma pe\u00e7a chamativa que simboliza a rica tradi\u00e7\u00e3o espanhola. A figura representa uma bailarina vestida com um vibrante vestido vermelho adornado com bolinhas brancas, que evoca a energia e a paix\u00e3o do flamenco. Na sua m\u00e3o, segura um leque multicolorido, elemento essencial nas dan\u00e7as flamencas, que reflete a alegria e o dinamismo do folclore espanhol. A inscri\u00e7\u00e3o \u201cEspa\u00f1a\u201d na base do porta-chaves real\u00e7a o seu valor como lembran\u00e7a, tornando-o uma excelente recorda\u00e7\u00e3o da sua visita a este belo pa\u00eds.<\/p>\n<p>O acabamento detalhado deste porta-chaves n\u00e3o s\u00f3 o torna um acess\u00f3rio pr\u00e1tico para levar as chaves, como tamb\u00e9m o transforma num atraente objeto de decora\u00e7\u00e3o. Com o seu design \u00fanico, \u00e9 o presente perfeito para quem procura uma representa\u00e7\u00e3o aut\u00eantica da cultura andaluza. Na Ol\u00e9 Mosaic, especializamo-nos na distribui\u00e7\u00e3o de lembran\u00e7as por grosso, e este porta-chaves de bailarina de flamenco \u00e9 uma excelente op\u00e7\u00e3o para as lojas de presentes tur\u00edsticos que desejem oferecer produtos que capturem a ess\u00eancia de Espanha. Com a sua mistura de funcionalidade e est\u00e9tica, este porta-chaves posiciona-se como um artigo imprescind\u00edvel para qualquer amante da cultura espanhola.<\/p>\n","protected":false},"excerpt":{"rendered":"<p>Porta-chaves met\u00e1lico com o design de uma bailarina de flamenco, que simboliza a tradi\u00e7\u00e3o espanhola. Este precioso porta-chaves mostra a bailarina com um vibrante vestido vermelho com bolinhas brancas e um chamativo leque multicolorido na m\u00e3o. A figura destaca-se pelo seu acabamento detalhado e pela inscri\u00e7\u00e3o &#8220;Espa\u00f1a&#8221;, fundindo a cultura flamenca com uma pe\u00e7a pr\u00e1tica e atraente para levar sempre consigo um peda\u00e7o de Espanha.<\/p>\n","protected":false},"featured_media":6508,"template":"","meta":{"_acf_changed":false},"product_brand":[],"product_cat":[611],"product_tag":[],"class_list":{"0":"post-33849","1":"product","2":"type-product","3":"status-publish","4":"has-post-thumbnail","6":"product_cat-porta-chaves","7":"pa_motivo-dancarinos","9":"first","10":"instock","11":"shipping-taxable","12":"product-type-simple"},"acf":[],"_links":{"self":[{"href":"https:\/\/olemosaic.com\/pt-pt\/wp-json\/wp\/v2\/product\/33849","targetHints":{"allow":["GET"]}}],"collection":[{"href":"https:\/\/olemosaic.com\/pt-pt\/wp-json\/wp\/v2\/product"}],"about":[{"href":"https:\/\/olemosaic.com\/pt-pt\/wp-json\/wp\/v2\/types\/product"}],"wp:featuredmedia":[{"embeddable":true,"href":"https:\/\/olemosaic.com\/pt-pt\/wp-json\/wp\/v2\/media\/6508"}],"wp:attachment":[{"href":"https:\/\/olemosaic.com\/pt-pt\/wp-json\/wp\/v2\/media?parent=33849"}],"wp:term":[{"taxonomy":"product_brand","embeddable":true,"href":"https:\/\/olemosaic.com\/pt-pt\/wp-json\/wp\/v2\/product_brand?post=33849"},{"taxonomy":"product_cat","embeddable":true,"href":"https:\/\/olemosaic.com\/pt-pt\/wp-json\/wp\/v2\/product_cat?post=33849"},{"taxonomy":"product_tag","embeddable":true,"href":"https:\/\/olemosaic.com\/pt-pt\/wp-json\/wp\/v2\/product_tag?post=33849"}],"curies":[{"name":"wp","href":"https:\/\/api.w.org\/{rel}","templated":true}]}}