{"id":33842,"date":"2025-02-20T22:33:45","date_gmt":"2025-02-20T22:33:45","guid":{"rendered":"http:\/\/olemosaic.com\/producto\/llavero-de-metal-toro-barcelona\/"},"modified":"2025-07-25T18:40:32","modified_gmt":"2025-07-25T16:40:32","slug":"porta-chaves-de-metal-touro-barcelona","status":"publish","type":"product","link":"https:\/\/olemosaic.com\/pt-pt\/produto\/porta-chaves-de-metal-touro-barcelona\/","title":{"rendered":"Porta-chaves de metal. Touro. Barcelona."},"content":{"rendered":"<p>Este porta-chaves met\u00e1lico com design de touro \u00e9 uma recorda\u00e7\u00e3o emblem\u00e1tica que capta a ess\u00eancia da cultura espanhola, representando a liga\u00e7\u00e3o \u00fanica de Barcelona com o folclore do pa\u00eds. O porta-chaves exibe um vibrante mosaico numa rica paleta de cores, com tons azuis, vermelhos, amarelos e verdes que conferem um car\u00e1ter alegre e atraente ao design. A forma do touro, com um contorno bem definido, destaca a sua import\u00e2ncia na tradi\u00e7\u00e3o espanhola, s\u00edmbolo de for\u00e7a e valentia. Na parte superior, a palavra &#8220;Barcelona&#8221; aparece impressa com um estilo moderno que adiciona um toque contempor\u00e2neo, tornando este porta-chaves uma recorda\u00e7\u00e3o distintiva e representativa da cidade.<\/p>\n<p>Este porta-chaves n\u00e3o \u00e9 apenas uma pe\u00e7a decorativa, mas uma recorda\u00e7\u00e3o funcional que permite aos turistas levar um peda\u00e7o de Barcelona sempre consigo. Al\u00e9m disso, reflete a rica heran\u00e7a cultural da regi\u00e3o, onde o touro tem sido tradicionalmente um s\u00edmbolo da identidade espanhola, presente em festivais e eventos culturais. Na Ol\u00e9 Mosaic, especializamo-nos na distribui\u00e7\u00e3o de recorda\u00e7\u00f5es por grosso, e este porta-chaves de touro de Barcelona \u00e9 uma excelente op\u00e7\u00e3o para lojas de recorda\u00e7\u00f5es tur\u00edsticas que procurem oferecer produtos aut\u00eanticos e chamativos. Como grossistas de recorda\u00e7\u00f5es, garantimos um design original e atraente que encantar\u00e1 os seus clientes e lhes recordar\u00e1 a sua visita a esta vibrante cidade.<\/p>\n","protected":false},"excerpt":{"rendered":"<p>Porta-chaves de metal com design de touro, inspirado na cultura espanhola e que representa a emblem\u00e1tica liga\u00e7\u00e3o de Barcelona com o folclore do pa\u00eds. Este atraente porta-chaves exibe um colorido mosaico em tons vibrantes como azul, vermelho, amarelo e verde, com um contorno chamativo que real\u00e7a a forma do touro. A palavra &#8220;Barcelona&#8221; est\u00e1 impressa de forma estilizada na parte superior, o que torna esta recorda\u00e7\u00e3o um presente perfeito e distintivo da cidade.<\/p>\n","protected":false},"featured_media":6522,"template":"","meta":{"_acf_changed":false},"product_brand":[],"product_cat":[611],"product_tag":[516],"class_list":{"0":"post-33842","1":"product","2":"type-product","3":"status-publish","4":"has-post-thumbnail","6":"product_cat-porta-chaves","7":"product_tag-animais","8":"pa_ciudad-barcelona","9":"pa_motivo-touros","10":"pa_pais-espana","12":"first","13":"instock","14":"shipping-taxable","15":"product-type-simple"},"acf":[],"_links":{"self":[{"href":"https:\/\/olemosaic.com\/pt-pt\/wp-json\/wp\/v2\/product\/33842","targetHints":{"allow":["GET"]}}],"collection":[{"href":"https:\/\/olemosaic.com\/pt-pt\/wp-json\/wp\/v2\/product"}],"about":[{"href":"https:\/\/olemosaic.com\/pt-pt\/wp-json\/wp\/v2\/types\/product"}],"wp:featuredmedia":[{"embeddable":true,"href":"https:\/\/olemosaic.com\/pt-pt\/wp-json\/wp\/v2\/media\/6522"}],"wp:attachment":[{"href":"https:\/\/olemosaic.com\/pt-pt\/wp-json\/wp\/v2\/media?parent=33842"}],"wp:term":[{"taxonomy":"product_brand","embeddable":true,"href":"https:\/\/olemosaic.com\/pt-pt\/wp-json\/wp\/v2\/product_brand?post=33842"},{"taxonomy":"product_cat","embeddable":true,"href":"https:\/\/olemosaic.com\/pt-pt\/wp-json\/wp\/v2\/product_cat?post=33842"},{"taxonomy":"product_tag","embeddable":true,"href":"https:\/\/olemosaic.com\/pt-pt\/wp-json\/wp\/v2\/product_tag?post=33842"}],"curies":[{"name":"wp","href":"https:\/\/api.w.org\/{rel}","templated":true}]}}