{"id":33840,"date":"2025-02-20T22:33:45","date_gmt":"2025-02-20T22:33:45","guid":{"rendered":"http:\/\/olemosaic.com\/producto\/llavero-de-metal-valencia-mosaico\/"},"modified":"2025-07-25T19:34:37","modified_gmt":"2025-07-25T17:34:37","slug":"porta-chaves-de-metal-valencia-mosaico","status":"publish","type":"product","link":"https:\/\/olemosaic.com\/pt-pt\/produto\/porta-chaves-de-metal-valencia-mosaico\/","title":{"rendered":"Porta-chaves de metal. Val\u00eancia. Mosaico."},"content":{"rendered":"<p>Este porta-chaves met\u00e1lico com design de mosaico colorido \u00e9 uma vibrante homenagem \u00e0 bela cidade de Val\u00eancia. A palavra &#8220;VALENCIA&#8221; apresenta-se em mai\u00fasculas, cada letra adornada com pequenos azulejos de diferentes cores: vermelho, amarelo, verde e azul, evocando a rica tradi\u00e7\u00e3o art\u00edstica da regi\u00e3o, famosa pela sua cer\u00e2mica e mosaicos. A base met\u00e1lica do porta-chaves n\u00e3o s\u00f3 garante a sua durabilidade, como tamb\u00e9m lhe confere um brilho sofisticado, tornando-o um acess\u00f3rio di\u00e1rio atraente e funcional.<\/p>\n<p>Este design alegre e brilhante n\u00e3o serve apenas como porta-chaves, mas oferece um peda\u00e7o de Val\u00eancia a quem o transporta, sendo uma recorda\u00e7\u00e3o perfeita para turistas que desejam captar a ess\u00eancia desta famosa cidade espanhola. A liga\u00e7\u00e3o cultural \u00e9 ineg\u00e1vel, uma vez que os mosaicos representam uma parte significativa do patrim\u00f3nio art\u00edstico valenciano, famoso pelos seus festivais e pela sua rica hist\u00f3ria.<\/p>\n<p>Na Ol\u00e9 Mosaic, distribu\u00edmos porta-chaves met\u00e1licos aut\u00eanticos que celebram a cultura e as tradi\u00e7\u00f5es locais. Este porta-chaves de mosaico \u00e9 uma excelente op\u00e7\u00e3o para lojas de recorda\u00e7\u00f5es tur\u00edsticas que procuram produtos de qualidade e relev\u00e2ncia cultural. Como grossistas de recorda\u00e7\u00f5es, garantimos que cada pe\u00e7a reflete a autenticidade e o esp\u00edrito vibrante do seu lugar de origem, tornando-o uma recorda\u00e7\u00e3o memor\u00e1vel de Val\u00eancia.<\/p>\n","protected":false},"excerpt":{"rendered":"<p>Porta-chaves met\u00e1lico com um design de mosaico colorido, inspirado na vibrante cidade de Val\u00eancia. Este porta-chaves apresenta a palavra &#8220;VALENCIA&#8221; em mai\u00fasculas, cada letra adornada com pequenos azulejos de diferentes cores como vermelho, amarelo, verde e azul, evocando a rica tradi\u00e7\u00e3o art\u00edstica valenciana. A base met\u00e1lica proporciona durabilidade, enquanto o design alegre e brilhante o torna uma recorda\u00e7\u00e3o perfeita para quem deseja levar um peda\u00e7o desta famosa cidade espanhola.<\/p>\n","protected":false},"featured_media":12048,"template":"","meta":{"_acf_changed":false},"product_brand":[],"product_cat":[611],"product_tag":[],"class_list":{"0":"post-33840","1":"product","2":"type-product","3":"status-publish","4":"has-post-thumbnail","6":"product_cat-porta-chaves","7":"pa_ciudad-valencia","8":"pa_pais-espana","10":"first","11":"instock","12":"shipping-taxable","13":"product-type-simple"},"acf":[],"_links":{"self":[{"href":"https:\/\/olemosaic.com\/pt-pt\/wp-json\/wp\/v2\/product\/33840","targetHints":{"allow":["GET"]}}],"collection":[{"href":"https:\/\/olemosaic.com\/pt-pt\/wp-json\/wp\/v2\/product"}],"about":[{"href":"https:\/\/olemosaic.com\/pt-pt\/wp-json\/wp\/v2\/types\/product"}],"wp:featuredmedia":[{"embeddable":true,"href":"https:\/\/olemosaic.com\/pt-pt\/wp-json\/wp\/v2\/media\/12048"}],"wp:attachment":[{"href":"https:\/\/olemosaic.com\/pt-pt\/wp-json\/wp\/v2\/media?parent=33840"}],"wp:term":[{"taxonomy":"product_brand","embeddable":true,"href":"https:\/\/olemosaic.com\/pt-pt\/wp-json\/wp\/v2\/product_brand?post=33840"},{"taxonomy":"product_cat","embeddable":true,"href":"https:\/\/olemosaic.com\/pt-pt\/wp-json\/wp\/v2\/product_cat?post=33840"},{"taxonomy":"product_tag","embeddable":true,"href":"https:\/\/olemosaic.com\/pt-pt\/wp-json\/wp\/v2\/product_tag?post=33840"}],"curies":[{"name":"wp","href":"https:\/\/api.w.org\/{rel}","templated":true}]}}