{"id":33832,"date":"2025-02-20T22:33:44","date_gmt":"2025-02-20T22:33:44","guid":{"rendered":"http:\/\/olemosaic.com\/producto\/llavero-de-metal-barcelona-mosaico\/"},"modified":"2025-07-25T19:22:50","modified_gmt":"2025-07-25T17:22:50","slug":"porta-chaves-de-metal-barcelona-mosaico","status":"publish","type":"product","link":"https:\/\/olemosaic.com\/pt-pt\/produto\/porta-chaves-de-metal-barcelona-mosaico\/","title":{"rendered":"Porta-chaves de metal. Barcelona. Mosaico."},"content":{"rendered":"<p>Este colorido porta-chaves met\u00e1lico \u00e9 a recorda\u00e7\u00e3o perfeita para capturar a vibrante ess\u00eancia de Barcelona. Desenhado com a palavra &#8220;Barcelona&#8221; em letras grandes e chamativas, este porta-chaves inspira-se no famoso mosaico que adorna a cidade, apresentando uma fus\u00e3o de tons azuis, vermelhos, verdes e amarelos que evocam a alegria e a criatividade caracter\u00edsticas da capital catal\u00e3. O seu design atraente n\u00e3o s\u00f3 facilita encontr\u00e1-lo em qualquer mala, como tamb\u00e9m adiciona um toque de cor e originalidade \u00e0s suas chaves.<\/p>\n<p>O porta-chaves \u00e9 fabricado em metal duradouro, o que assegura que seja tanto um acess\u00f3rio pr\u00e1tico como uma obra de arte port\u00e1til, ideal para recordar os seus momentos na cidade. A combina\u00e7\u00e3o de cores vibrantes e as letras estilizadas refletem o esp\u00edrito art\u00edstico que define Barcelona, uma cidade conhecida pela sua arquitetura modernista e pela sua rica hist\u00f3ria cultural. Este porta-chaves n\u00e3o \u00e9 apenas um objeto \u00fatil, mas um s\u00edmbolo do legado art\u00edstico que se respira em cada canto da cidade.<\/p>\n<p>Na Ol\u00e9 Mosaic, comprometemo-nos a oferecer recorda\u00e7\u00f5es aut\u00eanticas e representativas da cultura espanhola. Este porta-chaves \u00e9 uma excelente op\u00e7\u00e3o para lojas de presentes tur\u00edsticos que procuram produtos \u00fanicos e com valor cultural. Ao escolher este porta-chaves de Barcelona, garante aos seus clientes uma recorda\u00e7\u00e3o memor\u00e1vel que real\u00e7a a beleza e a arte encapsuladas num design moderno e alegre, digno do seu lugar em qualquer cole\u00e7\u00e3o de recorda\u00e7\u00f5es.<\/p>\n","protected":false},"excerpt":{"rendered":"<p>Porta-chaves met\u00e1lico e colorido com a palavra &#8220;Barcelona&#8221; em letras grandes e chamativas, inspirado no famoso mosaico da cidade. Este design vibrante, que mistura tons como azul, vermelho, verde e amarelo, reflete a ess\u00eancia art\u00edstica e cultural de Barcelona. Perfeito como recorda\u00e7\u00e3o ou presente, \u00e9 um acess\u00f3rio pr\u00e1tico e atraente que captura a alegria e a criatividade da emblem\u00e1tica cidade catal\u00e3.<\/p>\n","protected":false},"featured_media":10422,"template":"","meta":{"_acf_changed":false},"product_brand":[],"product_cat":[611],"product_tag":[],"class_list":{"0":"post-33832","1":"product","2":"type-product","3":"status-publish","4":"has-post-thumbnail","6":"product_cat-porta-chaves","7":"pa_ciudad-barcelona","8":"pa_pais-espana","10":"first","11":"instock","12":"shipping-taxable","13":"product-type-simple"},"acf":[],"_links":{"self":[{"href":"https:\/\/olemosaic.com\/pt-pt\/wp-json\/wp\/v2\/product\/33832","targetHints":{"allow":["GET"]}}],"collection":[{"href":"https:\/\/olemosaic.com\/pt-pt\/wp-json\/wp\/v2\/product"}],"about":[{"href":"https:\/\/olemosaic.com\/pt-pt\/wp-json\/wp\/v2\/types\/product"}],"wp:featuredmedia":[{"embeddable":true,"href":"https:\/\/olemosaic.com\/pt-pt\/wp-json\/wp\/v2\/media\/10422"}],"wp:attachment":[{"href":"https:\/\/olemosaic.com\/pt-pt\/wp-json\/wp\/v2\/media?parent=33832"}],"wp:term":[{"taxonomy":"product_brand","embeddable":true,"href":"https:\/\/olemosaic.com\/pt-pt\/wp-json\/wp\/v2\/product_brand?post=33832"},{"taxonomy":"product_cat","embeddable":true,"href":"https:\/\/olemosaic.com\/pt-pt\/wp-json\/wp\/v2\/product_cat?post=33832"},{"taxonomy":"product_tag","embeddable":true,"href":"https:\/\/olemosaic.com\/pt-pt\/wp-json\/wp\/v2\/product_tag?post=33832"}],"curies":[{"name":"wp","href":"https:\/\/api.w.org\/{rel}","templated":true}]}}