{"id":33830,"date":"2025-02-20T23:33:44","date_gmt":"2025-02-20T22:33:44","guid":{"rendered":"http:\/\/olemosaic.com\/producto\/llavero-de-madera-punt-de-trobada-barcelona\/"},"modified":"2025-07-25T19:37:35","modified_gmt":"2025-07-25T17:37:35","slug":"porta-chaves-de-madeira-ponto-de-encontro-barcelona","status":"publish","type":"product","link":"https:\/\/olemosaic.com\/pt-pt\/produto\/porta-chaves-de-madeira-ponto-de-encontro-barcelona\/","title":{"rendered":"Porta-chaves de madeira. Ponto de encontro. Barcelona."},"content":{"rendered":"<p>Este porta-chaves de madeira, inspirado no famoso mosaico do &#8220;Punt de trobada&#8221; de Barcelona, \u00e9 uma recorda\u00e7\u00e3o \u00fanica que encapsula a ess\u00eancia do modernismo catal\u00e3o. Com um design vibrante que apresenta uma combina\u00e7\u00e3o de formas abstratas em tons de vermelho, azul e amarelo, cada detalhe \u00e9 cuidado com esmero, criando um acabamento em relevo que evoca a magia das obras de Gaud\u00ed. A palavra &#8220;Barcelona&#8221; integra-se de forma subtil, adicionando um toque distintivo que real\u00e7a o seu car\u00e1cter de recorda\u00e7\u00e3o representativa da cidade.<\/p>\n<p>Visualmente, a pe\u00e7a destaca-se pelas suas formas din\u00e2micas que recordam a alegre est\u00e9tica dos mosaicos de Gaud\u00ed, o que a torna um acess\u00f3rio atraente e funcional para qualquer amante da arquitetura e da arte. Este porta-chaves n\u00e3o \u00e9 apenas pr\u00e1tico, mas tamb\u00e9m um peda\u00e7o da cultura catal\u00e3, que evoca momentos na vibrante cidade de Barcelona cada vez que \u00e9 utilizado.<\/p>\n<p>Na Ol\u00e9 Mosaic, especializamo-nos na distribui\u00e7\u00e3o de recorda\u00e7\u00f5es por grosso, oferecendo produtos aut\u00eanticos que capturam a rica heran\u00e7a cultural das regi\u00f5es espanholas. Este porta-chaves \u00e9 uma excelente op\u00e7\u00e3o para lojas de presentes tur\u00edsticos que procuram artigos distintivos que realcem a beleza de Barcelona e do seu modernismo. \u00c9 uma recorda\u00e7\u00e3o ideal, perfeita para aqueles turistas que desejam levar um s\u00edmbolo aut\u00eantico e colorido da sua visita \u00e0 capital catal\u00e3.<\/p>\n","protected":false},"excerpt":{"rendered":"<p>Porta-chaves de madeira inspirado no famoso mosaico de Gaud\u00ed, que se destaca no &#8220;Punt de trobada&#8221; de Barcelona. Este acess\u00f3rio original apresenta um design colorido que combina formas abstratas em tons de vermelho, azul e amarelo, com um acabamento em relevo que evoca o estilo modernista da cidade. A palavra &#8220;Barcelona&#8221; integrada subtilmente na pe\u00e7a adiciona um toque distintivo, tornando-o uma recorda\u00e7\u00e3o perfeita para recordar a riqueza cultural da capital catal\u00e3.<\/p>\n","protected":false},"featured_media":10449,"template":"","meta":{"_acf_changed":false},"product_brand":[],"product_cat":[611],"product_tag":[],"class_list":{"0":"post-33830","1":"product","2":"type-product","3":"status-publish","4":"has-post-thumbnail","6":"product_cat-porta-chaves","7":"pa_ciudad-barcelona","8":"pa_motivo-punt-de-trobada","9":"pa_pais-espana","11":"first","12":"instock","13":"shipping-taxable","14":"product-type-simple"},"acf":[],"_links":{"self":[{"href":"https:\/\/olemosaic.com\/pt-pt\/wp-json\/wp\/v2\/product\/33830","targetHints":{"allow":["GET"]}}],"collection":[{"href":"https:\/\/olemosaic.com\/pt-pt\/wp-json\/wp\/v2\/product"}],"about":[{"href":"https:\/\/olemosaic.com\/pt-pt\/wp-json\/wp\/v2\/types\/product"}],"wp:featuredmedia":[{"embeddable":true,"href":"https:\/\/olemosaic.com\/pt-pt\/wp-json\/wp\/v2\/media\/10449"}],"wp:attachment":[{"href":"https:\/\/olemosaic.com\/pt-pt\/wp-json\/wp\/v2\/media?parent=33830"}],"wp:term":[{"taxonomy":"product_brand","embeddable":true,"href":"https:\/\/olemosaic.com\/pt-pt\/wp-json\/wp\/v2\/product_brand?post=33830"},{"taxonomy":"product_cat","embeddable":true,"href":"https:\/\/olemosaic.com\/pt-pt\/wp-json\/wp\/v2\/product_cat?post=33830"},{"taxonomy":"product_tag","embeddable":true,"href":"https:\/\/olemosaic.com\/pt-pt\/wp-json\/wp\/v2\/product_tag?post=33830"}],"curies":[{"name":"wp","href":"https:\/\/api.w.org\/{rel}","templated":true}]}}