{"id":33828,"date":"2025-02-20T23:33:43","date_gmt":"2025-02-20T22:33:43","guid":{"rendered":"http:\/\/olemosaic.com\/producto\/llavero-de-madera-panoramica-malaga\/"},"modified":"2025-07-25T18:54:29","modified_gmt":"2025-07-25T16:54:29","slug":"porta-chaves-de-madeira-panoramica-malaga","status":"publish","type":"product","link":"https:\/\/olemosaic.com\/pt-pt\/produto\/porta-chaves-de-madeira-panoramica-malaga\/","title":{"rendered":"Porta-chaves de madeira. Panor\u00e2mica. M\u00e1laga."},"content":{"rendered":"<p>Este porta-chaves de madeira apresenta uma colorida panor\u00e2mica de M\u00e1laga, capturando a ess\u00eancia vibrante desta emblem\u00e1tica cidade andaluza. Com um design intrincado pintado \u00e0 m\u00e3o, esta recorda\u00e7\u00e3o destaca elementos ic\u00f3nicos como a majestosa catedral e o famoso mosaico, reflexo da beleza da paisagem urbana de M\u00e1laga. O uso de tons vivos real\u00e7a as caracter\u00edsticas arquitet\u00f3nicas, criando um contraste visual que evoca o calor do sol andaluz. A inscri\u00e7\u00e3o da palavra &#8220;M\u00e1laga&#8221;, em letras alegres, adiciona um toque l\u00fadico e atraente, tornando-o um acess\u00f3rio tanto pr\u00e1tico como decorativo.<\/p>\n<p>Este porta-chaves n\u00e3o s\u00f3 serve para manter as chaves organizadas, como tamb\u00e9m atua como uma encantadora recorda\u00e7\u00e3o da rica hist\u00f3ria e do impressionante ambiente de M\u00e1laga. Sendo uma recorda\u00e7\u00e3o aut\u00eantica, captura a cultura andaluza e o seu estilo de vida descontra\u00eddo, tornando-se uma excelente escolha para turistas que procuram pe\u00e7as representativas da sua visita. Na Ol\u00e9 Mosaic, especializamo-nos na distribui\u00e7\u00e3o de recorda\u00e7\u00f5es por grosso, assegurando que os nossos porta-chaves e outros produtos refletem a verdadeira ess\u00eancia de cada lugar. Este porta-chaves de M\u00e1laga \u00e9 ideal para lojas de presentes tur\u00edsticos que desejem oferecer artigos com relev\u00e2ncia cultural e apelo visual, garantindo a satisfa\u00e7\u00e3o dos seus clientes.<\/p>\n","protected":false},"excerpt":{"rendered":"<p>Porta-chaves de madeira com uma colorida panor\u00e2mica de M\u00e1laga, que destaca a sua emblem\u00e1tica paisagem urbana. Este porta-chaves, de design artesanal e pintado \u00e0 m\u00e3o, inclui elementos ic\u00f3nicos como a catedral e o famoso mosaico de fundo, real\u00e7ando o ambiente vibrante da cidade. Com letras de design alegre que formam a palavra &#8220;M\u00e1laga&#8221;, torna-se a recorda\u00e7\u00e3o ideal para recordar a sua hist\u00f3ria e beleza. Um acess\u00f3rio pr\u00e1tico e decorativo para os amantes da cultura andaluza.<\/p>\n","protected":false},"featured_media":10796,"template":"","meta":{"_acf_changed":false},"product_brand":[],"product_cat":[611],"product_tag":[],"class_list":{"0":"post-33828","1":"product","2":"type-product","3":"status-publish","4":"has-post-thumbnail","6":"product_cat-porta-chaves","7":"pa_ciudad-malaga","8":"pa_motivo-panoramas","9":"pa_pais-espana","11":"first","12":"instock","13":"shipping-taxable","14":"product-type-simple"},"acf":[],"_links":{"self":[{"href":"https:\/\/olemosaic.com\/pt-pt\/wp-json\/wp\/v2\/product\/33828","targetHints":{"allow":["GET"]}}],"collection":[{"href":"https:\/\/olemosaic.com\/pt-pt\/wp-json\/wp\/v2\/product"}],"about":[{"href":"https:\/\/olemosaic.com\/pt-pt\/wp-json\/wp\/v2\/types\/product"}],"wp:featuredmedia":[{"embeddable":true,"href":"https:\/\/olemosaic.com\/pt-pt\/wp-json\/wp\/v2\/media\/10796"}],"wp:attachment":[{"href":"https:\/\/olemosaic.com\/pt-pt\/wp-json\/wp\/v2\/media?parent=33828"}],"wp:term":[{"taxonomy":"product_brand","embeddable":true,"href":"https:\/\/olemosaic.com\/pt-pt\/wp-json\/wp\/v2\/product_brand?post=33828"},{"taxonomy":"product_cat","embeddable":true,"href":"https:\/\/olemosaic.com\/pt-pt\/wp-json\/wp\/v2\/product_cat?post=33828"},{"taxonomy":"product_tag","embeddable":true,"href":"https:\/\/olemosaic.com\/pt-pt\/wp-json\/wp\/v2\/product_tag?post=33828"}],"curies":[{"name":"wp","href":"https:\/\/api.w.org\/{rel}","templated":true}]}}