{"id":33794,"date":"2025-02-20T23:33:43","date_gmt":"2025-02-20T22:33:43","guid":{"rendered":"http:\/\/olemosaic.com\/producto\/llavero-de-madera-casa-batllo-barcelona\/"},"modified":"2025-07-25T18:50:57","modified_gmt":"2025-07-25T16:50:57","slug":"porta-chaves-de-madeira-casa-batllo-barcelona","status":"publish","type":"product","link":"https:\/\/olemosaic.com\/pt-pt\/produto\/porta-chaves-de-madeira-casa-batllo-barcelona\/","title":{"rendered":"Porta-chaves de madeira. Casa Batll\u00f3. Barcelona."},"content":{"rendered":"<p>Este porta-chaves de madeira, inspirado na emblem\u00e1tica Casa Batll\u00f3 de Barcelona, \u00e9 uma recorda\u00e7\u00e3o que resume a riqueza do modernismo catal\u00e3o numa pe\u00e7a port\u00e1til. O seu design colorido e detalhado captura a ess\u00eancia do ic\u00f3nico edif\u00edcio, com a sua singular forma ondulante e os vibrantes mosaicos que o caracterizam. Pintado \u00e0 m\u00e3o, cada porta-chaves exibe uma mistura de tons brilhantes que evocam a maravilhosa fachada da Casa Batll\u00f3, uma obra-prima de Antoni Gaud\u00ed. Os elementos arquitet\u00f3nicos, como as suas singulares janelas e a chamin\u00e9, est\u00e3o representados com grande precis\u00e3o, oferecendo uma amostra da criatividade e inova\u00e7\u00e3o do arquiteto.<\/p>\n<p>Este porta-chaves n\u00e3o s\u00f3 \u00e9 um acess\u00f3rio pr\u00e1tico para as suas chaves, como tamb\u00e9m um lembrete tang\u00edvel de uma das principais atra\u00e7\u00f5es tur\u00edsticas de Barcelona. Ideal para os amantes da arquitetura e visitantes da cidade, \u00e9 uma excelente forma de levar um peda\u00e7o de Barcelona consigo para onde quer que v\u00e1. Na Ol\u00e9 Mosaic, somos distribuidores de recorda\u00e7\u00f5es aut\u00eanticas, e este porta-chaves de madeira da Casa Batll\u00f3 destaca-se como um presente perfeito para lojas de recorda\u00e7\u00f5es tur\u00edsticas que procuram oferecer lembran\u00e7as significativas e culturais da Cidade Condal. Sem d\u00favida, um artigo que real\u00e7a a ess\u00eancia de Barcelona e atrair\u00e1 quem procura uma recorda\u00e7\u00e3o de qualidade.<\/p>\n","protected":false},"excerpt":{"rendered":"<p>Porta-chaves de madeira inspirado na emblem\u00e1tica Casa Batll\u00f3 de Barcelona. Este design colorido apresenta uma representa\u00e7\u00e3o detalhada do ic\u00f3nico edif\u00edcio, com a sua forma singular e os seus caracter\u00edsticos mosaicos. Pintado com estilo artesanal, o porta-chaves destaca-se pelas suas cores vibrantes e ornamenta\u00e7\u00e3o, que refletem a ess\u00eancia do modernismo catal\u00e3o. Perfeito para os amantes da arquitetura e uma recorda\u00e7\u00e3o \u00fanica da Cidade Condal. Ideal para levar consigo um peda\u00e7o de Barcelona.<\/p>\n","protected":false},"featured_media":10445,"template":"","meta":{"_acf_changed":false},"product_brand":[],"product_cat":[611],"product_tag":[],"class_list":{"0":"post-33794","1":"product","2":"type-product","3":"status-publish","4":"has-post-thumbnail","6":"product_cat-porta-chaves","7":"pa_ciudad-barcelona","8":"pa_motivo-casa-batllo","9":"pa_pais-espana","11":"first","12":"instock","13":"shipping-taxable","14":"product-type-simple"},"acf":[],"_links":{"self":[{"href":"https:\/\/olemosaic.com\/pt-pt\/wp-json\/wp\/v2\/product\/33794","targetHints":{"allow":["GET"]}}],"collection":[{"href":"https:\/\/olemosaic.com\/pt-pt\/wp-json\/wp\/v2\/product"}],"about":[{"href":"https:\/\/olemosaic.com\/pt-pt\/wp-json\/wp\/v2\/types\/product"}],"wp:featuredmedia":[{"embeddable":true,"href":"https:\/\/olemosaic.com\/pt-pt\/wp-json\/wp\/v2\/media\/10445"}],"wp:attachment":[{"href":"https:\/\/olemosaic.com\/pt-pt\/wp-json\/wp\/v2\/media?parent=33794"}],"wp:term":[{"taxonomy":"product_brand","embeddable":true,"href":"https:\/\/olemosaic.com\/pt-pt\/wp-json\/wp\/v2\/product_brand?post=33794"},{"taxonomy":"product_cat","embeddable":true,"href":"https:\/\/olemosaic.com\/pt-pt\/wp-json\/wp\/v2\/product_cat?post=33794"},{"taxonomy":"product_tag","embeddable":true,"href":"https:\/\/olemosaic.com\/pt-pt\/wp-json\/wp\/v2\/product_tag?post=33794"}],"curies":[{"name":"wp","href":"https:\/\/api.w.org\/{rel}","templated":true}]}}