{"id":33793,"date":"2025-02-20T23:33:43","date_gmt":"2025-02-20T22:33:43","guid":{"rendered":"http:\/\/olemosaic.com\/producto\/llavero-de-madera-camino-de-santiago-4\/"},"modified":"2025-07-25T19:51:12","modified_gmt":"2025-07-25T17:51:12","slug":"porta-chaves-de-madeira-caminho-de-santiago-4","status":"publish","type":"product","link":"https:\/\/olemosaic.com\/pt-pt\/produto\/porta-chaves-de-madeira-caminho-de-santiago-4\/","title":{"rendered":"Porta-chaves de madeira. Caminho de Santiago. Concha, mochila e peregrino."},"content":{"rendered":"<p>Este porta-chaves de madeira, ilustrado com elementos ic\u00f3nicos do Caminho de Santiago, \u00e9 uma recorda\u00e7\u00e3o ideal para os viajantes que percorreram esta emblem\u00e1tica rota de peregrina\u00e7\u00e3o. O seu design vibrante inclui uma bota de caminhada, uma mochila vermelha, a famosa concha do peregrino e uma sinaliza\u00e7\u00e3o do caminho, todos elementos que evocam a aventura e o percurso cultural deste hist\u00f3rico caminho. A bota est\u00e1 representada com um acabamento detalhado; a sua tonalidade azul profundo destaca-se entre os demais elementos, simbolizando a resist\u00eancia e o compromisso do peregrino, enquanto a mochila vermelha, que se destaca pelo seu brilho, sugere a prepara\u00e7\u00e3o e a emo\u00e7\u00e3o da travessia.<\/p>\n<p>O uso de madeira para o seu fabrico n\u00e3o s\u00f3 confere um toque de autenticidade, como tamb\u00e9m reflete o respeito pelos materiais naturais, em linha com o esp\u00edrito do pedestrianismo e a liga\u00e7\u00e3o com a natureza. Este porta-chaves n\u00e3o \u00e9 apenas um acess\u00f3rio pr\u00e1tico, mas um s\u00edmbolo de uma viagem significativa que convida a recordar cada passo dado. Na Ol\u00e9 Mosaic, orgulhamo-nos de oferecer recorda\u00e7\u00f5es aut\u00eanticas que capturam a ess\u00eancia cultural de Espanha. Este porta-chaves \u00e9 uma excelente op\u00e7\u00e3o para lojas de presentes tur\u00edsticos que procuram atrair interessados em recorda\u00e7\u00f5es do Caminho de Santiago, garantindo uma lembran\u00e7a acess\u00edvel e significativa para quem desfrutou desta experi\u00eancia \u00fanica. Como grossista de recorda\u00e7\u00f5es de qualidade, garantimos produtos que celebram a rica heran\u00e7a do Caminho.<\/p>\n","protected":false},"excerpt":{"rendered":"<p>Porta-chaves de madeira ilustrado com elementos ic\u00f3nicos do Caminho de Santiago. Este chamativo porta-chaves apresenta uma bota de caminhada, uma mochila vermelha e a concha, s\u00edmbolo do peregrino, juntamente com um sinal do caminho. Com cores vibrantes e um design atraente, esta recorda\u00e7\u00e3o captura a ess\u00eancia da aventura e do percurso hist\u00f3rico, sendo uma lembran\u00e7a perfeita para quem fez esta emblem\u00e1tica rota.<\/p>\n","protected":false},"featured_media":10803,"template":"","meta":{"_acf_changed":false},"product_brand":[],"product_cat":[611],"product_tag":[],"class_list":{"0":"post-33793","1":"product","2":"type-product","3":"status-publish","4":"has-post-thumbnail","6":"product_cat-porta-chaves","7":"pa_ciudad-santiago","8":"pa_pais-espana","10":"first","11":"instock","12":"shipping-taxable","13":"product-type-simple"},"acf":[],"_links":{"self":[{"href":"https:\/\/olemosaic.com\/pt-pt\/wp-json\/wp\/v2\/product\/33793","targetHints":{"allow":["GET"]}}],"collection":[{"href":"https:\/\/olemosaic.com\/pt-pt\/wp-json\/wp\/v2\/product"}],"about":[{"href":"https:\/\/olemosaic.com\/pt-pt\/wp-json\/wp\/v2\/types\/product"}],"wp:featuredmedia":[{"embeddable":true,"href":"https:\/\/olemosaic.com\/pt-pt\/wp-json\/wp\/v2\/media\/10803"}],"wp:attachment":[{"href":"https:\/\/olemosaic.com\/pt-pt\/wp-json\/wp\/v2\/media?parent=33793"}],"wp:term":[{"taxonomy":"product_brand","embeddable":true,"href":"https:\/\/olemosaic.com\/pt-pt\/wp-json\/wp\/v2\/product_brand?post=33793"},{"taxonomy":"product_cat","embeddable":true,"href":"https:\/\/olemosaic.com\/pt-pt\/wp-json\/wp\/v2\/product_cat?post=33793"},{"taxonomy":"product_tag","embeddable":true,"href":"https:\/\/olemosaic.com\/pt-pt\/wp-json\/wp\/v2\/product_tag?post=33793"}],"curies":[{"name":"wp","href":"https:\/\/api.w.org\/{rel}","templated":true}]}}