{"id":33791,"date":"2025-02-20T23:33:42","date_gmt":"2025-02-20T22:33:42","guid":{"rendered":"http:\/\/olemosaic.com\/producto\/llavero-de-madera-tortuga-2\/"},"modified":"2025-07-25T18:51:14","modified_gmt":"2025-07-25T16:51:14","slug":"porta-chaves-de-madeira-tartaruga-2","status":"publish","type":"product","link":"https:\/\/olemosaic.com\/pt-pt\/produto\/porta-chaves-de-madeira-tartaruga-2\/","title":{"rendered":"Porta-chaves de madeira. Tartaruga."},"content":{"rendered":"<p>Este porta-chaves de madeira com forma de tartaruga \u00e9 uma aut\u00eantica homenagem ao modernismo barcelon\u00eas, inspirado no famoso trencad\u00eds de Gaud\u00ed. A pe\u00e7a apresenta um acabamento pintado \u00e0 m\u00e3o com uma explos\u00e3o de cores vibrantes, onde o azul, o verde e o vermelho se entrela\u00e7am num design l\u00fadico que capta a ess\u00eancia da criatividade catal\u00e3. A tartaruga, s\u00edmbolo de longevidade e sabedoria, \u00e9 reinterpretada com um estilo contempor\u00e2neo, tornando-a um acess\u00f3rio ideal tanto para turistas como para amantes da cultura.<\/p>\n<p>Os intrincados detalhes do trencad\u00eds real\u00e7am o talento artesanal que caracteriza as lembran\u00e7as de Barcelona, oferecendo uma representa\u00e7\u00e3o \u00fanica e art\u00edstica desta cidade emblem\u00e1tica. Este porta-chaves n\u00e3o s\u00f3 \u00e9 funcional, como tamb\u00e9m serve como uma recorda\u00e7\u00e3o significativa da viagem, tornando-se uma pe\u00e7a de conversa que evoca as maravilhas da arquitetura de Gaud\u00ed.<\/p>\n<p>Na Ol\u00e9 Mosaic, orgulhamo-nos de oferecer porta-chaves de madeira aut\u00eanticos e originais que refletem a rica cultura espanhola. Este porta-chaves de tartaruga \u00e9 uma excelente op\u00e7\u00e3o para lojas de presentes tur\u00edsticos que procuram produtos de qualidade e relev\u00e2ncia cultural, tornando-o uma lembran\u00e7a de Barcelona perfeita que encantar\u00e1 quem a adquirir. Como grossistas de lembran\u00e7as, garantimos que cada artigo conta com o toque \u00fanico da autenticidade e o design caracter\u00edstico da regi\u00e3o.<\/p>\n","protected":false},"excerpt":{"rendered":"<p>Porta-chaves de madeira com forma de tartaruga, decorado com um colorido design inspirado no trencad\u00eds de Gaud\u00ed. Este apelativo porta-chaves apresenta um acabamento de design artesanal, pintado \u00e0 m\u00e3o, que combina tons vibrantes como o azul, o verde e o vermelho, criando uma representa\u00e7\u00e3o l\u00fadica e moderna da tartaruga. Perfeito como recorda\u00e7\u00e3o de Barcelona, este acess\u00f3rio pr\u00e1tico e art\u00edstico torna-se uma lembran\u00e7a \u00fanica da riqueza cultural espanhola.<\/p>\n","protected":false},"featured_media":10980,"template":"","meta":{"_acf_changed":false},"product_brand":[],"product_cat":[611],"product_tag":[516],"class_list":{"0":"post-33791","1":"product","2":"type-product","3":"status-publish","4":"has-post-thumbnail","6":"product_cat-porta-chaves","7":"product_tag-animais","8":"pa_motivo-tartarugas","10":"first","11":"instock","12":"shipping-taxable","13":"product-type-simple"},"acf":[],"_links":{"self":[{"href":"https:\/\/olemosaic.com\/pt-pt\/wp-json\/wp\/v2\/product\/33791","targetHints":{"allow":["GET"]}}],"collection":[{"href":"https:\/\/olemosaic.com\/pt-pt\/wp-json\/wp\/v2\/product"}],"about":[{"href":"https:\/\/olemosaic.com\/pt-pt\/wp-json\/wp\/v2\/types\/product"}],"wp:featuredmedia":[{"embeddable":true,"href":"https:\/\/olemosaic.com\/pt-pt\/wp-json\/wp\/v2\/media\/10980"}],"wp:attachment":[{"href":"https:\/\/olemosaic.com\/pt-pt\/wp-json\/wp\/v2\/media?parent=33791"}],"wp:term":[{"taxonomy":"product_brand","embeddable":true,"href":"https:\/\/olemosaic.com\/pt-pt\/wp-json\/wp\/v2\/product_brand?post=33791"},{"taxonomy":"product_cat","embeddable":true,"href":"https:\/\/olemosaic.com\/pt-pt\/wp-json\/wp\/v2\/product_cat?post=33791"},{"taxonomy":"product_tag","embeddable":true,"href":"https:\/\/olemosaic.com\/pt-pt\/wp-json\/wp\/v2\/product_tag?post=33791"}],"curies":[{"name":"wp","href":"https:\/\/api.w.org\/{rel}","templated":true}]}}