{"id":33790,"date":"2025-02-20T23:33:42","date_gmt":"2025-02-20T22:33:42","guid":{"rendered":"http:\/\/olemosaic.com\/producto\/llavero-de-madera-sardina-4\/"},"modified":"2025-07-25T18:38:57","modified_gmt":"2025-07-25T16:38:57","slug":"porta-chaves-de-madeira-sardinha-4","status":"publish","type":"product","link":"https:\/\/olemosaic.com\/pt-pt\/produto\/porta-chaves-de-madeira-sardinha-4\/","title":{"rendered":"Porta-chaves de madeira. Sardinha. Azul, amarelo e vermelho."},"content":{"rendered":"<p>Este porta-chaves de madeira com forma de sardinha \u00e9 uma recorda\u00e7\u00e3o encantadora que evoca a rica tradi\u00e7\u00e3o do litoral portugu\u00eas. O seu design vibrante inclui escamas numa gama de cores que v\u00e3o do azul ao amarelo e ao vermelho, o que n\u00e3o s\u00f3 confere um toque de alegria, como tamb\u00e9m reflete a ess\u00eancia do folclore costeiro de Portugal. A sardinha, \u00edcone da cultura portuguesa, est\u00e1 representada com uma cara simp\u00e1tica que lhe confere personalidade e car\u00e1cter, tornando-a um acess\u00f3rio divertido e leve. Com um acabamento suave e um toque agrad\u00e1vel, este porta-chaves \u00e9 pr\u00e1tico para levar as chaves, acrescentando um toque de alegria do patrim\u00f3nio mar\u00edtimo portugu\u00eas ao dia a dia. O seu peso leve torna-o uma op\u00e7\u00e3o ideal para quem procura um artigo f\u00e1cil de usar e transportar.<\/p>\n<p>Este porta-chaves n\u00e3o s\u00f3 \u00e9 um objeto pr\u00e1tico de uso di\u00e1rio, como tamb\u00e9m uma recorda\u00e7\u00e3o maravilhosa que capta o calor e a tradi\u00e7\u00e3o da costa portuguesa. Na Ol\u00e9 Mosaic, somos especialistas na distribui\u00e7\u00e3o de lembran\u00e7as por grosso, e este porta-chaves de sardinha \u00e9 uma excelente escolha para lojas de presentes tur\u00edsticos que procuram produtos aut\u00eanticos e representativos. Com o seu estilo apelativo e a sua liga\u00e7\u00e3o cultural, esta recorda\u00e7\u00e3o \u00e9 perfeita para turistas que desejam levar para casa um pedacinho de Portugal.<\/p>\n","protected":false},"excerpt":{"rendered":"<p>Porta-chaves de madeira com forma de sardinha, uma lembran\u00e7a colorida que evoca a tradi\u00e7\u00e3o do litoral portugu\u00eas. Este design divertido e vibrante apresenta escamas em tons azuis, amarelos e vermelhos, juntamente com uma cara simp\u00e1tica que lhe confere car\u00e1cter. Com um acabamento suave, este porta-chaves \u00e9 leve e pr\u00e1tico, ideal para levar as chaves com um toque alegre do folclore costeiro. Perfeito para os amantes de Portugal e da sua cultura mar\u00edtima.<\/p>\n","protected":false},"featured_media":10779,"template":"","meta":{"_acf_changed":false},"product_brand":[],"product_cat":[611],"product_tag":[516],"class_list":{"0":"post-33790","1":"product","2":"type-product","3":"status-publish","4":"has-post-thumbnail","6":"product_cat-porta-chaves","7":"product_tag-animais","8":"pa_motivo-sardinhas","9":"pa_pais-portugal","11":"first","12":"instock","13":"shipping-taxable","14":"product-type-simple"},"acf":[],"_links":{"self":[{"href":"https:\/\/olemosaic.com\/pt-pt\/wp-json\/wp\/v2\/product\/33790","targetHints":{"allow":["GET"]}}],"collection":[{"href":"https:\/\/olemosaic.com\/pt-pt\/wp-json\/wp\/v2\/product"}],"about":[{"href":"https:\/\/olemosaic.com\/pt-pt\/wp-json\/wp\/v2\/types\/product"}],"wp:featuredmedia":[{"embeddable":true,"href":"https:\/\/olemosaic.com\/pt-pt\/wp-json\/wp\/v2\/media\/10779"}],"wp:attachment":[{"href":"https:\/\/olemosaic.com\/pt-pt\/wp-json\/wp\/v2\/media?parent=33790"}],"wp:term":[{"taxonomy":"product_brand","embeddable":true,"href":"https:\/\/olemosaic.com\/pt-pt\/wp-json\/wp\/v2\/product_brand?post=33790"},{"taxonomy":"product_cat","embeddable":true,"href":"https:\/\/olemosaic.com\/pt-pt\/wp-json\/wp\/v2\/product_cat?post=33790"},{"taxonomy":"product_tag","embeddable":true,"href":"https:\/\/olemosaic.com\/pt-pt\/wp-json\/wp\/v2\/product_tag?post=33790"}],"curies":[{"name":"wp","href":"https:\/\/api.w.org\/{rel}","templated":true}]}}