{"id":33788,"date":"2025-02-20T23:33:42","date_gmt":"2025-02-20T22:33:42","guid":{"rendered":"http:\/\/olemosaic.com\/producto\/llavero-de-madera-sardina-2\/"},"modified":"2025-07-25T18:53:34","modified_gmt":"2025-07-25T16:53:34","slug":"porta-chaves-de-madeira-sardinha-2","status":"publish","type":"product","link":"https:\/\/olemosaic.com\/pt-pt\/produto\/porta-chaves-de-madeira-sardinha-2\/","title":{"rendered":"Porta-chaves de madeira. Sardinha. Mosaico."},"content":{"rendered":"<p>Este porta-chaves de madeira com forma de sardinha \u00e9 um aut\u00eantico s\u00edmbolo da cultura mediterr\u00e2nica, concebido para quem procura levar um peda\u00e7o de Espanha consigo. Com um acabamento vibrante que apresenta uma rica paleta de cores, combina tons brilhantes de vermelho, azul e amarelo, criando uma pe\u00e7a visual que evoca a frescura do mar e a tradi\u00e7\u00e3o piscat\u00f3ria das costas espanholas. A eleg\u00e2ncia das suas linhas fluidas e o intrincado design de mosaico acrescentam um toque art\u00edstico que o torna um acess\u00f3rio \u00fanico e divertido.<\/p>\n<p>Este porta-chaves n\u00e3o s\u00f3 \u00e9 funcional, como tamb\u00e9m \u00e9 uma recorda\u00e7\u00e3o interessante de Espanha, ideal para turistas que desejam rememorar a sua visita \u00e0 Pen\u00ednsula Ib\u00e9rica. A sardinha, um elemento ic\u00f3nico na gastronomia e cultura mediterr\u00e2nicas, representa a liga\u00e7\u00e3o vital entre as pessoas e o mar. Ao escolher este porta-chaves, adquire algo mais do que um simples acess\u00f3rio: leva consigo um peda\u00e7o da vibrante vida costeira e da tradi\u00e7\u00e3o art\u00edstica do local.<\/p>\n<p>Na Ol\u00e9 Mosaic, somos especialistas na distribui\u00e7\u00e3o de lembran\u00e7as por grosso, e este porta-chaves de sardinha \u00e9 uma op\u00e7\u00e3o perfeita para lojas de presentes tur\u00edsticos. Com o seu design aut\u00eantico e a sua relev\u00e2ncia cultural, \u00e9 um artigo que n\u00e3o s\u00f3 atrair\u00e1 os turistas, como tamb\u00e9m se destacar\u00e1 em qualquer montra como uma aut\u00eantica recorda\u00e7\u00e3o da rica heran\u00e7a de Espanha.<\/p>\n","protected":false},"excerpt":{"rendered":"<p>Porta-chaves de madeira com design de sardinha, inspirado na cultura mediterr\u00e2nica. Este original porta-chaves apresenta um acabamento colorido em forma de sardinha com motivos de mosaico numa variedade de tons brilhantes, como vermelho, azul e amarelo. O seu design elegante e divertido, com linhas fluidas, evoca a frescura do mar e a tradi\u00e7\u00e3o piscat\u00f3ria. Ideal como recorda\u00e7\u00e3o de Espanha, combina funcionalidade e arte num acess\u00f3rio \u00fanico.<\/p>\n","protected":false},"featured_media":10987,"template":"","meta":{"_acf_changed":false},"product_brand":[],"product_cat":[611],"product_tag":[516],"class_list":{"0":"post-33788","1":"product","2":"type-product","3":"status-publish","4":"has-post-thumbnail","6":"product_cat-porta-chaves","7":"product_tag-animais","8":"pa_motivo-sardinhas","10":"first","11":"instock","12":"shipping-taxable","13":"product-type-simple"},"acf":[],"_links":{"self":[{"href":"https:\/\/olemosaic.com\/pt-pt\/wp-json\/wp\/v2\/product\/33788","targetHints":{"allow":["GET"]}}],"collection":[{"href":"https:\/\/olemosaic.com\/pt-pt\/wp-json\/wp\/v2\/product"}],"about":[{"href":"https:\/\/olemosaic.com\/pt-pt\/wp-json\/wp\/v2\/types\/product"}],"wp:featuredmedia":[{"embeddable":true,"href":"https:\/\/olemosaic.com\/pt-pt\/wp-json\/wp\/v2\/media\/10987"}],"wp:attachment":[{"href":"https:\/\/olemosaic.com\/pt-pt\/wp-json\/wp\/v2\/media?parent=33788"}],"wp:term":[{"taxonomy":"product_brand","embeddable":true,"href":"https:\/\/olemosaic.com\/pt-pt\/wp-json\/wp\/v2\/product_brand?post=33788"},{"taxonomy":"product_cat","embeddable":true,"href":"https:\/\/olemosaic.com\/pt-pt\/wp-json\/wp\/v2\/product_cat?post=33788"},{"taxonomy":"product_tag","embeddable":true,"href":"https:\/\/olemosaic.com\/pt-pt\/wp-json\/wp\/v2\/product_tag?post=33788"}],"curies":[{"name":"wp","href":"https:\/\/api.w.org\/{rel}","templated":true}]}}