{"id":33784,"date":"2025-02-20T23:33:41","date_gmt":"2025-02-20T22:33:41","guid":{"rendered":"http:\/\/olemosaic.com\/producto\/llavero-de-madera-mariposa-3\/"},"modified":"2025-07-25T19:09:58","modified_gmt":"2025-07-25T17:09:58","slug":"porta-chaves-de-madeira-borboleta-3","status":"publish","type":"product","link":"https:\/\/olemosaic.com\/pt-pt\/produto\/porta-chaves-de-madeira-borboleta-3\/","title":{"rendered":"Porta-chaves de madeira. Borboleta. V\u00e1rias cores."},"content":{"rendered":"<p>Este porta-chaves de madeira em forma de borboleta \u00e9 uma pe\u00e7a vibrante e \u00fanica, inspirada na excecional arte do mosaico que caracteriza a rica cultura espanhola. Fabricado com uma aten\u00e7\u00e3o excecional ao detalhe, cada porta-chaves apresenta uma bela paleta de cores vivas, como vermelhos, azuis e amarelos, que evocam a beleza da natureza. As asas da borboleta est\u00e3o adornadas com intrincados padr\u00f5es geom\u00e9tricos, que capturam a ess\u00eancia do mosaico tradicional, tornando-o uma recorda\u00e7\u00e3o aut\u00eantica da heran\u00e7a art\u00edstica espanhola.<\/p>\n<p>Ideal como recorda\u00e7\u00e3o representativa, este porta-chaves n\u00e3o s\u00f3 cumpre uma fun\u00e7\u00e3o pr\u00e1tica para levar as chaves, como tamb\u00e9m se torna um acess\u00f3rio encantador e colorido que adiciona um toque de alegria ao dia a dia. O seu design \u00fanico e atraente torna-o um excelente presente para quem procura levar consigo um peda\u00e7o de Espanha.<\/p>\n<p>Na Ol\u00e9 Mosaic, orgulhamo-nos de oferecer recorda\u00e7\u00f5es de qualidade por grosso, e este porta-chaves de borboleta \u00e9 uma escolha de destaque para lojas de presentes tur\u00edsticos. Com a sua autenticidade e relev\u00e2ncia cultural, este porta-chaves de madeira \u00e9 uma op\u00e7\u00e3o ideal para turistas que desejam regressar com uma recorda\u00e7\u00e3o significativa da sua viagem. O nosso compromisso como grossistas de porta-chaves assegura que cada pe\u00e7a reflita o engenho e a tradi\u00e7\u00e3o da arte popular espanhola.<\/p>\n","protected":false},"excerpt":{"rendered":"<p>Porta-chaves de madeira em forma de borboleta, inspirado na vibrante arte do mosaico. Este porta-chaves colorido apresenta um design \u00fanico, com uma paleta de cores vivas que evoca a beleza da natureza, destacando nas suas asas padr\u00f5es geom\u00e9tricos em tons de vermelho, azul e amarelo. Ideal como recorda\u00e7\u00e3o representativa da arte popular, combina funcionalidade e est\u00e9tica, tornando-se um acess\u00f3rio encantador para levar as chaves com estilo.<\/p>\n","protected":false},"featured_media":10627,"template":"","meta":{"_acf_changed":false},"product_brand":[],"product_cat":[611],"product_tag":[516],"class_list":{"0":"post-33784","1":"product","2":"type-product","3":"status-publish","4":"has-post-thumbnail","6":"product_cat-porta-chaves","7":"product_tag-animais","8":"pa_motivo-borboletas","10":"first","11":"instock","12":"shipping-taxable","13":"product-type-simple"},"acf":[],"_links":{"self":[{"href":"https:\/\/olemosaic.com\/pt-pt\/wp-json\/wp\/v2\/product\/33784","targetHints":{"allow":["GET"]}}],"collection":[{"href":"https:\/\/olemosaic.com\/pt-pt\/wp-json\/wp\/v2\/product"}],"about":[{"href":"https:\/\/olemosaic.com\/pt-pt\/wp-json\/wp\/v2\/types\/product"}],"wp:featuredmedia":[{"embeddable":true,"href":"https:\/\/olemosaic.com\/pt-pt\/wp-json\/wp\/v2\/media\/10627"}],"wp:attachment":[{"href":"https:\/\/olemosaic.com\/pt-pt\/wp-json\/wp\/v2\/media?parent=33784"}],"wp:term":[{"taxonomy":"product_brand","embeddable":true,"href":"https:\/\/olemosaic.com\/pt-pt\/wp-json\/wp\/v2\/product_brand?post=33784"},{"taxonomy":"product_cat","embeddable":true,"href":"https:\/\/olemosaic.com\/pt-pt\/wp-json\/wp\/v2\/product_cat?post=33784"},{"taxonomy":"product_tag","embeddable":true,"href":"https:\/\/olemosaic.com\/pt-pt\/wp-json\/wp\/v2\/product_tag?post=33784"}],"curies":[{"name":"wp","href":"https:\/\/api.w.org\/{rel}","templated":true}]}}